{"id":407,"date":"2025-07-30T13:13:05","date_gmt":"2025-07-30T11:13:05","guid":{"rendered":"https:\/\/freygut.ch\/fiducie\/"},"modified":"2025-10-23T16:03:49","modified_gmt":"2025-10-23T14:03:49","slug":"fiducie","status":"publish","type":"page","link":"https:\/\/freygut.ch\/fr\/fiducie\/","title":{"rendered":"Entrepreneurs"},"content":{"rendered":"\t\t<div data-elementor-type=\"wp-page\" data-elementor-id=\"407\" class=\"elementor elementor-407 elementor-35\" data-elementor-post-type=\"page\">\n\t\t\t\t<div class=\"elementor-element elementor-element-fda969c e-con-full e-flex e-con e-parent\" data-id=\"fda969c\" data-element_type=\"container\" data-e-type=\"container\" data-settings=\"{&quot;background_background&quot;:&quot;classic&quot;}\">\n\t\t\t\t<\/div>\n\t\t<div class=\"elementor-element elementor-element-f6e4ae0 e-flex e-con-boxed e-con e-parent\" data-id=\"f6e4ae0\" data-element_type=\"container\" data-e-type=\"container\">\n\t\t\t\t\t<div class=\"e-con-inner\">\n\t\t\t\t<div class=\"elementor-element elementor-element-11a498d elementor-widget elementor-widget-heading\" data-id=\"11a498d\" data-element_type=\"widget\" data-e-type=\"widget\" data-widget_type=\"heading.default\">\n\t\t\t\t\t<h1 class=\"elementor-heading-title elementor-size-default\">ENTREPRENEUR FIDUCIAIRE <\/h1>\t\t\t\t<\/div>\n\t\t\t\t\t<\/div>\n\t\t\t\t<\/div>\n\t\t<div class=\"elementor-element elementor-element-9f6262a e-flex e-con-boxed e-con e-parent\" data-id=\"9f6262a\" data-element_type=\"container\" data-e-type=\"container\">\n\t\t\t\t\t<div class=\"e-con-inner\">\n\t\t\t\t\t<\/div>\n\t\t\t\t<\/div>\n\t\t<div class=\"elementor-element elementor-element-960f0d8 e-flex e-con-boxed e-con e-parent\" data-id=\"960f0d8\" data-element_type=\"container\" data-e-type=\"container\">\n\t\t\t\t\t<div class=\"e-con-inner\">\n\t\t\t\t<div class=\"elementor-element elementor-element-d693386 elementor-widget elementor-widget-heading\" data-id=\"d693386\" data-element_type=\"widget\" data-e-type=\"widget\" data-widget_type=\"heading.default\">\n\t\t\t\t\t<h3 class=\"elementor-heading-title elementor-size-default\">Repr\u00e9sentation d\u2019int\u00e9r\u00eats<\/h3>\t\t\t\t<\/div>\n\t\t\t\t\t<\/div>\n\t\t\t\t<\/div>\n\t\t<div class=\"elementor-element elementor-element-da1751f e-flex e-con-boxed e-con e-parent\" data-id=\"da1751f\" data-element_type=\"container\" data-e-type=\"container\">\n\t\t\t\t\t<div class=\"e-con-inner\">\n\t\t\t\t\t<\/div>\n\t\t\t\t<\/div>\n\t\t<div class=\"elementor-element elementor-element-404b3ba e-flex e-con-boxed e-con e-parent\" data-id=\"404b3ba\" data-element_type=\"container\" data-e-type=\"container\">\n\t\t\t\t\t<div class=\"e-con-inner\">\n\t\t\t\t<div class=\"elementor-element elementor-element-bcda25a elementor-widget elementor-widget-text-editor\" data-id=\"bcda25a\" data-element_type=\"widget\" data-e-type=\"widget\" data-widget_type=\"text-editor.default\">\n\t\t\t\t\t\t\t\t\t<p>J\u2019assiste les entreprises, les particuliers et les institutions dans la planification, l\u2019\u00e9tablissement et la gestion d\u2019une succursale commerciale, d\u2019une implantation familiale ou d\u2019une simple repr\u00e9sentation en Suisse et je peux notamment vous fournir les services suivants:<\/p>\t\t\t\t\t\t\t\t<\/div>\n\t\t\t\t<div class=\"elementor-element elementor-element-e391321 elementor-widget elementor-widget-text-editor\" data-id=\"e391321\" data-element_type=\"widget\" data-e-type=\"widget\" data-widget_type=\"text-editor.default\">\n\t\t\t\t\t\t\t\t\t<ul><li>Choix du site<\/li><li>Cr\u00e9ation d&rsquo;entreprise<\/li><li>Services bancaires<\/li><li>Obtention d\u2019autorisations et de licences<\/li><li>Repr\u00e9sentation devant les autorit\u00e9s, les services publics et les tiers<\/li><li>Relations publiques, lobbying et marketing<\/li><\/ul>\t\t\t\t\t\t\t\t<\/div>\n\t\t\t\t<div class=\"elementor-element elementor-element-2b75875 elementor-widget elementor-widget-spacer\" data-id=\"2b75875\" data-element_type=\"widget\" data-e-type=\"widget\" data-widget_type=\"spacer.default\">\n\t\t\t\t\t\t\t<div class=\"elementor-spacer\">\n\t\t\t<div class=\"elementor-spacer-inner\"><\/div>\n\t\t<\/div>\n\t\t\t\t\t\t<\/div>\n\t\t\t\t<div class=\"elementor-element elementor-element-1e1d5b1 elementor-widget elementor-widget-text-editor\" data-id=\"1e1d5b1\" data-element_type=\"widget\" data-e-type=\"widget\" data-widget_type=\"text-editor.default\">\n\t\t\t\t\t\t\t\t\t<p>Dans le cadre d\u2019un premier entretien sans engagement, je r\u00e9pondrai volontiers \u00e0 vos questions sur la mani\u00e8re dont je peux vous aider au mieux \u00e0 mettre en \u0153uvre votre strat\u00e9gie de site suisse.<\/p>\t\t\t\t\t\t\t\t<\/div>\n\t\t\t\t\t<\/div>\n\t\t\t\t<\/div>\n\t\t<div class=\"elementor-element elementor-element-ab948a9 e-flex e-con-boxed e-con e-parent\" data-id=\"ab948a9\" data-element_type=\"container\" data-e-type=\"container\">\n\t\t\t\t\t<div class=\"e-con-inner\">\n\t\t\t\t\t<\/div>\n\t\t\t\t<\/div>\n\t\t<div class=\"elementor-element elementor-element-19ec373 e-flex e-con-boxed e-con e-parent\" data-id=\"19ec373\" data-element_type=\"container\" data-e-type=\"container\">\n\t\t\t\t\t<div class=\"e-con-inner\">\n\t\t\t\t<div class=\"elementor-element elementor-element-c273050 elementor-widget elementor-widget-heading\" data-id=\"c273050\" data-element_type=\"widget\" data-e-type=\"widget\" data-widget_type=\"heading.default\">\n\t\t\t\t\t<h3 class=\"elementor-heading-title elementor-size-default\">Bureau des entrepreneurs<\/h3>\t\t\t\t<\/div>\n\t\t\t\t\t<\/div>\n\t\t\t\t<\/div>\n\t\t<div class=\"elementor-element elementor-element-67e6f77 e-flex e-con-boxed e-con e-parent\" data-id=\"67e6f77\" data-element_type=\"container\" data-e-type=\"container\">\n\t\t\t\t\t<div class=\"e-con-inner\">\n\t\t\t\t\t<\/div>\n\t\t\t\t<\/div>\n\t\t<div class=\"elementor-element elementor-element-f485134 e-flex e-con-boxed e-con e-parent\" data-id=\"f485134\" data-element_type=\"container\" data-e-type=\"container\">\n\t\t\t\t\t<div class=\"e-con-inner\">\n\t\t\t\t<div class=\"elementor-element elementor-element-2a9caa9 elementor-widget elementor-widget-text-editor\" data-id=\"2a9caa9\" data-element_type=\"widget\" data-e-type=\"widget\" data-widget_type=\"text-editor.default\">\n\t\t\t\t\t\t\t\t\tVous n\u2019avez pas besoin d\u2019un conseiller, mais de la certitude que vos directives seront mises en \u0153uvre de mani\u00e8re cibl\u00e9e et en temps voulu, et qu\u2019elles produiront les r\u00e9sultats souhait\u00e9s. En fonction de la situation de d\u00e9part et de vos exigences, je vous soutiens dans le cadre d\u2019une gestion de projet int\u00e9rimaire ou en tant que CFO fractionn\u00e9 jusqu\u2019\u00e0 ce que vous atteigniez vos objectifs avec pr\u00e9cision. Selon la nature de votre projet, un mod\u00e8le d\u2019honoraires bas\u00e9 sur le succ\u00e8s est envisageable et bienvenu.\t\t\t\t\t\t\t\t<\/div>\n\t\t\t\t\t<\/div>\n\t\t\t\t<\/div>\n\t\t<div class=\"elementor-element elementor-element-2f7329a e-flex e-con-boxed e-con e-parent\" data-id=\"2f7329a\" data-element_type=\"container\" data-e-type=\"container\">\n\t\t\t\t\t<div class=\"e-con-inner\">\n\t\t\t\t\t<\/div>\n\t\t\t\t<\/div>\n\t\t\t\t<\/div>\n\t\t","protected":false},"excerpt":{"rendered":"<p>ENTREPRENEUR FIDUCIAIRE Repr\u00e9sentation d\u2019int\u00e9r\u00eats J\u2019assiste les entreprises, les particuliers et les institutions dans la planification, l\u2019\u00e9tablissement et la gestion d\u2019une succursale commerciale, d\u2019une implantation familiale ou d\u2019une simple repr\u00e9sentation en Suisse et je peux notamment vous fournir les services suivants: Choix du site Cr\u00e9ation d&rsquo;entreprise Services bancaires Obtention d\u2019autorisations et de licences Repr\u00e9sentation devant les [&hellip;]<\/p>\n","protected":false},"author":1,"featured_media":0,"parent":0,"menu_order":0,"comment_status":"closed","ping_status":"closed","template":"","meta":{"footnotes":""},"class_list":["post-407","page","type-page","status-publish","hentry"],"yoast_head":"<!-- This site is optimized with the Yoast SEO plugin v27.4 - https:\/\/yoast.com\/product\/yoast-seo-wordpress\/ -->\n<title>Entrepreneur Fiduciaire Suisse \u2013 Conseil en implantation &amp; Repr\u00e9sentation | FREYGUT<\/title>\n<meta name=\"description\" content=\"FREYGUT FIDUCIARY propose des services fiduciaires pour entrepreneurs en Suisse : choix de l&#039;emplacement, cr\u00e9ation, services bancaires, repr\u00e9sentation aupr\u00e8s des autorit\u00e9s et conseil strat\u00e9gique.\" \/>\n<meta name=\"robots\" content=\"index, follow, max-snippet:-1, max-image-preview:large, max-video-preview:-1\" \/>\n<link rel=\"canonical\" href=\"https:\/\/freygut.ch\/fr\/fiducie\/\" \/>\n<script type=\"application\/ld+json\" class=\"yoast-schema-graph\">{\"@context\":\"https:\\\/\\\/schema.org\",\"@graph\":[{\"@type\":\"WebPage\",\"@id\":\"https:\\\/\\\/freygut.ch\\\/fr\\\/fiducie\\\/\",\"url\":\"https:\\\/\\\/freygut.ch\\\/fr\\\/fiducie\\\/\",\"name\":\"Entrepreneur Fiduciaire Suisse \u2013 Conseil en implantation & Repr\u00e9sentation | FREYGUT\",\"isPartOf\":{\"@id\":\"https:\\\/\\\/freygut.ch\\\/fr\\\/#website\"},\"datePublished\":\"2025-07-30T11:13:05+00:00\",\"dateModified\":\"2025-10-23T14:03:49+00:00\",\"description\":\"FREYGUT FIDUCIARY propose des services fiduciaires pour entrepreneurs en Suisse : choix de l'emplacement, cr\u00e9ation, services bancaires, repr\u00e9sentation aupr\u00e8s des autorit\u00e9s et conseil strat\u00e9gique.\",\"breadcrumb\":{\"@id\":\"https:\\\/\\\/freygut.ch\\\/fr\\\/fiducie\\\/#breadcrumb\"},\"inLanguage\":\"fr-FR\",\"potentialAction\":[{\"@type\":\"ReadAction\",\"target\":[\"https:\\\/\\\/freygut.ch\\\/fr\\\/fiducie\\\/\"]}]},{\"@type\":\"BreadcrumbList\",\"@id\":\"https:\\\/\\\/freygut.ch\\\/fr\\\/fiducie\\\/#breadcrumb\",\"itemListElement\":[{\"@type\":\"ListItem\",\"position\":1,\"name\":\"Startseite\",\"item\":\"https:\\\/\\\/freygut.ch\\\/fr\\\/\"},{\"@type\":\"ListItem\",\"position\":2,\"name\":\"Entrepreneurs\"}]},{\"@type\":\"WebSite\",\"@id\":\"https:\\\/\\\/freygut.ch\\\/fr\\\/#website\",\"url\":\"https:\\\/\\\/freygut.ch\\\/fr\\\/\",\"name\":\"freygut.ch\",\"description\":\"FREYGUT ACCOUNTING \u2013 Digitale Buchhaltung, Forensik &amp; Transaktionsberatung aus Z\u00fcrich. Ihr Schweizer Partner f\u00fcr Buchhaltung, Forensik, Transaktionen und Treuhand \u2013 100\u202f% digital, 100\u202f% diskret, 100\u202f% verl\u00e4sslich.\",\"publisher\":{\"@id\":\"https:\\\/\\\/freygut.ch\\\/fr\\\/#organization\"},\"potentialAction\":[{\"@type\":\"SearchAction\",\"target\":{\"@type\":\"EntryPoint\",\"urlTemplate\":\"https:\\\/\\\/freygut.ch\\\/fr\\\/?s={search_term_string}\"},\"query-input\":{\"@type\":\"PropertyValueSpecification\",\"valueRequired\":true,\"valueName\":\"search_term_string\"}}],\"inLanguage\":\"fr-FR\"},{\"@type\":\"Organization\",\"@id\":\"https:\\\/\\\/freygut.ch\\\/fr\\\/#organization\",\"name\":\"freygut.ch\",\"url\":\"https:\\\/\\\/freygut.ch\\\/fr\\\/\",\"logo\":{\"@type\":\"ImageObject\",\"inLanguage\":\"fr-FR\",\"@id\":\"https:\\\/\\\/freygut.ch\\\/fr\\\/#\\\/schema\\\/logo\\\/image\\\/\",\"url\":\"https:\\\/\\\/freygut.ch\\\/wp-content\\\/uploads\\\/2025\\\/07\\\/FRY_Logo-FRY-ACC-e1753882146163.png\",\"contentUrl\":\"https:\\\/\\\/freygut.ch\\\/wp-content\\\/uploads\\\/2025\\\/07\\\/FRY_Logo-FRY-ACC-e1753882146163.png\",\"width\":1766,\"height\":163,\"caption\":\"freygut.ch\"},\"image\":{\"@id\":\"https:\\\/\\\/freygut.ch\\\/fr\\\/#\\\/schema\\\/logo\\\/image\\\/\"}}]}<\/script>\n<!-- \/ Yoast SEO plugin. -->","yoast_head_json":{"title":"Entrepreneur Fiduciaire Suisse \u2013 Conseil en implantation & Repr\u00e9sentation | FREYGUT","description":"FREYGUT FIDUCIARY propose des services fiduciaires pour entrepreneurs en Suisse : choix de l'emplacement, cr\u00e9ation, services bancaires, repr\u00e9sentation aupr\u00e8s des autorit\u00e9s et conseil strat\u00e9gique.","robots":{"index":"index","follow":"follow","max-snippet":"max-snippet:-1","max-image-preview":"max-image-preview:large","max-video-preview":"max-video-preview:-1"},"canonical":"https:\/\/freygut.ch\/fr\/fiducie\/","schema":{"@context":"https:\/\/schema.org","@graph":[{"@type":"WebPage","@id":"https:\/\/freygut.ch\/fr\/fiducie\/","url":"https:\/\/freygut.ch\/fr\/fiducie\/","name":"Entrepreneur Fiduciaire Suisse \u2013 Conseil en implantation & Repr\u00e9sentation | FREYGUT","isPartOf":{"@id":"https:\/\/freygut.ch\/fr\/#website"},"datePublished":"2025-07-30T11:13:05+00:00","dateModified":"2025-10-23T14:03:49+00:00","description":"FREYGUT FIDUCIARY propose des services fiduciaires pour entrepreneurs en Suisse : choix de l'emplacement, cr\u00e9ation, services bancaires, repr\u00e9sentation aupr\u00e8s des autorit\u00e9s et conseil strat\u00e9gique.","breadcrumb":{"@id":"https:\/\/freygut.ch\/fr\/fiducie\/#breadcrumb"},"inLanguage":"fr-FR","potentialAction":[{"@type":"ReadAction","target":["https:\/\/freygut.ch\/fr\/fiducie\/"]}]},{"@type":"BreadcrumbList","@id":"https:\/\/freygut.ch\/fr\/fiducie\/#breadcrumb","itemListElement":[{"@type":"ListItem","position":1,"name":"Startseite","item":"https:\/\/freygut.ch\/fr\/"},{"@type":"ListItem","position":2,"name":"Entrepreneurs"}]},{"@type":"WebSite","@id":"https:\/\/freygut.ch\/fr\/#website","url":"https:\/\/freygut.ch\/fr\/","name":"freygut.ch","description":"FREYGUT ACCOUNTING \u2013 Digitale Buchhaltung, Forensik &amp; Transaktionsberatung aus Z\u00fcrich. Ihr Schweizer Partner f\u00fcr Buchhaltung, Forensik, Transaktionen und Treuhand \u2013 100\u202f% digital, 100\u202f% diskret, 100\u202f% verl\u00e4sslich.","publisher":{"@id":"https:\/\/freygut.ch\/fr\/#organization"},"potentialAction":[{"@type":"SearchAction","target":{"@type":"EntryPoint","urlTemplate":"https:\/\/freygut.ch\/fr\/?s={search_term_string}"},"query-input":{"@type":"PropertyValueSpecification","valueRequired":true,"valueName":"search_term_string"}}],"inLanguage":"fr-FR"},{"@type":"Organization","@id":"https:\/\/freygut.ch\/fr\/#organization","name":"freygut.ch","url":"https:\/\/freygut.ch\/fr\/","logo":{"@type":"ImageObject","inLanguage":"fr-FR","@id":"https:\/\/freygut.ch\/fr\/#\/schema\/logo\/image\/","url":"https:\/\/freygut.ch\/wp-content\/uploads\/2025\/07\/FRY_Logo-FRY-ACC-e1753882146163.png","contentUrl":"https:\/\/freygut.ch\/wp-content\/uploads\/2025\/07\/FRY_Logo-FRY-ACC-e1753882146163.png","width":1766,"height":163,"caption":"freygut.ch"},"image":{"@id":"https:\/\/freygut.ch\/fr\/#\/schema\/logo\/image\/"}}]}},"_links":{"self":[{"href":"https:\/\/freygut.ch\/fr\/wp-json\/wp\/v2\/pages\/407","targetHints":{"allow":["GET"]}}],"collection":[{"href":"https:\/\/freygut.ch\/fr\/wp-json\/wp\/v2\/pages"}],"about":[{"href":"https:\/\/freygut.ch\/fr\/wp-json\/wp\/v2\/types\/page"}],"author":[{"embeddable":true,"href":"https:\/\/freygut.ch\/fr\/wp-json\/wp\/v2\/users\/1"}],"replies":[{"embeddable":true,"href":"https:\/\/freygut.ch\/fr\/wp-json\/wp\/v2\/comments?post=407"}],"version-history":[{"count":12,"href":"https:\/\/freygut.ch\/fr\/wp-json\/wp\/v2\/pages\/407\/revisions"}],"predecessor-version":[{"id":1791,"href":"https:\/\/freygut.ch\/fr\/wp-json\/wp\/v2\/pages\/407\/revisions\/1791"}],"wp:attachment":[{"href":"https:\/\/freygut.ch\/fr\/wp-json\/wp\/v2\/media?parent=407"}],"curies":[{"name":"wp","href":"https:\/\/api.w.org\/{rel}","templated":true}]}}