{"id":401,"date":"2025-07-30T13:12:59","date_gmt":"2025-07-30T11:12:59","guid":{"rendered":"https:\/\/freygut.ch\/transactions\/"},"modified":"2025-10-24T19:38:19","modified_gmt":"2025-10-24T17:38:19","slug":"transactions","status":"publish","type":"page","link":"https:\/\/freygut.ch\/fr\/transactions\/","title":{"rendered":"Transactions"},"content":{"rendered":"\t\t<div data-elementor-type=\"wp-page\" data-elementor-id=\"401\" class=\"elementor elementor-401 elementor-33\" data-elementor-post-type=\"page\">\n\t\t\t\t<div class=\"elementor-element elementor-element-37561f8 e-con-full e-flex e-con e-parent\" data-id=\"37561f8\" data-element_type=\"container\" data-e-type=\"container\" data-settings=\"{&quot;background_background&quot;:&quot;classic&quot;}\">\n\t\t\t\t<\/div>\n\t\t<div class=\"elementor-element elementor-element-a19c4ca e-flex e-con-boxed e-con e-parent\" data-id=\"a19c4ca\" data-element_type=\"container\" data-e-type=\"container\">\n\t\t\t\t\t<div class=\"e-con-inner\">\n\t\t\t\t<div class=\"elementor-element elementor-element-36ffd83 elementor-widget elementor-widget-heading\" data-id=\"36ffd83\" data-element_type=\"widget\" data-e-type=\"widget\" data-widget_type=\"heading.default\">\n\t\t\t\t\t<h2 class=\"elementor-heading-title elementor-size-default\">Transactions<\/h2>\t\t\t\t<\/div>\n\t\t\t\t\t<\/div>\n\t\t\t\t<\/div>\n\t\t<div class=\"elementor-element elementor-element-f00a75f e-flex e-con-boxed e-con e-parent\" data-id=\"f00a75f\" data-element_type=\"container\" data-e-type=\"container\">\n\t\t\t\t\t<div class=\"e-con-inner\">\n\t\t\t\t\t<\/div>\n\t\t\t\t<\/div>\n\t\t<div class=\"elementor-element elementor-element-8f86606 e-flex e-con-boxed e-con e-parent\" data-id=\"8f86606\" data-element_type=\"container\" data-e-type=\"container\">\n\t\t\t\t\t<div class=\"e-con-inner\">\n\t\t\t\t<div class=\"elementor-element elementor-element-4b45092 elementor-widget elementor-widget-text-editor\" data-id=\"4b45092\" data-element_type=\"widget\" data-e-type=\"widget\" data-widget_type=\"text-editor.default\">\n\t\t\t\t\t\t\t\t\t<p>La r\u00e9ussite durable d\u2019une transaction d\u2019entreprise, de financement ou immobili\u00e8re d\u00e9pend en grande partie d\u2019une pr\u00e9paration d\u00e9taill\u00e9e, d\u2019une \u00e9valuation compr\u00e9hensible et d\u2019une documentation attrayante.<\/p><p>En collaboration avec des experts en droit, en fiscalit\u00e9 et en investissement, je vous aide \u00e0 planifier, \u00e0 structurer et \u00e0 r\u00e9aliser vos projets de transaction et de financement, tels que l\u2019achat ou la vente d\u2019une entreprise ou son financement, qui prennent g\u00e9n\u00e9ralement beaucoup de temps et dont le contenu est exigeant.<\/p><p>Un r\u00e9seau d\u00e9velopp\u00e9 et stable d\u2019investisseurs, d\u2019entreprises et de d\u00e9cideurs permet d\u2019identifier rapidement et d\u2019aborder directement des cibles de transactions ou des partenaires financiers potentiels.<\/p>\t\t\t\t\t\t\t\t<\/div>\n\t\t\t\t\t<\/div>\n\t\t\t\t<\/div>\n\t\t<div class=\"elementor-element elementor-element-993a792 e-flex e-con-boxed e-con e-parent\" data-id=\"993a792\" data-element_type=\"container\" data-e-type=\"container\">\n\t\t\t\t\t<div class=\"e-con-inner\">\n\t\t\t\t\t<\/div>\n\t\t\t\t<\/div>\n\t\t\t\t<\/div>\n\t\t","protected":false},"excerpt":{"rendered":"<p>Transactions La r\u00e9ussite durable d\u2019une transaction d\u2019entreprise, de financement ou immobili\u00e8re d\u00e9pend en grande partie d\u2019une pr\u00e9paration d\u00e9taill\u00e9e, d\u2019une \u00e9valuation compr\u00e9hensible et d\u2019une documentation attrayante. En collaboration avec des experts en droit, en fiscalit\u00e9 et en investissement, je vous aide \u00e0 planifier, \u00e0 structurer et \u00e0 r\u00e9aliser vos projets de transaction et de financement, tels [&hellip;]<\/p>\n","protected":false},"author":1,"featured_media":0,"parent":0,"menu_order":0,"comment_status":"closed","ping_status":"closed","template":"","meta":{"footnotes":""},"class_list":["post-401","page","type-page","status-publish","hentry"],"yoast_head":"<!-- This site is optimized with the Yoast SEO plugin v27.4 - https:\/\/yoast.com\/product\/yoast-seo-wordpress\/ -->\n<title>Transactions d&#039;entreprise Suisse \u2013 Conseil &amp; Financement | FREYGUT Corporate Finance<\/title>\n<meta name=\"description\" content=\"FREYGUT Corporate Finance conseille sur les transactions d&#039;entreprise en Suisse \u2013 de l&#039;\u00e9valuation au financement avec des experts exp\u00e9riment\u00e9s et un r\u00e9seau solide.\" \/>\n<meta name=\"robots\" content=\"index, follow, max-snippet:-1, max-image-preview:large, max-video-preview:-1\" \/>\n<link rel=\"canonical\" href=\"https:\/\/freygut.ch\/fr\/transactions\/\" \/>\n<script type=\"application\/ld+json\" class=\"yoast-schema-graph\">{\"@context\":\"https:\\\/\\\/schema.org\",\"@graph\":[{\"@type\":\"WebPage\",\"@id\":\"https:\\\/\\\/freygut.ch\\\/fr\\\/transactions\\\/\",\"url\":\"https:\\\/\\\/freygut.ch\\\/fr\\\/transactions\\\/\",\"name\":\"Transactions d'entreprise Suisse \u2013 Conseil & Financement | FREYGUT Corporate Finance\",\"isPartOf\":{\"@id\":\"https:\\\/\\\/freygut.ch\\\/fr\\\/#website\"},\"datePublished\":\"2025-07-30T11:12:59+00:00\",\"dateModified\":\"2025-10-24T17:38:19+00:00\",\"description\":\"FREYGUT Corporate Finance conseille sur les transactions d'entreprise en Suisse \u2013 de l'\u00e9valuation au financement avec des experts exp\u00e9riment\u00e9s et un r\u00e9seau solide.\",\"breadcrumb\":{\"@id\":\"https:\\\/\\\/freygut.ch\\\/fr\\\/transactions\\\/#breadcrumb\"},\"inLanguage\":\"fr-FR\",\"potentialAction\":[{\"@type\":\"ReadAction\",\"target\":[\"https:\\\/\\\/freygut.ch\\\/fr\\\/transactions\\\/\"]}]},{\"@type\":\"BreadcrumbList\",\"@id\":\"https:\\\/\\\/freygut.ch\\\/fr\\\/transactions\\\/#breadcrumb\",\"itemListElement\":[{\"@type\":\"ListItem\",\"position\":1,\"name\":\"Startseite\",\"item\":\"https:\\\/\\\/freygut.ch\\\/fr\\\/\"},{\"@type\":\"ListItem\",\"position\":2,\"name\":\"Transactions\"}]},{\"@type\":\"WebSite\",\"@id\":\"https:\\\/\\\/freygut.ch\\\/fr\\\/#website\",\"url\":\"https:\\\/\\\/freygut.ch\\\/fr\\\/\",\"name\":\"freygut.ch\",\"description\":\"FREYGUT ACCOUNTING \u2013 Digitale Buchhaltung, Forensik &amp; Transaktionsberatung aus Z\u00fcrich. Ihr Schweizer Partner f\u00fcr Buchhaltung, Forensik, Transaktionen und Treuhand \u2013 100\u202f% digital, 100\u202f% diskret, 100\u202f% verl\u00e4sslich.\",\"publisher\":{\"@id\":\"https:\\\/\\\/freygut.ch\\\/fr\\\/#organization\"},\"potentialAction\":[{\"@type\":\"SearchAction\",\"target\":{\"@type\":\"EntryPoint\",\"urlTemplate\":\"https:\\\/\\\/freygut.ch\\\/fr\\\/?s={search_term_string}\"},\"query-input\":{\"@type\":\"PropertyValueSpecification\",\"valueRequired\":true,\"valueName\":\"search_term_string\"}}],\"inLanguage\":\"fr-FR\"},{\"@type\":\"Organization\",\"@id\":\"https:\\\/\\\/freygut.ch\\\/fr\\\/#organization\",\"name\":\"freygut.ch\",\"url\":\"https:\\\/\\\/freygut.ch\\\/fr\\\/\",\"logo\":{\"@type\":\"ImageObject\",\"inLanguage\":\"fr-FR\",\"@id\":\"https:\\\/\\\/freygut.ch\\\/fr\\\/#\\\/schema\\\/logo\\\/image\\\/\",\"url\":\"https:\\\/\\\/freygut.ch\\\/wp-content\\\/uploads\\\/2025\\\/07\\\/FRY_Logo-FRY-ACC-e1753882146163.png\",\"contentUrl\":\"https:\\\/\\\/freygut.ch\\\/wp-content\\\/uploads\\\/2025\\\/07\\\/FRY_Logo-FRY-ACC-e1753882146163.png\",\"width\":1766,\"height\":163,\"caption\":\"freygut.ch\"},\"image\":{\"@id\":\"https:\\\/\\\/freygut.ch\\\/fr\\\/#\\\/schema\\\/logo\\\/image\\\/\"}}]}<\/script>\n<!-- \/ Yoast SEO plugin. -->","yoast_head_json":{"title":"Transactions d'entreprise Suisse \u2013 Conseil & Financement | FREYGUT Corporate Finance","description":"FREYGUT Corporate Finance conseille sur les transactions d'entreprise en Suisse \u2013 de l'\u00e9valuation au financement avec des experts exp\u00e9riment\u00e9s et un r\u00e9seau solide.","robots":{"index":"index","follow":"follow","max-snippet":"max-snippet:-1","max-image-preview":"max-image-preview:large","max-video-preview":"max-video-preview:-1"},"canonical":"https:\/\/freygut.ch\/fr\/transactions\/","schema":{"@context":"https:\/\/schema.org","@graph":[{"@type":"WebPage","@id":"https:\/\/freygut.ch\/fr\/transactions\/","url":"https:\/\/freygut.ch\/fr\/transactions\/","name":"Transactions d'entreprise Suisse \u2013 Conseil & Financement | FREYGUT Corporate Finance","isPartOf":{"@id":"https:\/\/freygut.ch\/fr\/#website"},"datePublished":"2025-07-30T11:12:59+00:00","dateModified":"2025-10-24T17:38:19+00:00","description":"FREYGUT Corporate Finance conseille sur les transactions d'entreprise en Suisse \u2013 de l'\u00e9valuation au financement avec des experts exp\u00e9riment\u00e9s et un r\u00e9seau solide.","breadcrumb":{"@id":"https:\/\/freygut.ch\/fr\/transactions\/#breadcrumb"},"inLanguage":"fr-FR","potentialAction":[{"@type":"ReadAction","target":["https:\/\/freygut.ch\/fr\/transactions\/"]}]},{"@type":"BreadcrumbList","@id":"https:\/\/freygut.ch\/fr\/transactions\/#breadcrumb","itemListElement":[{"@type":"ListItem","position":1,"name":"Startseite","item":"https:\/\/freygut.ch\/fr\/"},{"@type":"ListItem","position":2,"name":"Transactions"}]},{"@type":"WebSite","@id":"https:\/\/freygut.ch\/fr\/#website","url":"https:\/\/freygut.ch\/fr\/","name":"freygut.ch","description":"FREYGUT ACCOUNTING \u2013 Digitale Buchhaltung, Forensik &amp; Transaktionsberatung aus Z\u00fcrich. Ihr Schweizer Partner f\u00fcr Buchhaltung, Forensik, Transaktionen und Treuhand \u2013 100\u202f% digital, 100\u202f% diskret, 100\u202f% verl\u00e4sslich.","publisher":{"@id":"https:\/\/freygut.ch\/fr\/#organization"},"potentialAction":[{"@type":"SearchAction","target":{"@type":"EntryPoint","urlTemplate":"https:\/\/freygut.ch\/fr\/?s={search_term_string}"},"query-input":{"@type":"PropertyValueSpecification","valueRequired":true,"valueName":"search_term_string"}}],"inLanguage":"fr-FR"},{"@type":"Organization","@id":"https:\/\/freygut.ch\/fr\/#organization","name":"freygut.ch","url":"https:\/\/freygut.ch\/fr\/","logo":{"@type":"ImageObject","inLanguage":"fr-FR","@id":"https:\/\/freygut.ch\/fr\/#\/schema\/logo\/image\/","url":"https:\/\/freygut.ch\/wp-content\/uploads\/2025\/07\/FRY_Logo-FRY-ACC-e1753882146163.png","contentUrl":"https:\/\/freygut.ch\/wp-content\/uploads\/2025\/07\/FRY_Logo-FRY-ACC-e1753882146163.png","width":1766,"height":163,"caption":"freygut.ch"},"image":{"@id":"https:\/\/freygut.ch\/fr\/#\/schema\/logo\/image\/"}}]}},"_links":{"self":[{"href":"https:\/\/freygut.ch\/fr\/wp-json\/wp\/v2\/pages\/401","targetHints":{"allow":["GET"]}}],"collection":[{"href":"https:\/\/freygut.ch\/fr\/wp-json\/wp\/v2\/pages"}],"about":[{"href":"https:\/\/freygut.ch\/fr\/wp-json\/wp\/v2\/types\/page"}],"author":[{"embeddable":true,"href":"https:\/\/freygut.ch\/fr\/wp-json\/wp\/v2\/users\/1"}],"replies":[{"embeddable":true,"href":"https:\/\/freygut.ch\/fr\/wp-json\/wp\/v2\/comments?post=401"}],"version-history":[{"count":8,"href":"https:\/\/freygut.ch\/fr\/wp-json\/wp\/v2\/pages\/401\/revisions"}],"predecessor-version":[{"id":1916,"href":"https:\/\/freygut.ch\/fr\/wp-json\/wp\/v2\/pages\/401\/revisions\/1916"}],"wp:attachment":[{"href":"https:\/\/freygut.ch\/fr\/wp-json\/wp\/v2\/media?parent=401"}],"curies":[{"name":"wp","href":"https:\/\/api.w.org\/{rel}","templated":true}]}}