{"id":395,"date":"2025-08-11T10:55:12","date_gmt":"2025-08-11T08:55:12","guid":{"rendered":"https:\/\/freygut.ch\/opportunites\/"},"modified":"2026-03-10T17:33:27","modified_gmt":"2026-03-10T16:33:27","slug":"opportunites","status":"publish","type":"page","link":"https:\/\/freygut.ch\/fr\/opportunites\/","title":{"rendered":"Opportunit\u00e9s"},"content":{"rendered":"\t\t<div data-elementor-type=\"wp-page\" data-elementor-id=\"395\" class=\"elementor elementor-395 elementor-353\" data-elementor-post-type=\"page\">\n\t\t\t\t<div class=\"elementor-element elementor-element-4e40e22 e-con-full e-flex e-con e-parent\" data-id=\"4e40e22\" data-element_type=\"container\" data-e-type=\"container\" data-settings=\"{&quot;background_background&quot;:&quot;classic&quot;}\">\n\t\t\t\t<\/div>\n\t\t<div class=\"elementor-element elementor-element-4b2b8fb e-flex e-con-boxed e-con e-parent\" data-id=\"4b2b8fb\" data-element_type=\"container\" data-e-type=\"container\">\n\t\t\t\t\t<div class=\"e-con-inner\">\n\t\t\t\t<div class=\"elementor-element elementor-element-e01c8dd elementor-widget elementor-widget-heading\" data-id=\"e01c8dd\" data-element_type=\"widget\" data-e-type=\"widget\" data-widget_type=\"heading.default\">\n\t\t\t\t\t<h1 class=\"elementor-heading-title elementor-size-default\">OPPORTUNIT\u00c9S<\/h1>\t\t\t\t<\/div>\n\t\t\t\t\t<\/div>\n\t\t\t\t<\/div>\n\t\t<div class=\"elementor-element elementor-element-d5ab55e e-flex e-con-boxed e-con e-parent\" data-id=\"d5ab55e\" data-element_type=\"container\" data-e-type=\"container\">\n\t\t\t\t\t<div class=\"e-con-inner\">\n\t\t\t\t\t<\/div>\n\t\t\t\t<\/div>\n\t\t<div class=\"elementor-element elementor-element-e16bc60 e-flex e-con-boxed e-con e-parent\" data-id=\"e16bc60\" data-element_type=\"container\" data-e-type=\"container\">\n\t\t\t\t\t<div class=\"e-con-inner\">\n\t\t\t\t<div class=\"elementor-element elementor-element-a5b09f6 elementor-widget elementor-widget-text-editor\" data-id=\"a5b09f6\" data-element_type=\"widget\" data-e-type=\"widget\" data-widget_type=\"text-editor.default\">\n\t\t\t\t\t\t\t\t\t<p>Vous envisagez d\u2019acheter ou de vendre une entreprise ou vous souhaitez vous informer sans engagement sur les possibilit\u00e9s de financement d\u2019un projet pr\u00e9vu.<\/p><p>FREYGUT CORPORATE FINANCE entretient des \u00e9changes r\u00e9guliers avec les acteurs du march\u00e9 concern\u00e9s et les partenaires de transaction potentiels et conna\u00eet ainsi souvent les opportunit\u00e9s bien avant qu\u2019elles ne deviennent visibles.<\/p><p>Sur demande, je vous enverrai volontiers une Aper\u00e7u des demandes d\u2019investissement et des offres de vente actuelles.<\/p>\t\t\t\t\t\t\t\t<\/div>\n\t\t\t\t\t<\/div>\n\t\t\t\t<\/div>\n\t\t<div class=\"elementor-element elementor-element-53a4ba9 e-flex e-con-boxed e-con e-parent\" data-id=\"53a4ba9\" data-element_type=\"container\" data-e-type=\"container\">\n\t\t\t\t\t<div class=\"e-con-inner\">\n\t\t\t\t\t<\/div>\n\t\t\t\t<\/div>\n\t\t\t\t<\/div>\n\t\t","protected":false},"excerpt":{"rendered":"<p>OPPORTUNIT\u00c9S Vous envisagez d\u2019acheter ou de vendre une entreprise ou vous souhaitez vous informer sans engagement sur les possibilit\u00e9s de financement d\u2019un projet pr\u00e9vu. FREYGUT CORPORATE FINANCE entretient des \u00e9changes r\u00e9guliers avec les acteurs du march\u00e9 concern\u00e9s et les partenaires de transaction potentiels et conna\u00eet ainsi souvent les opportunit\u00e9s bien avant qu\u2019elles ne deviennent visibles. [&hellip;]<\/p>\n","protected":false},"author":1,"featured_media":0,"parent":0,"menu_order":0,"comment_status":"closed","ping_status":"closed","template":"","meta":{"footnotes":""},"class_list":["post-395","page","type-page","status-publish","hentry"],"yoast_head":"<!-- This site is optimized with the Yoast SEO plugin v27.4 - https:\/\/yoast.com\/product\/yoast-seo-wordpress\/ -->\n<title>Achat d&#039;entreprise &amp; financement Suisse \u2013 FREYGUT Corporate Finance<\/title>\n<meta name=\"description\" content=\"FREYGUT Corporate Finance propose des conseils en mati\u00e8re d&#039;achat, de vente et de financement d&#039;entreprises en Suisse \u2013 avec acc\u00e8s \u00e0 des opportunit\u00e9s de march\u00e9 exclusives.\" \/>\n<meta name=\"robots\" content=\"index, follow, max-snippet:-1, max-image-preview:large, max-video-preview:-1\" \/>\n<link rel=\"canonical\" href=\"https:\/\/freygut.ch\/fr\/opportunites\/\" \/>\n<script type=\"application\/ld+json\" class=\"yoast-schema-graph\">{\"@context\":\"https:\\\/\\\/schema.org\",\"@graph\":[{\"@type\":\"WebPage\",\"@id\":\"https:\\\/\\\/freygut.ch\\\/fr\\\/opportunites\\\/\",\"url\":\"https:\\\/\\\/freygut.ch\\\/fr\\\/opportunites\\\/\",\"name\":\"Achat d'entreprise & financement Suisse \u2013 FREYGUT Corporate Finance\",\"isPartOf\":{\"@id\":\"https:\\\/\\\/freygut.ch\\\/fr\\\/#website\"},\"datePublished\":\"2025-08-11T08:55:12+00:00\",\"dateModified\":\"2026-03-10T16:33:27+00:00\",\"description\":\"FREYGUT Corporate Finance propose des conseils en mati\u00e8re d'achat, de vente et de financement d'entreprises en Suisse \u2013 avec acc\u00e8s \u00e0 des opportunit\u00e9s de march\u00e9 exclusives.\",\"breadcrumb\":{\"@id\":\"https:\\\/\\\/freygut.ch\\\/fr\\\/opportunites\\\/#breadcrumb\"},\"inLanguage\":\"fr-FR\",\"potentialAction\":[{\"@type\":\"ReadAction\",\"target\":[\"https:\\\/\\\/freygut.ch\\\/fr\\\/opportunites\\\/\"]}]},{\"@type\":\"BreadcrumbList\",\"@id\":\"https:\\\/\\\/freygut.ch\\\/fr\\\/opportunites\\\/#breadcrumb\",\"itemListElement\":[{\"@type\":\"ListItem\",\"position\":1,\"name\":\"Startseite\",\"item\":\"https:\\\/\\\/freygut.ch\\\/fr\\\/\"},{\"@type\":\"ListItem\",\"position\":2,\"name\":\"Opportunit\u00e9s\"}]},{\"@type\":\"WebSite\",\"@id\":\"https:\\\/\\\/freygut.ch\\\/fr\\\/#website\",\"url\":\"https:\\\/\\\/freygut.ch\\\/fr\\\/\",\"name\":\"freygut.ch\",\"description\":\"FREYGUT ACCOUNTING \u2013 Digitale Buchhaltung, Forensik &amp; Transaktionsberatung aus Z\u00fcrich. Ihr Schweizer Partner f\u00fcr Buchhaltung, Forensik, Transaktionen und Treuhand \u2013 100\u202f% digital, 100\u202f% diskret, 100\u202f% verl\u00e4sslich.\",\"publisher\":{\"@id\":\"https:\\\/\\\/freygut.ch\\\/fr\\\/#organization\"},\"potentialAction\":[{\"@type\":\"SearchAction\",\"target\":{\"@type\":\"EntryPoint\",\"urlTemplate\":\"https:\\\/\\\/freygut.ch\\\/fr\\\/?s={search_term_string}\"},\"query-input\":{\"@type\":\"PropertyValueSpecification\",\"valueRequired\":true,\"valueName\":\"search_term_string\"}}],\"inLanguage\":\"fr-FR\"},{\"@type\":\"Organization\",\"@id\":\"https:\\\/\\\/freygut.ch\\\/fr\\\/#organization\",\"name\":\"freygut.ch\",\"url\":\"https:\\\/\\\/freygut.ch\\\/fr\\\/\",\"logo\":{\"@type\":\"ImageObject\",\"inLanguage\":\"fr-FR\",\"@id\":\"https:\\\/\\\/freygut.ch\\\/fr\\\/#\\\/schema\\\/logo\\\/image\\\/\",\"url\":\"https:\\\/\\\/freygut.ch\\\/wp-content\\\/uploads\\\/2025\\\/07\\\/FRY_Logo-FRY-ACC-e1753882146163.png\",\"contentUrl\":\"https:\\\/\\\/freygut.ch\\\/wp-content\\\/uploads\\\/2025\\\/07\\\/FRY_Logo-FRY-ACC-e1753882146163.png\",\"width\":1766,\"height\":163,\"caption\":\"freygut.ch\"},\"image\":{\"@id\":\"https:\\\/\\\/freygut.ch\\\/fr\\\/#\\\/schema\\\/logo\\\/image\\\/\"}}]}<\/script>\n<!-- \/ Yoast SEO plugin. -->","yoast_head_json":{"title":"Achat d'entreprise & financement Suisse \u2013 FREYGUT Corporate Finance","description":"FREYGUT Corporate Finance propose des conseils en mati\u00e8re d'achat, de vente et de financement d'entreprises en Suisse \u2013 avec acc\u00e8s \u00e0 des opportunit\u00e9s de march\u00e9 exclusives.","robots":{"index":"index","follow":"follow","max-snippet":"max-snippet:-1","max-image-preview":"max-image-preview:large","max-video-preview":"max-video-preview:-1"},"canonical":"https:\/\/freygut.ch\/fr\/opportunites\/","schema":{"@context":"https:\/\/schema.org","@graph":[{"@type":"WebPage","@id":"https:\/\/freygut.ch\/fr\/opportunites\/","url":"https:\/\/freygut.ch\/fr\/opportunites\/","name":"Achat d'entreprise & financement Suisse \u2013 FREYGUT Corporate Finance","isPartOf":{"@id":"https:\/\/freygut.ch\/fr\/#website"},"datePublished":"2025-08-11T08:55:12+00:00","dateModified":"2026-03-10T16:33:27+00:00","description":"FREYGUT Corporate Finance propose des conseils en mati\u00e8re d'achat, de vente et de financement d'entreprises en Suisse \u2013 avec acc\u00e8s \u00e0 des opportunit\u00e9s de march\u00e9 exclusives.","breadcrumb":{"@id":"https:\/\/freygut.ch\/fr\/opportunites\/#breadcrumb"},"inLanguage":"fr-FR","potentialAction":[{"@type":"ReadAction","target":["https:\/\/freygut.ch\/fr\/opportunites\/"]}]},{"@type":"BreadcrumbList","@id":"https:\/\/freygut.ch\/fr\/opportunites\/#breadcrumb","itemListElement":[{"@type":"ListItem","position":1,"name":"Startseite","item":"https:\/\/freygut.ch\/fr\/"},{"@type":"ListItem","position":2,"name":"Opportunit\u00e9s"}]},{"@type":"WebSite","@id":"https:\/\/freygut.ch\/fr\/#website","url":"https:\/\/freygut.ch\/fr\/","name":"freygut.ch","description":"FREYGUT ACCOUNTING \u2013 Digitale Buchhaltung, Forensik &amp; Transaktionsberatung aus Z\u00fcrich. Ihr Schweizer Partner f\u00fcr Buchhaltung, Forensik, Transaktionen und Treuhand \u2013 100\u202f% digital, 100\u202f% diskret, 100\u202f% verl\u00e4sslich.","publisher":{"@id":"https:\/\/freygut.ch\/fr\/#organization"},"potentialAction":[{"@type":"SearchAction","target":{"@type":"EntryPoint","urlTemplate":"https:\/\/freygut.ch\/fr\/?s={search_term_string}"},"query-input":{"@type":"PropertyValueSpecification","valueRequired":true,"valueName":"search_term_string"}}],"inLanguage":"fr-FR"},{"@type":"Organization","@id":"https:\/\/freygut.ch\/fr\/#organization","name":"freygut.ch","url":"https:\/\/freygut.ch\/fr\/","logo":{"@type":"ImageObject","inLanguage":"fr-FR","@id":"https:\/\/freygut.ch\/fr\/#\/schema\/logo\/image\/","url":"https:\/\/freygut.ch\/wp-content\/uploads\/2025\/07\/FRY_Logo-FRY-ACC-e1753882146163.png","contentUrl":"https:\/\/freygut.ch\/wp-content\/uploads\/2025\/07\/FRY_Logo-FRY-ACC-e1753882146163.png","width":1766,"height":163,"caption":"freygut.ch"},"image":{"@id":"https:\/\/freygut.ch\/fr\/#\/schema\/logo\/image\/"}}]}},"_links":{"self":[{"href":"https:\/\/freygut.ch\/fr\/wp-json\/wp\/v2\/pages\/395","targetHints":{"allow":["GET"]}}],"collection":[{"href":"https:\/\/freygut.ch\/fr\/wp-json\/wp\/v2\/pages"}],"about":[{"href":"https:\/\/freygut.ch\/fr\/wp-json\/wp\/v2\/types\/page"}],"author":[{"embeddable":true,"href":"https:\/\/freygut.ch\/fr\/wp-json\/wp\/v2\/users\/1"}],"replies":[{"embeddable":true,"href":"https:\/\/freygut.ch\/fr\/wp-json\/wp\/v2\/comments?post=395"}],"version-history":[{"count":11,"href":"https:\/\/freygut.ch\/fr\/wp-json\/wp\/v2\/pages\/395\/revisions"}],"predecessor-version":[{"id":1910,"href":"https:\/\/freygut.ch\/fr\/wp-json\/wp\/v2\/pages\/395\/revisions\/1910"}],"wp:attachment":[{"href":"https:\/\/freygut.ch\/fr\/wp-json\/wp\/v2\/media?parent=395"}],"curies":[{"name":"wp","href":"https:\/\/api.w.org\/{rel}","templated":true}]}}