{"id":389,"date":"2025-07-30T13:12:33","date_gmt":"2025-07-30T11:12:33","guid":{"rendered":"https:\/\/freygut.ch\/comptabilite\/"},"modified":"2025-10-23T16:02:39","modified_gmt":"2025-10-23T14:02:39","slug":"comptabilite","status":"publish","type":"page","link":"https:\/\/freygut.ch\/fr\/comptabilite\/","title":{"rendered":"Comptabilit\u00e9"},"content":{"rendered":"\t\t<div data-elementor-type=\"wp-page\" data-elementor-id=\"389\" class=\"elementor elementor-389 elementor-29\" data-elementor-post-type=\"page\">\n\t\t\t\t<div class=\"elementor-element elementor-element-f8edb4d e-flex e-con-boxed e-con e-parent\" data-id=\"f8edb4d\" data-element_type=\"container\" data-e-type=\"container\" data-settings=\"{&quot;background_background&quot;:&quot;classic&quot;}\">\n\t\t\t\t\t<div class=\"e-con-inner\">\n\t\t\t\t\t<\/div>\n\t\t\t\t<\/div>\n\t\t<div class=\"elementor-element elementor-element-663ea1c e-flex e-con-boxed e-con e-parent\" data-id=\"663ea1c\" data-element_type=\"container\" data-e-type=\"container\">\n\t\t\t\t\t<div class=\"e-con-inner\">\n\t\t\t\t<div class=\"elementor-element elementor-element-efa7f14 elementor-widget elementor-widget-heading\" data-id=\"efa7f14\" data-element_type=\"widget\" data-e-type=\"widget\" data-widget_type=\"heading.default\">\n\t\t\t\t\t<h1 class=\"elementor-heading-title elementor-size-default\">Comptabilit\u00e9<\/h1>\t\t\t\t<\/div>\n\t\t\t\t\t<\/div>\n\t\t\t\t<\/div>\n\t\t<div class=\"elementor-element elementor-element-7698a40 e-flex e-con-boxed e-con e-parent\" data-id=\"7698a40\" data-element_type=\"container\" data-e-type=\"container\">\n\t\t\t\t\t<div class=\"e-con-inner\">\n\t\t\t\t\t<\/div>\n\t\t\t\t<\/div>\n\t\t<div class=\"elementor-element elementor-element-ebe8ecb e-flex e-con-boxed e-con e-parent\" data-id=\"ebe8ecb\" data-element_type=\"container\" data-e-type=\"container\">\n\t\t\t\t\t<div class=\"e-con-inner\">\n\t\t\t\t<div class=\"elementor-element elementor-element-c07721b elementor-widget elementor-widget-heading\" data-id=\"c07721b\" data-element_type=\"widget\" data-e-type=\"widget\" data-widget_type=\"heading.default\">\n\t\t\t\t\t<h3 class=\"elementor-heading-title elementor-size-default\">Comptabilit\u00e9 tout inclus<\/h3>\t\t\t\t<\/div>\n\t\t\t\t\t<\/div>\n\t\t\t\t<\/div>\n\t\t<div class=\"elementor-element elementor-element-bfdcea3 e-flex e-con-boxed e-con e-parent\" data-id=\"bfdcea3\" data-element_type=\"container\" data-e-type=\"container\">\n\t\t\t\t\t<div class=\"e-con-inner\">\n\t\t\t\t<div class=\"elementor-element elementor-element-8bb3d0b elementor-widget elementor-widget-text-editor\" data-id=\"8bb3d0b\" data-element_type=\"widget\" data-e-type=\"widget\" data-widget_type=\"text-editor.default\">\n\t\t\t\t\t\t\t\t\t<p>Je g\u00e8re votre comptabilit\u00e9 dans un syst\u00e8me tout inclus, de la mise en place jusqu\u2019\u00e0 la cl\u00f4ture annuelle et interm\u00e9diaire, et j\u2019effectue pour vous toutes les d\u00e9clarations l\u00e9gales aupr\u00e8s des autorit\u00e9s, telles que<\/p>\t\t\t\t\t\t\t\t<\/div>\n\t\t\t\t\t<\/div>\n\t\t\t\t<\/div>\n\t\t<div class=\"elementor-element elementor-element-e75e957 e-flex e-con-boxed e-con e-parent\" data-id=\"e75e957\" data-element_type=\"container\" data-e-type=\"container\">\n\t\t\t\t\t<div class=\"e-con-inner\">\n\t\t\t\t<div class=\"elementor-element elementor-element-2dc8db2 elementor-widget elementor-widget-text-editor\" data-id=\"2dc8db2\" data-element_type=\"widget\" data-e-type=\"widget\" data-widget_type=\"text-editor.default\">\n\t\t\t\t\t\t\t\t\t<ul><li>D\u00e9claration de TVA<\/li><li>D\u00e9compte de l&rsquo;imp\u00f4t \u00e0 la source<\/li><li>SVA-Abrechnung de l\u2019imp\u00f4t sur le b\u00e9n\u00e9fice et de l\u2019imp\u00f4t anticip\u00e9<\/li><li>D\u00e9claration d&rsquo;imp\u00f4t sur les gains et les compensations<\/li><\/ul>\t\t\t\t\t\t\t\t<\/div>\n\t\t\t\t<div class=\"elementor-element elementor-element-9950b8f elementor-widget elementor-widget-spacer\" data-id=\"9950b8f\" data-element_type=\"widget\" data-e-type=\"widget\" data-widget_type=\"spacer.default\">\n\t\t\t\t\t\t\t<div class=\"elementor-spacer\">\n\t\t\t<div class=\"elementor-spacer-inner\"><\/div>\n\t\t<\/div>\n\t\t\t\t\t\t<\/div>\n\t\t\t\t\t<\/div>\n\t\t\t\t<\/div>\n\t\t<div class=\"elementor-element elementor-element-e732009 e-flex e-con-boxed e-con e-parent\" data-id=\"e732009\" data-element_type=\"container\" data-e-type=\"container\">\n\t\t\t\t\t<div class=\"e-con-inner\">\n\t\t\t\t<div class=\"elementor-element elementor-element-185f155 elementor-widget elementor-widget-heading\" data-id=\"185f155\" data-element_type=\"widget\" data-e-type=\"widget\" data-widget_type=\"heading.default\">\n\t\t\t\t\t<h3 class=\"elementor-heading-title elementor-size-default\">Gestion des documents 100 % num\u00e9rique<\/h3>\t\t\t\t<\/div>\n\t\t\t\t\t<\/div>\n\t\t\t\t<\/div>\n\t\t<div class=\"elementor-element elementor-element-bc3a1f4 e-flex e-con-boxed e-con e-parent\" data-id=\"bc3a1f4\" data-element_type=\"container\" data-e-type=\"container\">\n\t\t\t\t\t<div class=\"e-con-inner\">\n\t\t\t\t<div class=\"elementor-element elementor-element-fb7c504 elementor-widget elementor-widget-text-editor\" data-id=\"fb7c504\" data-element_type=\"widget\" data-e-type=\"widget\" data-widget_type=\"text-editor.default\">\n\t\t\t\t\t\t\t\t\t<p>La collecte, le classement et la conservation sans faille des justificatifs (factures, re\u00e7us, etc.) prennent du temps et co\u00fbtent cher, mais il s\u2019agit d\u2019une disposition l\u00e9gale importante qui ne doit pas \u00eatre sous-estim\u00e9e, comme le montrent r\u00e9guli\u00e8rement les r\u00e9visions fiscales ou les litiges relatifs \u00e0 l\u2019ex\u00e9cution des contrats.<\/p>\t\t\t\t\t\t\t\t<\/div>\n\t\t\t\t<div class=\"elementor-element elementor-element-5f92f8e elementor-widget elementor-widget-text-editor\" data-id=\"5f92f8e\" data-element_type=\"widget\" data-e-type=\"widget\" data-widget_type=\"text-editor.default\">\n\t\t\t\t\t\t\t\t\t<p>Avec le syst\u00e8me cloud de FREYGUT ACCOUNTING, vous pouvez saisir (scanner) tous vos justificatifs \u00e0 tout moment et en toute d\u00e9contraction avec votre smartphone et les t\u00e9l\u00e9charger dans le cloud de votre propre mandant. Je m\u2019occupe de l\u2019\u00e9valuation, de la comptabilisation et de l\u2019archivage de vos justificatifs et, si vous le souhaitez, je g\u00e8re \u00e9galement votre gestion documentaire sous forme physique.<\/p>\t\t\t\t\t\t\t\t<\/div>\n\t\t\t\t\t<\/div>\n\t\t\t\t<\/div>\n\t\t<div class=\"elementor-element elementor-element-1763a8b e-flex e-con-boxed e-con e-parent\" data-id=\"1763a8b\" data-element_type=\"container\" data-e-type=\"container\">\n\t\t\t\t\t<div class=\"e-con-inner\">\n\t\t\t\t<div class=\"elementor-element elementor-element-3c661aa elementor-widget elementor-widget-heading\" data-id=\"3c661aa\" data-element_type=\"widget\" data-e-type=\"widget\" data-widget_type=\"heading.default\">\n\t\t\t\t\t<h3 class=\"elementor-heading-title elementor-size-default\">Calcul des prix et gestion des co\u00fbts<\/h3>\t\t\t\t<\/div>\n\t\t\t\t\t<\/div>\n\t\t\t\t<\/div>\n\t\t<div class=\"elementor-element elementor-element-6f4d7b8 e-flex e-con-boxed e-con e-parent\" data-id=\"6f4d7b8\" data-element_type=\"container\" data-e-type=\"container\">\n\t\t\t\t\t<div class=\"e-con-inner\">\n\t\t\t\t<div class=\"elementor-element elementor-element-fa2baf1 elementor-widget elementor-widget-text-editor\" data-id=\"fa2baf1\" data-element_type=\"widget\" data-e-type=\"widget\" data-widget_type=\"text-editor.default\">\n\t\t\t\t\t\t\t\t\t<p>La fixation des prix auxquels vous souhaitez proposer vos produits et\/ou services sur le march\u00e9 est l\u2019une des questions entrepreneuriales les plus importantes et les plus exigeantes auxquelles vous devez r\u00e9pondre et que vous devez v\u00e9rifier r\u00e9guli\u00e8rement.<\/p>\t\t\t\t\t\t\t\t<\/div>\n\t\t\t\t<div class=\"elementor-element elementor-element-e938ce9 elementor-widget elementor-widget-text-editor\" data-id=\"e938ce9\" data-element_type=\"widget\" data-e-type=\"widget\" data-widget_type=\"text-editor.default\">\n\t\t\t\t\t\t\t\t\t<p>Si vous le souhaitez, je vous soutiens et vous conseille sur les questions relatives \u00e0 la fixation des prix de vos produits ou de vos services et j\u2019\u00e9tablis pour vous les analyses de co\u00fbts et de march\u00e9 n\u00e9cessaires ainsi que, sur cette base, les approches possibles en mati\u00e8re de fixation des prix.<\/p>\t\t\t\t\t\t\t\t<\/div>\n\t\t\t\t\t<\/div>\n\t\t\t\t<\/div>\n\t\t<div class=\"elementor-element elementor-element-6d4a3bc e-flex e-con-boxed e-con e-parent\" data-id=\"6d4a3bc\" data-element_type=\"container\" data-e-type=\"container\">\n\t\t\t\t\t<div class=\"e-con-inner\">\n\t\t\t\t\t<\/div>\n\t\t\t\t<\/div>\n\t\t\t\t<\/div>\n\t\t","protected":false},"excerpt":{"rendered":"<p>Comptabilit\u00e9 Comptabilit\u00e9 tout inclus Je g\u00e8re votre comptabilit\u00e9 dans un syst\u00e8me tout inclus, de la mise en place jusqu\u2019\u00e0 la cl\u00f4ture annuelle et interm\u00e9diaire, et j\u2019effectue pour vous toutes les d\u00e9clarations l\u00e9gales aupr\u00e8s des autorit\u00e9s, telles que D\u00e9claration de TVA D\u00e9compte de l&rsquo;imp\u00f4t \u00e0 la source SVA-Abrechnung de l\u2019imp\u00f4t sur le b\u00e9n\u00e9fice et de l\u2019imp\u00f4t [&hellip;]<\/p>\n","protected":false},"author":1,"featured_media":0,"parent":0,"menu_order":0,"comment_status":"closed","ping_status":"closed","template":"","meta":{"footnotes":""},"class_list":["post-389","page","type-page","status-publish","hentry"],"yoast_head":"<!-- This site is optimized with the Yoast SEO plugin v27.4 - https:\/\/yoast.com\/product\/yoast-seo-wordpress\/ -->\n<title>Comptabilit\u00e9 tout compris Suisse \u2013 Services de comptabilit\u00e9 num\u00e9rique | FREYGUT<\/title>\n<meta name=\"description\" content=\"FREYGUT ACCOUNTING propose une comptabilit\u00e9 tout compris en Suisse \u2013 de la TVA \u00e0 la cl\u00f4ture annuelle 100 % num\u00e9rique, efficace et conforme \u00e0 la loi\" \/>\n<meta name=\"robots\" content=\"index, follow, max-snippet:-1, max-image-preview:large, max-video-preview:-1\" \/>\n<link rel=\"canonical\" href=\"https:\/\/freygut.ch\/fr\/comptabilite\/\" \/>\n<script type=\"application\/ld+json\" class=\"yoast-schema-graph\">{\"@context\":\"https:\\\/\\\/schema.org\",\"@graph\":[{\"@type\":\"WebPage\",\"@id\":\"https:\\\/\\\/freygut.ch\\\/fr\\\/comptabilite\\\/\",\"url\":\"https:\\\/\\\/freygut.ch\\\/fr\\\/comptabilite\\\/\",\"name\":\"Comptabilit\u00e9 tout compris Suisse \u2013 Services de comptabilit\u00e9 num\u00e9rique | FREYGUT\",\"isPartOf\":{\"@id\":\"https:\\\/\\\/freygut.ch\\\/fr\\\/#website\"},\"datePublished\":\"2025-07-30T11:12:33+00:00\",\"dateModified\":\"2025-10-23T14:02:39+00:00\",\"description\":\"FREYGUT ACCOUNTING propose une comptabilit\u00e9 tout compris en Suisse \u2013 de la TVA \u00e0 la cl\u00f4ture annuelle 100 % num\u00e9rique, efficace et conforme \u00e0 la loi\",\"breadcrumb\":{\"@id\":\"https:\\\/\\\/freygut.ch\\\/fr\\\/comptabilite\\\/#breadcrumb\"},\"inLanguage\":\"fr-FR\",\"potentialAction\":[{\"@type\":\"ReadAction\",\"target\":[\"https:\\\/\\\/freygut.ch\\\/fr\\\/comptabilite\\\/\"]}]},{\"@type\":\"BreadcrumbList\",\"@id\":\"https:\\\/\\\/freygut.ch\\\/fr\\\/comptabilite\\\/#breadcrumb\",\"itemListElement\":[{\"@type\":\"ListItem\",\"position\":1,\"name\":\"Startseite\",\"item\":\"https:\\\/\\\/freygut.ch\\\/fr\\\/\"},{\"@type\":\"ListItem\",\"position\":2,\"name\":\"Comptabilit\u00e9\"}]},{\"@type\":\"WebSite\",\"@id\":\"https:\\\/\\\/freygut.ch\\\/fr\\\/#website\",\"url\":\"https:\\\/\\\/freygut.ch\\\/fr\\\/\",\"name\":\"freygut.ch\",\"description\":\"FREYGUT ACCOUNTING \u2013 Digitale Buchhaltung, Forensik &amp; Transaktionsberatung aus Z\u00fcrich. Ihr Schweizer Partner f\u00fcr Buchhaltung, Forensik, Transaktionen und Treuhand \u2013 100\u202f% digital, 100\u202f% diskret, 100\u202f% verl\u00e4sslich.\",\"publisher\":{\"@id\":\"https:\\\/\\\/freygut.ch\\\/fr\\\/#organization\"},\"potentialAction\":[{\"@type\":\"SearchAction\",\"target\":{\"@type\":\"EntryPoint\",\"urlTemplate\":\"https:\\\/\\\/freygut.ch\\\/fr\\\/?s={search_term_string}\"},\"query-input\":{\"@type\":\"PropertyValueSpecification\",\"valueRequired\":true,\"valueName\":\"search_term_string\"}}],\"inLanguage\":\"fr-FR\"},{\"@type\":\"Organization\",\"@id\":\"https:\\\/\\\/freygut.ch\\\/fr\\\/#organization\",\"name\":\"freygut.ch\",\"url\":\"https:\\\/\\\/freygut.ch\\\/fr\\\/\",\"logo\":{\"@type\":\"ImageObject\",\"inLanguage\":\"fr-FR\",\"@id\":\"https:\\\/\\\/freygut.ch\\\/fr\\\/#\\\/schema\\\/logo\\\/image\\\/\",\"url\":\"https:\\\/\\\/freygut.ch\\\/wp-content\\\/uploads\\\/2025\\\/07\\\/FRY_Logo-FRY-ACC-e1753882146163.png\",\"contentUrl\":\"https:\\\/\\\/freygut.ch\\\/wp-content\\\/uploads\\\/2025\\\/07\\\/FRY_Logo-FRY-ACC-e1753882146163.png\",\"width\":1766,\"height\":163,\"caption\":\"freygut.ch\"},\"image\":{\"@id\":\"https:\\\/\\\/freygut.ch\\\/fr\\\/#\\\/schema\\\/logo\\\/image\\\/\"}}]}<\/script>\n<!-- \/ Yoast SEO plugin. -->","yoast_head_json":{"title":"Comptabilit\u00e9 tout compris Suisse \u2013 Services de comptabilit\u00e9 num\u00e9rique | FREYGUT","description":"FREYGUT ACCOUNTING propose une comptabilit\u00e9 tout compris en Suisse \u2013 de la TVA \u00e0 la cl\u00f4ture annuelle 100 % num\u00e9rique, efficace et conforme \u00e0 la loi","robots":{"index":"index","follow":"follow","max-snippet":"max-snippet:-1","max-image-preview":"max-image-preview:large","max-video-preview":"max-video-preview:-1"},"canonical":"https:\/\/freygut.ch\/fr\/comptabilite\/","schema":{"@context":"https:\/\/schema.org","@graph":[{"@type":"WebPage","@id":"https:\/\/freygut.ch\/fr\/comptabilite\/","url":"https:\/\/freygut.ch\/fr\/comptabilite\/","name":"Comptabilit\u00e9 tout compris Suisse \u2013 Services de comptabilit\u00e9 num\u00e9rique | FREYGUT","isPartOf":{"@id":"https:\/\/freygut.ch\/fr\/#website"},"datePublished":"2025-07-30T11:12:33+00:00","dateModified":"2025-10-23T14:02:39+00:00","description":"FREYGUT ACCOUNTING propose une comptabilit\u00e9 tout compris en Suisse \u2013 de la TVA \u00e0 la cl\u00f4ture annuelle 100 % num\u00e9rique, efficace et conforme \u00e0 la loi","breadcrumb":{"@id":"https:\/\/freygut.ch\/fr\/comptabilite\/#breadcrumb"},"inLanguage":"fr-FR","potentialAction":[{"@type":"ReadAction","target":["https:\/\/freygut.ch\/fr\/comptabilite\/"]}]},{"@type":"BreadcrumbList","@id":"https:\/\/freygut.ch\/fr\/comptabilite\/#breadcrumb","itemListElement":[{"@type":"ListItem","position":1,"name":"Startseite","item":"https:\/\/freygut.ch\/fr\/"},{"@type":"ListItem","position":2,"name":"Comptabilit\u00e9"}]},{"@type":"WebSite","@id":"https:\/\/freygut.ch\/fr\/#website","url":"https:\/\/freygut.ch\/fr\/","name":"freygut.ch","description":"FREYGUT ACCOUNTING \u2013 Digitale Buchhaltung, Forensik &amp; Transaktionsberatung aus Z\u00fcrich. Ihr Schweizer Partner f\u00fcr Buchhaltung, Forensik, Transaktionen und Treuhand \u2013 100\u202f% digital, 100\u202f% diskret, 100\u202f% verl\u00e4sslich.","publisher":{"@id":"https:\/\/freygut.ch\/fr\/#organization"},"potentialAction":[{"@type":"SearchAction","target":{"@type":"EntryPoint","urlTemplate":"https:\/\/freygut.ch\/fr\/?s={search_term_string}"},"query-input":{"@type":"PropertyValueSpecification","valueRequired":true,"valueName":"search_term_string"}}],"inLanguage":"fr-FR"},{"@type":"Organization","@id":"https:\/\/freygut.ch\/fr\/#organization","name":"freygut.ch","url":"https:\/\/freygut.ch\/fr\/","logo":{"@type":"ImageObject","inLanguage":"fr-FR","@id":"https:\/\/freygut.ch\/fr\/#\/schema\/logo\/image\/","url":"https:\/\/freygut.ch\/wp-content\/uploads\/2025\/07\/FRY_Logo-FRY-ACC-e1753882146163.png","contentUrl":"https:\/\/freygut.ch\/wp-content\/uploads\/2025\/07\/FRY_Logo-FRY-ACC-e1753882146163.png","width":1766,"height":163,"caption":"freygut.ch"},"image":{"@id":"https:\/\/freygut.ch\/fr\/#\/schema\/logo\/image\/"}}]}},"_links":{"self":[{"href":"https:\/\/freygut.ch\/fr\/wp-json\/wp\/v2\/pages\/389","targetHints":{"allow":["GET"]}}],"collection":[{"href":"https:\/\/freygut.ch\/fr\/wp-json\/wp\/v2\/pages"}],"about":[{"href":"https:\/\/freygut.ch\/fr\/wp-json\/wp\/v2\/types\/page"}],"author":[{"embeddable":true,"href":"https:\/\/freygut.ch\/fr\/wp-json\/wp\/v2\/users\/1"}],"replies":[{"embeddable":true,"href":"https:\/\/freygut.ch\/fr\/wp-json\/wp\/v2\/comments?post=389"}],"version-history":[{"count":6,"href":"https:\/\/freygut.ch\/fr\/wp-json\/wp\/v2\/pages\/389\/revisions"}],"predecessor-version":[{"id":1439,"href":"https:\/\/freygut.ch\/fr\/wp-json\/wp\/v2\/pages\/389\/revisions\/1439"}],"wp:attachment":[{"href":"https:\/\/freygut.ch\/fr\/wp-json\/wp\/v2\/media?parent=389"}],"curies":[{"name":"wp","href":"https:\/\/api.w.org\/{rel}","templated":true}]}}