{"id":375,"date":"2025-07-30T13:12:42","date_gmt":"2025-07-30T11:12:42","guid":{"rendered":"https:\/\/freygut.ch\/forensik\/"},"modified":"2025-10-24T19:39:50","modified_gmt":"2025-10-24T17:39:50","slug":"forensik","status":"publish","type":"page","link":"https:\/\/freygut.ch\/fr\/forensik\/","title":{"rendered":"ANALYSE DE RISQUES"},"content":{"rendered":"\t\t<div data-elementor-type=\"wp-page\" data-elementor-id=\"375\" class=\"elementor elementor-375 elementor-31\" data-elementor-post-type=\"page\">\n\t\t\t\t<div class=\"elementor-element elementor-element-16e44f8 e-con-full e-flex e-con e-parent\" data-id=\"16e44f8\" data-element_type=\"container\" data-e-type=\"container\" data-settings=\"{&quot;background_background&quot;:&quot;classic&quot;}\">\n\t\t\t\t<\/div>\n\t\t<div class=\"elementor-element elementor-element-2968e72 e-flex e-con-boxed e-con e-parent\" data-id=\"2968e72\" data-element_type=\"container\" data-e-type=\"container\">\n\t\t\t\t\t<div class=\"e-con-inner\">\n\t\t\t\t<div class=\"elementor-element elementor-element-5815e47 elementor-widget elementor-widget-heading\" data-id=\"5815e47\" data-element_type=\"widget\" data-e-type=\"widget\" data-widget_type=\"heading.default\">\n\t\t\t\t\t<h2 class=\"elementor-heading-title elementor-size-default\">ANALYSE DE RISQUES<\/h2>\t\t\t\t<\/div>\n\t\t\t\t\t<\/div>\n\t\t\t\t<\/div>\n\t\t<div class=\"elementor-element elementor-element-4cb5426 e-flex e-con-boxed e-con e-parent\" data-id=\"4cb5426\" data-element_type=\"container\" data-e-type=\"container\">\n\t\t\t\t\t<div class=\"e-con-inner\">\n\t\t\t\t\t<\/div>\n\t\t\t\t<\/div>\n\t\t<div class=\"elementor-element elementor-element-31eb79c e-flex e-con-boxed e-con e-parent\" data-id=\"31eb79c\" data-element_type=\"container\" data-e-type=\"container\">\n\t\t\t\t\t<div class=\"e-con-inner\">\n\t\t\t\t<div class=\"elementor-element elementor-element-0662330 elementor-widget elementor-widget-text-editor\" data-id=\"0662330\" data-element_type=\"widget\" data-e-type=\"widget\" data-widget_type=\"text-editor.default\">\n\t\t\t\t\t\t\t\t\t<p>Vous avez re\u00e7u une demande commerciale ou une offre d\u2019investissement et vous ne savez pas si vous pouvez faire confiance ?<\/p><p>La num\u00e9risation, la mise en r\u00e9seau globale et l\u2019innovation n\u2019offrent malheureusement pas seulement des opportunit\u00e9s attrayantes, mais cr\u00e9ent \u00e9galement des risques qui peuvent menacer l\u2019existence m\u00eame de l\u2019entreprise. Cela concerne aussi bien les petites entreprises ou les start-ups que les plus grandes et celles qui sont \u00e9tablies depuis longtemps.<\/p><p>La criminalit\u00e9 \u00e9conomique et financi\u00e8re est g\u00e9n\u00e9ralement tr\u00e8s difficile \u00e0 identifier, car les auteurs camouflent souvent leurs v\u00e9ritables intentions sous une pr\u00e9tendue comp\u00e9tence professionnelle, une complexit\u00e9 artificiellement gonfl\u00e9e ou de fausses preuves de r\u00e9ussite. Dans de nombreux cas, l\u2019identification des dangers potentiels ou des risques excessifs n\u2019est possible que si l\u2019on dispose d\u2019une large exp\u00e9rience, de connaissances sp\u00e9cialis\u00e9es et de connaissances du secteur. <\/p><p>Dans l\u2019esprit d\u2019une \u00ab seconde opinion \u00bb, je vous assiste de mani\u00e8re discr\u00e8te, neutre et confidentielle dans l\u2019examen, l\u2019estimation et l\u2019\u00e9valuation de votre business case en question et j\u2019\u00e9tablis pour vous un aper\u00e7u structur\u00e9 des risques potentiels et des strat\u00e9gies ad\u00e9quates possibles de protection et de d\u00e9fense.<\/p>\t\t\t\t\t\t\t\t<\/div>\n\t\t\t\t\t<\/div>\n\t\t\t\t<\/div>\n\t\t<div class=\"elementor-element elementor-element-01fd9ac e-flex e-con-boxed e-con e-parent\" data-id=\"01fd9ac\" data-element_type=\"container\" data-e-type=\"container\">\n\t\t\t\t\t<div class=\"e-con-inner\">\n\t\t\t\t\t<\/div>\n\t\t\t\t<\/div>\n\t\t\t\t<\/div>\n\t\t","protected":false},"excerpt":{"rendered":"<p>ANALYSE DE RISQUES Vous avez re\u00e7u une demande commerciale ou une offre d\u2019investissement et vous ne savez pas si vous pouvez faire confiance ? La num\u00e9risation, la mise en r\u00e9seau globale et l\u2019innovation n\u2019offrent malheureusement pas seulement des opportunit\u00e9s attrayantes, mais cr\u00e9ent \u00e9galement des risques qui peuvent menacer l\u2019existence m\u00eame de l\u2019entreprise. Cela concerne aussi [&hellip;]<\/p>\n","protected":false},"author":1,"featured_media":0,"parent":0,"menu_order":0,"comment_status":"closed","ping_status":"closed","template":"","meta":{"footnotes":""},"class_list":["post-375","page","type-page","status-publish","hentry"],"yoast_head":"<!-- This site is optimized with the Yoast SEO plugin v27.4 - https:\/\/yoast.com\/product\/yoast-seo-wordpress\/ -->\n<title>Forensique &amp; Audit d&#039;entreprise Suisse \u2013 \u00c9valuation des risques &amp; Deuxi\u00e8me avis | FREYGUT<\/title>\n<meta name=\"description\" content=\"FREYGUT propose des services de criminalistique et d&#039;audit d&#039;entreprise en Suisse \u2013 discrets, neutres et confidentiels pour l&#039;\u00e9valuation des risques et des strat\u00e9gies de protection.\" \/>\n<meta name=\"robots\" content=\"index, follow, max-snippet:-1, max-image-preview:large, max-video-preview:-1\" \/>\n<link rel=\"canonical\" href=\"https:\/\/freygut.ch\/fr\/forensik\/\" \/>\n<script type=\"application\/ld+json\" class=\"yoast-schema-graph\">{\"@context\":\"https:\\\/\\\/schema.org\",\"@graph\":[{\"@type\":\"WebPage\",\"@id\":\"https:\\\/\\\/freygut.ch\\\/fr\\\/forensik\\\/\",\"url\":\"https:\\\/\\\/freygut.ch\\\/fr\\\/forensik\\\/\",\"name\":\"Forensique & Audit d'entreprise Suisse \u2013 \u00c9valuation des risques & Deuxi\u00e8me avis | FREYGUT\",\"isPartOf\":{\"@id\":\"https:\\\/\\\/freygut.ch\\\/fr\\\/#website\"},\"datePublished\":\"2025-07-30T11:12:42+00:00\",\"dateModified\":\"2025-10-24T17:39:50+00:00\",\"description\":\"FREYGUT propose des services de criminalistique et d'audit d'entreprise en Suisse \u2013 discrets, neutres et confidentiels pour l'\u00e9valuation des risques et des strat\u00e9gies de protection.\",\"breadcrumb\":{\"@id\":\"https:\\\/\\\/freygut.ch\\\/fr\\\/forensik\\\/#breadcrumb\"},\"inLanguage\":\"fr-FR\",\"potentialAction\":[{\"@type\":\"ReadAction\",\"target\":[\"https:\\\/\\\/freygut.ch\\\/fr\\\/forensik\\\/\"]}]},{\"@type\":\"BreadcrumbList\",\"@id\":\"https:\\\/\\\/freygut.ch\\\/fr\\\/forensik\\\/#breadcrumb\",\"itemListElement\":[{\"@type\":\"ListItem\",\"position\":1,\"name\":\"Startseite\",\"item\":\"https:\\\/\\\/freygut.ch\\\/fr\\\/\"},{\"@type\":\"ListItem\",\"position\":2,\"name\":\"ANALYSE DE RISQUES\"}]},{\"@type\":\"WebSite\",\"@id\":\"https:\\\/\\\/freygut.ch\\\/fr\\\/#website\",\"url\":\"https:\\\/\\\/freygut.ch\\\/fr\\\/\",\"name\":\"freygut.ch\",\"description\":\"FREYGUT ACCOUNTING \u2013 Digitale Buchhaltung, Forensik &amp; Transaktionsberatung aus Z\u00fcrich. Ihr Schweizer Partner f\u00fcr Buchhaltung, Forensik, Transaktionen und Treuhand \u2013 100\u202f% digital, 100\u202f% diskret, 100\u202f% verl\u00e4sslich.\",\"publisher\":{\"@id\":\"https:\\\/\\\/freygut.ch\\\/fr\\\/#organization\"},\"potentialAction\":[{\"@type\":\"SearchAction\",\"target\":{\"@type\":\"EntryPoint\",\"urlTemplate\":\"https:\\\/\\\/freygut.ch\\\/fr\\\/?s={search_term_string}\"},\"query-input\":{\"@type\":\"PropertyValueSpecification\",\"valueRequired\":true,\"valueName\":\"search_term_string\"}}],\"inLanguage\":\"fr-FR\"},{\"@type\":\"Organization\",\"@id\":\"https:\\\/\\\/freygut.ch\\\/fr\\\/#organization\",\"name\":\"freygut.ch\",\"url\":\"https:\\\/\\\/freygut.ch\\\/fr\\\/\",\"logo\":{\"@type\":\"ImageObject\",\"inLanguage\":\"fr-FR\",\"@id\":\"https:\\\/\\\/freygut.ch\\\/fr\\\/#\\\/schema\\\/logo\\\/image\\\/\",\"url\":\"https:\\\/\\\/freygut.ch\\\/wp-content\\\/uploads\\\/2025\\\/07\\\/FRY_Logo-FRY-ACC-e1753882146163.png\",\"contentUrl\":\"https:\\\/\\\/freygut.ch\\\/wp-content\\\/uploads\\\/2025\\\/07\\\/FRY_Logo-FRY-ACC-e1753882146163.png\",\"width\":1766,\"height\":163,\"caption\":\"freygut.ch\"},\"image\":{\"@id\":\"https:\\\/\\\/freygut.ch\\\/fr\\\/#\\\/schema\\\/logo\\\/image\\\/\"}}]}<\/script>\n<!-- \/ Yoast SEO plugin. -->","yoast_head_json":{"title":"Forensique & Audit d'entreprise Suisse \u2013 \u00c9valuation des risques & Deuxi\u00e8me avis | FREYGUT","description":"FREYGUT propose des services de criminalistique et d'audit d'entreprise en Suisse \u2013 discrets, neutres et confidentiels pour l'\u00e9valuation des risques et des strat\u00e9gies de protection.","robots":{"index":"index","follow":"follow","max-snippet":"max-snippet:-1","max-image-preview":"max-image-preview:large","max-video-preview":"max-video-preview:-1"},"canonical":"https:\/\/freygut.ch\/fr\/forensik\/","schema":{"@context":"https:\/\/schema.org","@graph":[{"@type":"WebPage","@id":"https:\/\/freygut.ch\/fr\/forensik\/","url":"https:\/\/freygut.ch\/fr\/forensik\/","name":"Forensique & Audit d'entreprise Suisse \u2013 \u00c9valuation des risques & Deuxi\u00e8me avis | FREYGUT","isPartOf":{"@id":"https:\/\/freygut.ch\/fr\/#website"},"datePublished":"2025-07-30T11:12:42+00:00","dateModified":"2025-10-24T17:39:50+00:00","description":"FREYGUT propose des services de criminalistique et d'audit d'entreprise en Suisse \u2013 discrets, neutres et confidentiels pour l'\u00e9valuation des risques et des strat\u00e9gies de protection.","breadcrumb":{"@id":"https:\/\/freygut.ch\/fr\/forensik\/#breadcrumb"},"inLanguage":"fr-FR","potentialAction":[{"@type":"ReadAction","target":["https:\/\/freygut.ch\/fr\/forensik\/"]}]},{"@type":"BreadcrumbList","@id":"https:\/\/freygut.ch\/fr\/forensik\/#breadcrumb","itemListElement":[{"@type":"ListItem","position":1,"name":"Startseite","item":"https:\/\/freygut.ch\/fr\/"},{"@type":"ListItem","position":2,"name":"ANALYSE DE RISQUES"}]},{"@type":"WebSite","@id":"https:\/\/freygut.ch\/fr\/#website","url":"https:\/\/freygut.ch\/fr\/","name":"freygut.ch","description":"FREYGUT ACCOUNTING \u2013 Digitale Buchhaltung, Forensik &amp; Transaktionsberatung aus Z\u00fcrich. Ihr Schweizer Partner f\u00fcr Buchhaltung, Forensik, Transaktionen und Treuhand \u2013 100\u202f% digital, 100\u202f% diskret, 100\u202f% verl\u00e4sslich.","publisher":{"@id":"https:\/\/freygut.ch\/fr\/#organization"},"potentialAction":[{"@type":"SearchAction","target":{"@type":"EntryPoint","urlTemplate":"https:\/\/freygut.ch\/fr\/?s={search_term_string}"},"query-input":{"@type":"PropertyValueSpecification","valueRequired":true,"valueName":"search_term_string"}}],"inLanguage":"fr-FR"},{"@type":"Organization","@id":"https:\/\/freygut.ch\/fr\/#organization","name":"freygut.ch","url":"https:\/\/freygut.ch\/fr\/","logo":{"@type":"ImageObject","inLanguage":"fr-FR","@id":"https:\/\/freygut.ch\/fr\/#\/schema\/logo\/image\/","url":"https:\/\/freygut.ch\/wp-content\/uploads\/2025\/07\/FRY_Logo-FRY-ACC-e1753882146163.png","contentUrl":"https:\/\/freygut.ch\/wp-content\/uploads\/2025\/07\/FRY_Logo-FRY-ACC-e1753882146163.png","width":1766,"height":163,"caption":"freygut.ch"},"image":{"@id":"https:\/\/freygut.ch\/fr\/#\/schema\/logo\/image\/"}}]}},"_links":{"self":[{"href":"https:\/\/freygut.ch\/fr\/wp-json\/wp\/v2\/pages\/375","targetHints":{"allow":["GET"]}}],"collection":[{"href":"https:\/\/freygut.ch\/fr\/wp-json\/wp\/v2\/pages"}],"about":[{"href":"https:\/\/freygut.ch\/fr\/wp-json\/wp\/v2\/types\/page"}],"author":[{"embeddable":true,"href":"https:\/\/freygut.ch\/fr\/wp-json\/wp\/v2\/users\/1"}],"replies":[{"embeddable":true,"href":"https:\/\/freygut.ch\/fr\/wp-json\/wp\/v2\/comments?post=375"}],"version-history":[{"count":20,"href":"https:\/\/freygut.ch\/fr\/wp-json\/wp\/v2\/pages\/375\/revisions"}],"predecessor-version":[{"id":1922,"href":"https:\/\/freygut.ch\/fr\/wp-json\/wp\/v2\/pages\/375\/revisions\/1922"}],"wp:attachment":[{"href":"https:\/\/freygut.ch\/fr\/wp-json\/wp\/v2\/media?parent=375"}],"curies":[{"name":"wp","href":"https:\/\/api.w.org\/{rel}","templated":true}]}}