{"id":371,"date":"2025-07-30T17:03:42","date_gmt":"2025-07-30T15:03:42","guid":{"rendered":"https:\/\/freygut.ch\/equipe\/"},"modified":"2026-03-20T18:08:28","modified_gmt":"2026-03-20T17:08:28","slug":"equipe","status":"publish","type":"page","link":"https:\/\/freygut.ch\/fr\/equipe\/","title":{"rendered":"Portrait"},"content":{"rendered":"\t\t<div data-elementor-type=\"wp-page\" data-elementor-id=\"371\" class=\"elementor elementor-371 elementor-131\" data-elementor-post-type=\"page\">\n\t\t\t\t<div class=\"elementor-element elementor-element-767860c e-con-full e-flex e-con e-parent\" data-id=\"767860c\" data-element_type=\"container\" data-e-type=\"container\" data-settings=\"{&quot;background_background&quot;:&quot;classic&quot;}\">\n\t\t\t\t<\/div>\n\t\t<div class=\"elementor-element elementor-element-b0a4992 e-flex e-con-boxed e-con e-parent\" data-id=\"b0a4992\" data-element_type=\"container\" data-e-type=\"container\">\n\t\t\t\t\t<div class=\"e-con-inner\">\n\t\t\t\t<div class=\"elementor-element elementor-element-d5bfc68 elementor-widget elementor-widget-heading\" data-id=\"d5bfc68\" data-element_type=\"widget\" data-e-type=\"widget\" data-widget_type=\"heading.default\">\n\t\t\t\t\t<h1 class=\"elementor-heading-title elementor-size-default\">PORTRAIT<\/h1>\t\t\t\t<\/div>\n\t\t\t\t<div class=\"elementor-element elementor-element-85fbc5d elementor-widget elementor-widget-spacer\" data-id=\"85fbc5d\" data-element_type=\"widget\" data-e-type=\"widget\" data-widget_type=\"spacer.default\">\n\t\t\t\t\t\t\t<div class=\"elementor-spacer\">\n\t\t\t<div class=\"elementor-spacer-inner\"><\/div>\n\t\t<\/div>\n\t\t\t\t\t\t<\/div>\n\t\t\t\t<div class=\"elementor-element elementor-element-746917e elementor-widget elementor-widget-text-editor\" data-id=\"746917e\" data-element_type=\"widget\" data-e-type=\"widget\" data-widget_type=\"text-editor.default\">\n\t\t\t\t\t\t\t\t\tPersonnel, confidentiel et engag\u00e9\t\t\t\t\t\t\t\t<\/div>\n\t\t\t\t\t<\/div>\n\t\t\t\t<\/div>\n\t\t<div class=\"elementor-element elementor-element-7865bbf e-grid e-con-boxed e-con e-parent\" data-id=\"7865bbf\" data-element_type=\"container\" data-e-type=\"container\">\n\t\t\t\t\t<div class=\"e-con-inner\">\n\t\t\t\t<div class=\"elementor-element elementor-element-cf6d6c3 elementor-widget elementor-widget-image\" data-id=\"cf6d6c3\" data-element_type=\"widget\" data-e-type=\"widget\" data-widget_type=\"image.default\">\n\t\t\t\t\t\t\t\t\t\t\t\t\t\t\t<img decoding=\"async\" width=\"768\" height=\"513\" src=\"https:\/\/freygut.ch\/wp-content\/uploads\/2025\/10\/DSC_0529-HSRev-768x513.jpg\" class=\"attachment-medium_large size-medium_large wp-image-1282\" alt=\"\" srcset=\"https:\/\/freygut.ch\/wp-content\/uploads\/2025\/10\/DSC_0529-HSRev-768x513.jpg 768w, https:\/\/freygut.ch\/wp-content\/uploads\/2025\/10\/DSC_0529-HSRev-300x200.jpg 300w, https:\/\/freygut.ch\/wp-content\/uploads\/2025\/10\/DSC_0529-HSRev-1024x684.jpg 1024w, https:\/\/freygut.ch\/wp-content\/uploads\/2025\/10\/DSC_0529-HSRev-1536x1025.jpg 1536w, https:\/\/freygut.ch\/wp-content\/uploads\/2025\/10\/DSC_0529-HSRev.jpg 1618w\" sizes=\"(max-width: 768px) 100vw, 768px\" \/>\t\t\t\t\t\t\t\t\t\t\t\t\t\t\t<\/div>\n\t\t\t\t<div class=\"elementor-element elementor-element-7c8d497 elementor-widget elementor-widget-text-editor\" data-id=\"7c8d497\" data-element_type=\"widget\" data-e-type=\"widget\" data-widget_type=\"text-editor.default\">\n\t\t\t\t\t\t\t\t\t<p>Marc Bodin<\/p><p>Dipl. \u00c9conomiste d&rsquo;entreprise dipl\u00f4m\u00e9 HES (BSc. BA)<\/p><p>Langues D \/ E \/ SP \/ F<\/p><p><a style=\"background-color: #ffffff; font-size: 1rem;\" href=\"tel:+41797304073\">+41 79 730 40 73<\/a><\/p><p><a href=\"mailto:mab@freygut.ch\">mab@freygut.ch<\/a><\/p><p><a href=\"https:\/\/linkedin.com\/in\/marc-bodin-0284403\"><img decoding=\"async\" class=\"alignnone wp-image-457\" src=\"https:\/\/freygut.ch\/wp-content\/uploads\/2025\/08\/LinkedIn_icon-1.svg\" alt=\"\" width=\"37\" height=\"37\"><\/a><\/p>\t\t\t\t\t\t\t\t<\/div>\n\t\t\t\t\t<\/div>\n\t\t\t\t<\/div>\n\t\t<div class=\"elementor-element elementor-element-8993ecd e-flex e-con-boxed e-con e-parent\" data-id=\"8993ecd\" data-element_type=\"container\" data-e-type=\"container\">\n\t\t\t\t\t<div class=\"e-con-inner\">\n\t\t\t\t<div class=\"elementor-element elementor-element-6f3cf63 elementor-widget elementor-widget-spacer\" data-id=\"6f3cf63\" data-element_type=\"widget\" data-e-type=\"widget\" data-widget_type=\"spacer.default\">\n\t\t\t\t\t\t\t<div class=\"elementor-spacer\">\n\t\t\t<div class=\"elementor-spacer-inner\"><\/div>\n\t\t<\/div>\n\t\t\t\t\t\t<\/div>\n\t\t\t\t<div class=\"elementor-element elementor-element-643897b elementor-widget elementor-widget-text-editor\" data-id=\"643897b\" data-element_type=\"widget\" data-e-type=\"widget\" data-widget_type=\"text-editor.default\">\n\t\t\t\t\t\t\t\t\t<p>Je travaille depuis environ 30 ans dans le domaine de la finance et de la comptabilit\u00e9.<\/p>\n<p>Au cours de cette p\u00e9riode, j\u2019ai occup\u00e9 diverses fonctions et assum\u00e9 diff\u00e9rentes responsabilit\u00e9s, allant d\u2019analyste financier \u00e0 directeur des finances et de l\u2019administration, et j\u2019ai eu le privil\u00e8ge de diriger et de mettre en \u0153uvre des projets financiers ambitieux pour des entreprises de renom et des entrepreneurs prosp\u00e8res sur quatre continents.<\/p>\n<p>Les personnes qui travaillent dans le secteur financier ont de grandes responsabilit\u00e9s. J\u2019applique donc des principes \u00e9thiques stricts, tels que l\u2019int\u00e9grit\u00e9, la confidentialit\u00e9, la transparence et la ponctualit\u00e9, et j\u2019investis mon temps libre, chaque fois que cela est possible, dans des formations professionnelles r\u00e9guli\u00e8res.<\/p>\t\t\t\t\t\t\t\t<\/div>\n\t\t\t\t<div class=\"elementor-element elementor-element-686592a elementor-widget elementor-widget-spacer\" data-id=\"686592a\" data-element_type=\"widget\" data-e-type=\"widget\" data-widget_type=\"spacer.default\">\n\t\t\t\t\t\t\t<div class=\"elementor-spacer\">\n\t\t\t<div class=\"elementor-spacer-inner\"><\/div>\n\t\t<\/div>\n\t\t\t\t\t\t<\/div>\n\t\t\t\t<div class=\"elementor-element elementor-element-207baf6 elementor-widget elementor-widget-heading\" data-id=\"207baf6\" data-element_type=\"widget\" data-e-type=\"widget\" data-widget_type=\"heading.default\">\n\t\t\t\t\t<h3 class=\"elementor-heading-title elementor-size-default\">Parcours professionnel<\/h3>\t\t\t\t<\/div>\n\t\t\t\t\t<\/div>\n\t\t\t\t<\/div>\n\t\t<div class=\"elementor-element elementor-element-8376a8c e-flex e-con-boxed e-con e-parent\" data-id=\"8376a8c\" data-element_type=\"container\" data-e-type=\"container\">\n\t\t\t\t\t<div class=\"e-con-inner\">\n\t\t\t\t<div class=\"elementor-element elementor-element-0933118 elementor-widget elementor-widget-text-editor\" data-id=\"0933118\" data-element_type=\"widget\" data-e-type=\"widget\" data-widget_type=\"text-editor.default\">\n\t\t\t\t\t\t\t\t\t<ul class=\"roles\" style=\"list-style:none; padding-left:0; margin:0;\">\n  <li style=\"margin:0 0 1rem 0;\">\n    <span style=\"display:inline-block; width:1.2em; vertical-align:top;\">\u2610<\/span>\n <span class=\"title\">Senior Associate Business Recovery PWC Suisse<\/span>\n    <ul style=\"list-style:none; margin:.4rem 0 .2rem 2em; padding-left:0;\">\n      <li><span style=\"display:inline-block; width:1.2em; vertical-align:top;\">\u25aa<\/span>Turnaround Management<\/li>\n      <li><span style=\"display:inline-block; width:1.2em; vertical-align:top;\">\u25aa<\/span>Working Capital Management<\/li>\n      <li><span style=\"display:inline-block; width:1.2em; vertical-align:top;\">\u25aa<\/span>Financial Modelling<\/li>\n      <li><span style=\"display:inline-block; width:1.2em; vertical-align:top;\">\u25aa<\/span>Special Situations Financing<\/li>\n      <li><span style=\"display:inline-block; width:1.2em; vertical-align:top;\">\u25aa<\/span>Research &amp; Strategy<\/li>\n    <\/ul>\n  <\/li>\n\n  <li style=\"margin:0 0 1rem 0;\">\n    <span style=\"display:inline-block; width:1.2em; vertical-align:top;\">\u2610<\/span>\n Responsable des <span class=\"title\">Finances &amp; de l&rsquo;Administration Agence Marketing Allemagne<\/span>\n  <\/li>\n\n  <li style=\"margin:0 0 1rem 0;\">\n    <span style=\"display:inline-block; width:1.2em; vertical-align:top;\">\u2610<\/span>\n <span class=\"title\">Senior Manager Investment Banking (IPOs M&amp;A) Allemagne<\/span>\n  <\/li>\n\n  <li style=\"margin:0 0 1rem 0;\">\n    <span style=\"display:inline-block; width:1.2em; vertical-align:top;\">\u2610<\/span>\n <span class=\"title\">Finance Director Single Family Office Suisse<\/span>\n    <ul style=\"list-style:none; margin:.4rem 0 .2rem 2em; padding-left:0;\">\n      <li><span style=\"display:inline-block; width:1.2em; vertical-align:top;\">\u25aa<\/span>Private Equity Management<\/li>\n      <li><span style=\"display:inline-block; width:1.2em; vertical-align:top;\">\u25aa<\/span>IPO &amp; Public Listings Management<\/li>\n    <\/ul>\n  <\/li>\n\n  <li style=\"margin:0 0 1rem 0;\">\n    <span style=\"display:inline-block; width:1.2em; vertical-align:top;\">\u2610<\/span>\n <span class=\"title\">Tr\u00e9sorier, cabinet de conseil suisse-chinoise<\/span>\n  <\/li>\n\n  <li style=\"margin:0 0 1rem 0;\">\n    <span style=\"display:inline-block; width:1.2em; vertical-align:top;\">\u2610<\/span>\n <span class=\"title\">Fondateur de FREYGUT ADVISORY<\/span>\n    <ul style=\"list-style:none; margin:.4rem 0 .2rem 2em; padding-left:0;\">\n      <li>\u25aaComptabilit\u00e9<\/li>\n      <li><span style=\"display:inline-block; width:1.2em; vertical-align:top;\">\u25aa<\/span>Gestion des Transactions<\/li>\n      <li>\u25aaServices Fiduciaires<\/li>\n    <\/ul>\n  <\/li>\n<\/ul>\n\t\t\t\t\t\t\t\t<\/div>\n\t\t\t\t<div class=\"elementor-element elementor-element-948d75f elementor-widget elementor-widget-spacer\" data-id=\"948d75f\" data-element_type=\"widget\" data-e-type=\"widget\" data-widget_type=\"spacer.default\">\n\t\t\t\t\t\t\t<div class=\"elementor-spacer\">\n\t\t\t<div class=\"elementor-spacer-inner\"><\/div>\n\t\t<\/div>\n\t\t\t\t\t\t<\/div>\n\t\t\t\t<div class=\"elementor-element elementor-element-7621cc6 elementor-widget elementor-widget-heading\" data-id=\"7621cc6\" data-element_type=\"widget\" data-e-type=\"widget\" data-widget_type=\"heading.default\">\n\t\t\t\t\t<h3 class=\"elementor-heading-title elementor-size-default\">Projets &amp; transactions<\/h3>\t\t\t\t<\/div>\n\t\t\t\t<div class=\"elementor-element elementor-element-a0d33e1 elementor-widget elementor-widget-spacer\" data-id=\"a0d33e1\" data-element_type=\"widget\" data-e-type=\"widget\" data-widget_type=\"spacer.default\">\n\t\t\t\t\t\t\t<div class=\"elementor-spacer\">\n\t\t\t<div class=\"elementor-spacer-inner\"><\/div>\n\t\t<\/div>\n\t\t\t\t\t\t<\/div>\n\t\t\t\t<div class=\"elementor-element elementor-element-bce8adc elementor-widget elementor-widget-text-editor\" data-id=\"bce8adc\" data-element_type=\"widget\" data-e-type=\"widget\" data-widget_type=\"text-editor.default\">\n\t\t\t\t\t\t\t\t\t<p>Mod\u00e9lisation financi\u00e8re et \u00e9tude de viabilit\u00e9 dans le cadre d\u2019un financement de restructuration d\u2019un groupe de services suisse. <br><br> Conseil d\u2019une entreprise suisse de sous-traitance automobile pour la conception et l\u2019impl\u00e9mentation d\u2019un vaste programme de r\u00e9duction des co\u00fbts et l\u2019introduction d\u2019un syst\u00e8me TQM selon ISO\/TS 16949: 2002 dans le cadre d\u2019une restructuration avant fusion et acquisition. <br><br> Optimisation du Working Capital Management pour un groupe familial europ\u00e9en afin de renforcer les liquidit\u00e9s op\u00e9rationnelles et de r\u00e9duire le co\u00fbt du capital. Conseil d\u2019une famille de propri\u00e9taires lors de la vente de leur \u00e9tablissement h\u00f4tel-casino.<\/p>\t\t\t\t\t\t\t\t<\/div>\n\t\t\t\t<div class=\"elementor-element elementor-element-f7da978 elementor-widget elementor-widget-spacer\" data-id=\"f7da978\" data-element_type=\"widget\" data-e-type=\"widget\" data-widget_type=\"spacer.default\">\n\t\t\t\t\t\t\t<div class=\"elementor-spacer\">\n\t\t\t<div class=\"elementor-spacer-inner\"><\/div>\n\t\t<\/div>\n\t\t\t\t\t\t<\/div>\n\t\t\t\t<div class=\"elementor-element elementor-element-e64faee elementor-widget elementor-widget-heading\" data-id=\"e64faee\" data-element_type=\"widget\" data-e-type=\"widget\" data-widget_type=\"heading.default\">\n\t\t\t\t\t<h3 class=\"elementor-heading-title elementor-size-default\">Affiliations professionnelles<\/h3>\t\t\t\t<\/div>\n\t\t\t\t<div class=\"elementor-element elementor-element-244b616 elementor-widget elementor-widget-spacer\" data-id=\"244b616\" data-element_type=\"widget\" data-e-type=\"widget\" data-widget_type=\"spacer.default\">\n\t\t\t\t\t\t\t<div class=\"elementor-spacer\">\n\t\t\t<div class=\"elementor-spacer-inner\"><\/div>\n\t\t<\/div>\n\t\t\t\t\t\t<\/div>\n\t\t\t\t\t<\/div>\n\t\t\t\t<\/div>\n\t\t<div class=\"elementor-element elementor-element-78ae812 e-grid e-con-boxed e-con e-parent\" data-id=\"78ae812\" data-element_type=\"container\" data-e-type=\"container\">\n\t\t\t\t\t<div class=\"e-con-inner\">\n\t\t\t\t<div class=\"elementor-element elementor-element-4888307 elementor-widget elementor-widget-image\" data-id=\"4888307\" data-element_type=\"widget\" data-e-type=\"widget\" data-widget_type=\"image.default\">\n\t\t\t\t\t\t\t\t\t\t\t\t\t\t\t\t<a href=\"https:\/\/eu.imanet.org\/\">\n\t\t\t\t\t\t\t<img decoding=\"async\" width=\"289\" height=\"71\" src=\"https:\/\/freygut.ch\/wp-content\/uploads\/2025\/08\/ima-white-logo-1.svg\" class=\"attachment-medium size-medium wp-image-455\" alt=\"\" \/>\t\t\t\t\t\t\t\t<\/a>\n\t\t\t\t\t\t\t\t\t\t\t\t\t\t\t<\/div>\n\t\t\t\t<div class=\"elementor-element elementor-element-60c3679 elementor-widget elementor-widget-image\" data-id=\"60c3679\" data-element_type=\"widget\" data-e-type=\"widget\" data-widget_type=\"image.default\">\n\t\t\t\t\t\t\t\t\t\t\t\t\t\t\t\t<a href=\"https:\/\/swissaccounting.org\/\">\n\t\t\t\t\t\t\t<img decoding=\"async\" width=\"300\" height=\"76\" src=\"https:\/\/freygut.ch\/wp-content\/uploads\/2025\/08\/swiss-accounting-logo-1.svg\" class=\"attachment-medium size-medium wp-image-451\" alt=\"\" \/>\t\t\t\t\t\t\t\t<\/a>\n\t\t\t\t\t\t\t\t\t\t\t\t\t\t\t<\/div>\n\t\t\t\t\t<\/div>\n\t\t\t\t<\/div>\n\t\t<div class=\"elementor-element elementor-element-0fb1674 e-flex e-con-boxed e-con e-parent\" data-id=\"0fb1674\" data-element_type=\"container\" data-e-type=\"container\">\n\t\t\t\t\t<div class=\"e-con-inner\">\n\t\t\t\t\t<\/div>\n\t\t\t\t<\/div>\n\t\t\t\t<\/div>\n\t\t","protected":false},"excerpt":{"rendered":"<p>PORTRAIT Personnel, confidentiel et engag\u00e9 Marc Bodin Dipl. \u00c9conomiste d&rsquo;entreprise dipl\u00f4m\u00e9 HES (BSc. BA) Langues D \/ E \/ SP \/ F +41 79 730 40 73 mab@freygut.ch Je travaille depuis environ 30 ans dans le domaine de la finance et de la comptabilit\u00e9. Au cours de cette p\u00e9riode, j\u2019ai occup\u00e9 diverses fonctions et assum\u00e9 [&hellip;]<\/p>\n","protected":false},"author":1,"featured_media":0,"parent":0,"menu_order":0,"comment_status":"closed","ping_status":"closed","template":"","meta":{"footnotes":""},"class_list":["post-371","page","type-page","status-publish","hentry"],"yoast_head":"<!-- This site is optimized with the Yoast SEO plugin v27.4 - https:\/\/yoast.com\/product\/yoast-seo-wordpress\/ -->\n<title>Marc Bodin \u2013 Finanzmanager &amp; Gr\u00fcnder von FREYGUT Advisory Schweiz<\/title>\n<meta name=\"description\" content=\"Marc Bodin, Dipl. Betriebs\u00f6konom FH, mit 30 Jahren Erfahrung im Finanz- und Rechnungswesen. Gr\u00fcnder von FREYGUT Advisory und Experte f\u00fcr Corporate Finance. freygut.ch Portrait\" \/>\n<meta name=\"robots\" content=\"index, follow, max-snippet:-1, max-image-preview:large, max-video-preview:-1\" \/>\n<link rel=\"canonical\" href=\"https:\/\/freygut.ch\/fr\/equipe\/\" \/>\n<script type=\"application\/ld+json\" class=\"yoast-schema-graph\">{\"@context\":\"https:\\\/\\\/schema.org\",\"@graph\":[{\"@type\":\"WebPage\",\"@id\":\"https:\\\/\\\/freygut.ch\\\/fr\\\/equipe\\\/\",\"url\":\"https:\\\/\\\/freygut.ch\\\/fr\\\/equipe\\\/\",\"name\":\"Marc Bodin \u2013 Finanzmanager & Gr\u00fcnder von FREYGUT Advisory Schweiz\",\"isPartOf\":{\"@id\":\"https:\\\/\\\/freygut.ch\\\/fr\\\/#website\"},\"primaryImageOfPage\":{\"@id\":\"https:\\\/\\\/freygut.ch\\\/fr\\\/equipe\\\/#primaryimage\"},\"image\":{\"@id\":\"https:\\\/\\\/freygut.ch\\\/fr\\\/equipe\\\/#primaryimage\"},\"thumbnailUrl\":\"https:\\\/\\\/freygut.ch\\\/wp-content\\\/uploads\\\/2025\\\/10\\\/DSC_0529-HSRev-e1760090525404-768x808.jpg\",\"datePublished\":\"2025-07-30T15:03:42+00:00\",\"dateModified\":\"2026-03-20T17:08:28+00:00\",\"description\":\"Marc Bodin, Dipl. Betriebs\u00f6konom FH, mit 30 Jahren Erfahrung im Finanz- und Rechnungswesen. Gr\u00fcnder von FREYGUT Advisory und Experte f\u00fcr Corporate Finance. freygut.ch Portrait\",\"breadcrumb\":{\"@id\":\"https:\\\/\\\/freygut.ch\\\/fr\\\/equipe\\\/#breadcrumb\"},\"inLanguage\":\"fr-FR\",\"potentialAction\":[{\"@type\":\"ReadAction\",\"target\":[\"https:\\\/\\\/freygut.ch\\\/fr\\\/equipe\\\/\"]}]},{\"@type\":\"ImageObject\",\"inLanguage\":\"fr-FR\",\"@id\":\"https:\\\/\\\/freygut.ch\\\/fr\\\/equipe\\\/#primaryimage\",\"url\":\"https:\\\/\\\/freygut.ch\\\/wp-content\\\/uploads\\\/2025\\\/10\\\/DSC_0529-HSRev-e1760090525404-768x808.jpg\",\"contentUrl\":\"https:\\\/\\\/freygut.ch\\\/wp-content\\\/uploads\\\/2025\\\/10\\\/DSC_0529-HSRev-e1760090525404-768x808.jpg\"},{\"@type\":\"BreadcrumbList\",\"@id\":\"https:\\\/\\\/freygut.ch\\\/fr\\\/equipe\\\/#breadcrumb\",\"itemListElement\":[{\"@type\":\"ListItem\",\"position\":1,\"name\":\"Startseite\",\"item\":\"https:\\\/\\\/freygut.ch\\\/fr\\\/\"},{\"@type\":\"ListItem\",\"position\":2,\"name\":\"Portrait\"}]},{\"@type\":\"WebSite\",\"@id\":\"https:\\\/\\\/freygut.ch\\\/fr\\\/#website\",\"url\":\"https:\\\/\\\/freygut.ch\\\/fr\\\/\",\"name\":\"freygut.ch\",\"description\":\"FREYGUT ACCOUNTING \u2013 Digitale Buchhaltung, Forensik &amp; Transaktionsberatung aus Z\u00fcrich. Ihr Schweizer Partner f\u00fcr Buchhaltung, Forensik, Transaktionen und Treuhand \u2013 100\u202f% digital, 100\u202f% diskret, 100\u202f% verl\u00e4sslich.\",\"publisher\":{\"@id\":\"https:\\\/\\\/freygut.ch\\\/fr\\\/#organization\"},\"potentialAction\":[{\"@type\":\"SearchAction\",\"target\":{\"@type\":\"EntryPoint\",\"urlTemplate\":\"https:\\\/\\\/freygut.ch\\\/fr\\\/?s={search_term_string}\"},\"query-input\":{\"@type\":\"PropertyValueSpecification\",\"valueRequired\":true,\"valueName\":\"search_term_string\"}}],\"inLanguage\":\"fr-FR\"},{\"@type\":\"Organization\",\"@id\":\"https:\\\/\\\/freygut.ch\\\/fr\\\/#organization\",\"name\":\"freygut.ch\",\"url\":\"https:\\\/\\\/freygut.ch\\\/fr\\\/\",\"logo\":{\"@type\":\"ImageObject\",\"inLanguage\":\"fr-FR\",\"@id\":\"https:\\\/\\\/freygut.ch\\\/fr\\\/#\\\/schema\\\/logo\\\/image\\\/\",\"url\":\"https:\\\/\\\/freygut.ch\\\/wp-content\\\/uploads\\\/2025\\\/07\\\/FRY_Logo-FRY-ACC-e1753882146163.png\",\"contentUrl\":\"https:\\\/\\\/freygut.ch\\\/wp-content\\\/uploads\\\/2025\\\/07\\\/FRY_Logo-FRY-ACC-e1753882146163.png\",\"width\":1766,\"height\":163,\"caption\":\"freygut.ch\"},\"image\":{\"@id\":\"https:\\\/\\\/freygut.ch\\\/fr\\\/#\\\/schema\\\/logo\\\/image\\\/\"}}]}<\/script>\n<!-- \/ Yoast SEO plugin. -->","yoast_head_json":{"title":"Marc Bodin \u2013 Finanzmanager & Gr\u00fcnder von FREYGUT Advisory Schweiz","description":"Marc Bodin, Dipl. Betriebs\u00f6konom FH, mit 30 Jahren Erfahrung im Finanz- und Rechnungswesen. Gr\u00fcnder von FREYGUT Advisory und Experte f\u00fcr Corporate Finance. freygut.ch Portrait","robots":{"index":"index","follow":"follow","max-snippet":"max-snippet:-1","max-image-preview":"max-image-preview:large","max-video-preview":"max-video-preview:-1"},"canonical":"https:\/\/freygut.ch\/fr\/equipe\/","schema":{"@context":"https:\/\/schema.org","@graph":[{"@type":"WebPage","@id":"https:\/\/freygut.ch\/fr\/equipe\/","url":"https:\/\/freygut.ch\/fr\/equipe\/","name":"Marc Bodin \u2013 Finanzmanager & Gr\u00fcnder von FREYGUT Advisory Schweiz","isPartOf":{"@id":"https:\/\/freygut.ch\/fr\/#website"},"primaryImageOfPage":{"@id":"https:\/\/freygut.ch\/fr\/equipe\/#primaryimage"},"image":{"@id":"https:\/\/freygut.ch\/fr\/equipe\/#primaryimage"},"thumbnailUrl":"https:\/\/freygut.ch\/wp-content\/uploads\/2025\/10\/DSC_0529-HSRev-e1760090525404-768x808.jpg","datePublished":"2025-07-30T15:03:42+00:00","dateModified":"2026-03-20T17:08:28+00:00","description":"Marc Bodin, Dipl. Betriebs\u00f6konom FH, mit 30 Jahren Erfahrung im Finanz- und Rechnungswesen. Gr\u00fcnder von FREYGUT Advisory und Experte f\u00fcr Corporate Finance. freygut.ch Portrait","breadcrumb":{"@id":"https:\/\/freygut.ch\/fr\/equipe\/#breadcrumb"},"inLanguage":"fr-FR","potentialAction":[{"@type":"ReadAction","target":["https:\/\/freygut.ch\/fr\/equipe\/"]}]},{"@type":"ImageObject","inLanguage":"fr-FR","@id":"https:\/\/freygut.ch\/fr\/equipe\/#primaryimage","url":"https:\/\/freygut.ch\/wp-content\/uploads\/2025\/10\/DSC_0529-HSRev-e1760090525404-768x808.jpg","contentUrl":"https:\/\/freygut.ch\/wp-content\/uploads\/2025\/10\/DSC_0529-HSRev-e1760090525404-768x808.jpg"},{"@type":"BreadcrumbList","@id":"https:\/\/freygut.ch\/fr\/equipe\/#breadcrumb","itemListElement":[{"@type":"ListItem","position":1,"name":"Startseite","item":"https:\/\/freygut.ch\/fr\/"},{"@type":"ListItem","position":2,"name":"Portrait"}]},{"@type":"WebSite","@id":"https:\/\/freygut.ch\/fr\/#website","url":"https:\/\/freygut.ch\/fr\/","name":"freygut.ch","description":"FREYGUT ACCOUNTING \u2013 Digitale Buchhaltung, Forensik &amp; Transaktionsberatung aus Z\u00fcrich. Ihr Schweizer Partner f\u00fcr Buchhaltung, Forensik, Transaktionen und Treuhand \u2013 100\u202f% digital, 100\u202f% diskret, 100\u202f% verl\u00e4sslich.","publisher":{"@id":"https:\/\/freygut.ch\/fr\/#organization"},"potentialAction":[{"@type":"SearchAction","target":{"@type":"EntryPoint","urlTemplate":"https:\/\/freygut.ch\/fr\/?s={search_term_string}"},"query-input":{"@type":"PropertyValueSpecification","valueRequired":true,"valueName":"search_term_string"}}],"inLanguage":"fr-FR"},{"@type":"Organization","@id":"https:\/\/freygut.ch\/fr\/#organization","name":"freygut.ch","url":"https:\/\/freygut.ch\/fr\/","logo":{"@type":"ImageObject","inLanguage":"fr-FR","@id":"https:\/\/freygut.ch\/fr\/#\/schema\/logo\/image\/","url":"https:\/\/freygut.ch\/wp-content\/uploads\/2025\/07\/FRY_Logo-FRY-ACC-e1753882146163.png","contentUrl":"https:\/\/freygut.ch\/wp-content\/uploads\/2025\/07\/FRY_Logo-FRY-ACC-e1753882146163.png","width":1766,"height":163,"caption":"freygut.ch"},"image":{"@id":"https:\/\/freygut.ch\/fr\/#\/schema\/logo\/image\/"}}]}},"_links":{"self":[{"href":"https:\/\/freygut.ch\/fr\/wp-json\/wp\/v2\/pages\/371","targetHints":{"allow":["GET"]}}],"collection":[{"href":"https:\/\/freygut.ch\/fr\/wp-json\/wp\/v2\/pages"}],"about":[{"href":"https:\/\/freygut.ch\/fr\/wp-json\/wp\/v2\/types\/page"}],"author":[{"embeddable":true,"href":"https:\/\/freygut.ch\/fr\/wp-json\/wp\/v2\/users\/1"}],"replies":[{"embeddable":true,"href":"https:\/\/freygut.ch\/fr\/wp-json\/wp\/v2\/comments?post=371"}],"version-history":[{"count":36,"href":"https:\/\/freygut.ch\/fr\/wp-json\/wp\/v2\/pages\/371\/revisions"}],"predecessor-version":[{"id":2141,"href":"https:\/\/freygut.ch\/fr\/wp-json\/wp\/v2\/pages\/371\/revisions\/2141"}],"wp:attachment":[{"href":"https:\/\/freygut.ch\/fr\/wp-json\/wp\/v2\/media?parent=371"}],"curies":[{"name":"wp","href":"https:\/\/api.w.org\/{rel}","templated":true}]}}