{"id":369,"date":"2025-07-24T09:26:22","date_gmt":"2025-07-24T07:26:22","guid":{"rendered":"https:\/\/freygut.ch\/accueil\/"},"modified":"2026-02-28T19:55:48","modified_gmt":"2026-02-28T18:55:48","slug":"accueil","status":"publish","type":"page","link":"https:\/\/freygut.ch\/fr\/","title":{"rendered":"Accueil"},"content":{"rendered":"\t\t<div data-elementor-type=\"wp-page\" data-elementor-id=\"369\" class=\"elementor elementor-369 elementor-13\" data-elementor-post-type=\"page\">\n\t\t\t\t<div class=\"elementor-element elementor-element-515ac94 e-con-full e-flex e-con e-parent\" data-id=\"515ac94\" data-element_type=\"container\" data-e-type=\"container\" data-settings=\"{&quot;background_background&quot;:&quot;classic&quot;}\">\n\t\t\t\t<\/div>\n\t\t<div class=\"elementor-element elementor-element-789095d e-flex e-con-boxed e-con e-parent\" data-id=\"789095d\" data-element_type=\"container\" data-e-type=\"container\">\n\t\t\t\t\t<div class=\"e-con-inner\">\n\t\t\t\t<div class=\"elementor-element elementor-element-50a9f57 elementor-widget elementor-widget-heading\" data-id=\"50a9f57\" data-element_type=\"widget\" data-e-type=\"widget\" data-widget_type=\"heading.default\">\n\t\t\t\t\t<h2 class=\"elementor-heading-title elementor-size-default\">BIENVENUE<\/h2>\t\t\t\t<\/div>\n\t\t\t\t\t<\/div>\n\t\t\t\t<\/div>\n\t\t<div class=\"elementor-element elementor-element-fc39807 e-flex e-con-boxed e-con e-parent\" data-id=\"fc39807\" data-element_type=\"container\" data-e-type=\"container\">\n\t\t\t\t\t<div class=\"e-con-inner\">\n\t\t\t\t\t<\/div>\n\t\t\t\t<\/div>\n\t\t<div class=\"elementor-element elementor-element-99d51b0 e-flex e-con-boxed e-con e-parent\" data-id=\"99d51b0\" data-element_type=\"container\" data-e-type=\"container\">\n\t\t\t\t\t<div class=\"e-con-inner\">\n\t\t\t\t<div class=\"elementor-element elementor-element-b95ef34 elementor-widget elementor-widget-text-editor\" data-id=\"b95ef34\" data-element_type=\"widget\" data-e-type=\"widget\" data-widget_type=\"text-editor.default\">\n\t\t\t\t\t\t\t\t\t<p>Je m\u2019occupe de votre comptabilit\u00e9 de mani\u00e8re rapide, pr\u00e9cise et \u00e9conomique, de la mise en place du syst\u00e8me jusqu\u2019\u00e0 la cl\u00f4ture de l\u2019exercice.<\/p>\t\t\t\t\t\t\t\t<\/div>\n\t\t\t\t\t<\/div>\n\t\t\t\t<\/div>\n\t\t<div class=\"elementor-element elementor-element-4b3cd2a e-flex e-con-boxed e-con e-parent\" data-id=\"4b3cd2a\" data-element_type=\"container\" data-e-type=\"container\">\n\t\t\t\t\t<div class=\"e-con-inner\">\n\t\t\t\t\t<\/div>\n\t\t\t\t<\/div>\n\t\t<div class=\"elementor-element elementor-element-f1e8e9d e-flex e-con-boxed e-con e-parent\" data-id=\"f1e8e9d\" data-element_type=\"container\" data-e-type=\"container\">\n\t\t\t\t\t<div class=\"e-con-inner\">\n\t\t\t\t<div class=\"elementor-element elementor-element-70295bf elementor-widget elementor-widget-heading\" data-id=\"70295bf\" data-element_type=\"widget\" data-e-type=\"widget\" data-widget_type=\"heading.default\">\n\t\t\t\t\t<h3 class=\"elementor-heading-title elementor-size-default\">Pragmatique et simple<\/h3>\t\t\t\t<\/div>\n\t\t\t\t\t<\/div>\n\t\t\t\t<\/div>\n\t\t<div class=\"elementor-element elementor-element-28788e2 e-flex e-con-boxed e-con e-parent\" data-id=\"28788e2\" data-element_type=\"container\" data-e-type=\"container\">\n\t\t\t\t\t<div class=\"e-con-inner\">\n\t\t\t\t\t<\/div>\n\t\t\t\t<\/div>\n\t\t<div class=\"elementor-element elementor-element-2e6f6de e-flex e-con-boxed e-con e-parent\" data-id=\"2e6f6de\" data-element_type=\"container\" data-e-type=\"container\">\n\t\t\t\t\t<div class=\"e-con-inner\">\n\t\t\t\t<div class=\"elementor-element elementor-element-ef87e85 elementor-widget elementor-widget-text-editor\" data-id=\"ef87e85\" data-element_type=\"widget\" data-e-type=\"widget\" data-widget_type=\"text-editor.default\">\n\t\t\t\t\t\t\t\t\tFREYGUT ACCOUNTING est joignable 7 jours sur 7 de 09:00 \u00e0 21:00 (9\/9\/7) tout au long de l\u2019ann\u00e9e et travaille \u00e0 100 % de mani\u00e8re num\u00e9rique (gestion des donn\u00e9es exclusivement suisse).\n\nFREYGUT ACCOUNTING vous propose diff\u00e9rents mod\u00e8les de prix, du paiement \u00e0 l\u2019acte au prix fixe, qui peuvent \u00eatre adapt\u00e9s \u00e0 tout moment et de mani\u00e8re flexible aux besoins et exigences de votre entreprise.\n\nCela r\u00e9duit vos frais d\u2019administration \u00e0 un minimum et vous offre une s\u00e9curit\u00e9 maximale pour que vos obligations l\u00e9gales en mati\u00e8re de comptabilit\u00e9 et de rapports (imp\u00f4ts, assurances, collaborateurs) soient \u00e0 tout moment pleinement et ponctuellement remplies.\t\t\t\t\t\t\t\t<\/div>\n\t\t\t\t\t<\/div>\n\t\t\t\t<\/div>\n\t\t<div class=\"elementor-element elementor-element-b209116 e-flex e-con-boxed e-con e-parent\" data-id=\"b209116\" data-element_type=\"container\" data-e-type=\"container\">\n\t\t\t\t\t<div class=\"e-con-inner\">\n\t\t\t\t<div class=\"elementor-element elementor-element-167874c elementor-widget elementor-widget-heading\" data-id=\"167874c\" data-element_type=\"widget\" data-e-type=\"widget\" data-widget_type=\"heading.default\">\n\t\t\t\t\t<h3 class=\"elementor-heading-title elementor-size-default\">Pourquoi FREYGUT ACCOUNTING ?<\/h3>\t\t\t\t<\/div>\n\t\t\t\t<div class=\"elementor-element elementor-element-4ef64cc elementor-widget elementor-widget-text-editor\" data-id=\"4ef64cc\" data-element_type=\"widget\" data-e-type=\"widget\" data-widget_type=\"text-editor.default\">\n\t\t\t\t\t\t\t\t\t<ul style=\"list-style: none; padding-left: 0;\"><li><img decoding=\"async\" class=\"emoji\" role=\"img\" draggable=\"false\" src=\"https:\/\/s.w.org\/images\/core\/emoji\/16.0.1\/svg\/2714.svg\" alt=\"\u2714\"> Disponible 7 jours sur 7 de 9 h \u00e0 21 h<\/li><\/ul><ul style=\"list-style: none; padding-left: 0;\"><li><img decoding=\"async\" class=\"emoji\" role=\"img\" draggable=\"false\" src=\"https:\/\/s.w.org\/images\/core\/emoji\/16.0.1\/svg\/2714.svg\" alt=\"\u2714\"> Tout inclus<\/li><\/ul><ul style=\"list-style: none; padding-left: 0;\"><li><img decoding=\"async\" class=\"emoji\" role=\"img\" draggable=\"false\" src=\"https:\/\/s.w.org\/images\/core\/emoji\/16.0.1\/svg\/2714.svg\" alt=\"\u2714\"> Pas de frais suppl\u00e9mentaires cach\u00e9s<\/li><\/ul><ul style=\"list-style: none; padding-left: 0;\"><li><img decoding=\"async\" class=\"emoji\" role=\"img\" draggable=\"false\" src=\"https:\/\/s.w.org\/images\/core\/emoji\/16.0.1\/svg\/2714.svg\" alt=\"\u2714\"> 100% num\u00e9rique<\/li><\/ul><ul style=\"list-style: none; padding-left: 0;\"><li><img decoding=\"async\" class=\"emoji\" role=\"img\" draggable=\"false\" src=\"https:\/\/s.w.org\/images\/core\/emoji\/16.0.1\/svg\/2714.svg\" alt=\"\u2714\"> Gestion et s\u00e9curit\u00e9 des donn\u00e9es exclusivement suisse<\/li><\/ul>\t\t\t\t\t\t\t\t<\/div>\n\t\t\t\t\t<\/div>\n\t\t\t\t<\/div>\n\t\t<div class=\"elementor-element elementor-element-ec32e71 e-flex e-con-boxed e-con e-parent\" data-id=\"ec32e71\" data-element_type=\"container\" data-e-type=\"container\">\n\t\t\t\t\t<div class=\"e-con-inner\">\n\t\t\t\t<div class=\"elementor-element elementor-element-b5887a5 elementor-widget elementor-widget-text-editor\" data-id=\"b5887a5\" data-element_type=\"widget\" data-e-type=\"widget\" data-widget_type=\"text-editor.default\">\n\t\t\t\t\t\t\t\t\t<p>Faites connaissance avec moi lors d\u2019un premier entretien<\/p>\t\t\t\t\t\t\t\t<\/div>\n\t\t\t\t\t<\/div>\n\t\t\t\t<\/div>\n\t\t<div class=\"elementor-element elementor-element-75191a48 e-flex e-con-boxed e-con e-parent\" data-id=\"75191a48\" data-element_type=\"container\" data-e-type=\"container\">\n\t\t\t\t\t<div class=\"e-con-inner\">\n\t\t\t\t<div class=\"elementor-element elementor-element-3acec622 elementor-widget elementor-widget-text-editor\" data-id=\"3acec622\" data-element_type=\"widget\" data-e-type=\"widget\" data-widget_type=\"text-editor.default\">\n\t\t\t\t\t\t\t\t\t<p>CONFIDENTIEL, GRATUIT ET SANS ENGAGEMENT \u2013VOLONTIERS AUSSI LE WEEK-END<\/p>\t\t\t\t\t\t\t\t<\/div>\n\t\t\t\t\t<\/div>\n\t\t\t\t<\/div>\n\t\t<div class=\"elementor-element elementor-element-4fb55ab7 e-flex e-con-boxed e-con e-parent\" data-id=\"4fb55ab7\" data-element_type=\"container\" data-e-type=\"container\">\n\t\t\t\t\t<div class=\"e-con-inner\">\n\t\t\t\t<div class=\"elementor-element elementor-element-1fd5c9e3 elementor-widget elementor-widget-image\" data-id=\"1fd5c9e3\" data-element_type=\"widget\" data-e-type=\"widget\" data-widget_type=\"image.default\">\n\t\t\t\t\t\t\t\t\t\t\t\t\t\t\t\t<a href=\"https:\/\/wa.me\/+41797304073?text=\" target=\"_blank\">\n\t\t\t\t\t\t\t<img decoding=\"async\" width=\"256\" height=\"257\" src=\"https:\/\/freygut.ch\/wp-content\/uploads\/2025\/07\/256px-WhatsApp_icon.png\" class=\"attachment-medium size-medium wp-image-198\" alt=\"\" srcset=\"https:\/\/freygut.ch\/wp-content\/uploads\/2025\/07\/256px-WhatsApp_icon.png 256w, https:\/\/freygut.ch\/wp-content\/uploads\/2025\/07\/256px-WhatsApp_icon-150x150.png 150w\" sizes=\"(max-width: 256px) 100vw, 256px\" \/>\t\t\t\t\t\t\t\t<\/a>\n\t\t\t\t\t\t\t\t\t\t\t\t\t\t\t<\/div>\n\t\t\t\t\t<\/div>\n\t\t\t\t<\/div>\n\t\t<div class=\"elementor-element elementor-element-9ef0962 e-flex e-con-boxed e-con e-parent\" data-id=\"9ef0962\" data-element_type=\"container\" data-e-type=\"container\">\n\t\t\t\t\t<div class=\"e-con-inner\">\n\t\t\t\t\t<\/div>\n\t\t\t\t<\/div>\n\t\t\t\t<\/div>\n\t\t","protected":false},"excerpt":{"rendered":"<p>BIENVENUE Je m\u2019occupe de votre comptabilit\u00e9 de mani\u00e8re rapide, pr\u00e9cise et \u00e9conomique, de la mise en place du syst\u00e8me jusqu\u2019\u00e0 la cl\u00f4ture de l\u2019exercice. Pragmatique et simple FREYGUT ACCOUNTING est joignable 7 jours sur 7 de 09:00 \u00e0 21:00 (9\/9\/7) tout au long de l\u2019ann\u00e9e et travaille \u00e0 100 % de mani\u00e8re num\u00e9rique (gestion des [&hellip;]<\/p>\n","protected":false},"author":1,"featured_media":0,"parent":0,"menu_order":0,"comment_status":"closed","ping_status":"closed","template":"","meta":{"footnotes":""},"class_list":["post-369","page","type-page","status-publish","hentry"],"yoast_head":"<!-- This site is optimized with the Yoast SEO plugin v27.4 - https:\/\/yoast.com\/product\/yoast-seo-wordpress\/ -->\n<title>Comptabilit\u00e9 num\u00e9rique Suisse \u2013 Rapide, pr\u00e9cise &amp; \u00e9conomique | FREYGUT ACCOUNTING<\/title>\n<meta name=\"description\" content=\"FREYGUT ACCOUNTING propose une comptabilit\u00e9 num\u00e9rique en Suisse \u2013 accessibilit\u00e9 9\/9\/7, prix transparents et s\u00e9curit\u00e9 des donn\u00e9es 100% suisse.\" \/>\n<meta name=\"robots\" content=\"index, follow, max-snippet:-1, max-image-preview:large, max-video-preview:-1\" \/>\n<link rel=\"canonical\" href=\"https:\/\/freygut.ch\/fr\/\" \/>\n<script type=\"application\/ld+json\" class=\"yoast-schema-graph\">{\"@context\":\"https:\\\/\\\/schema.org\",\"@graph\":[{\"@type\":\"WebPage\",\"@id\":\"https:\\\/\\\/freygut.ch\\\/fr\\\/\",\"url\":\"https:\\\/\\\/freygut.ch\\\/fr\\\/\",\"name\":\"Comptabilit\u00e9 num\u00e9rique Suisse \u2013 Rapide, pr\u00e9cise & \u00e9conomique | FREYGUT ACCOUNTING\",\"isPartOf\":{\"@id\":\"https:\\\/\\\/freygut.ch\\\/fr\\\/#website\"},\"primaryImageOfPage\":{\"@id\":\"https:\\\/\\\/freygut.ch\\\/fr\\\/#primaryimage\"},\"image\":{\"@id\":\"https:\\\/\\\/freygut.ch\\\/fr\\\/#primaryimage\"},\"thumbnailUrl\":\"https:\\\/\\\/s.w.org\\\/images\\\/core\\\/emoji\\\/16.0.1\\\/svg\\\/2714.svg\",\"datePublished\":\"2025-07-24T07:26:22+00:00\",\"dateModified\":\"2026-02-28T18:55:48+00:00\",\"description\":\"FREYGUT ACCOUNTING propose une comptabilit\u00e9 num\u00e9rique en Suisse \u2013 accessibilit\u00e9 9\\\/9\\\/7, prix transparents et s\u00e9curit\u00e9 des donn\u00e9es 100% suisse.\",\"breadcrumb\":{\"@id\":\"https:\\\/\\\/freygut.ch\\\/fr\\\/#breadcrumb\"},\"inLanguage\":\"fr-FR\",\"potentialAction\":[{\"@type\":\"ReadAction\",\"target\":[\"https:\\\/\\\/freygut.ch\\\/fr\\\/\"]}]},{\"@type\":\"ImageObject\",\"inLanguage\":\"fr-FR\",\"@id\":\"https:\\\/\\\/freygut.ch\\\/fr\\\/#primaryimage\",\"url\":\"https:\\\/\\\/s.w.org\\\/images\\\/core\\\/emoji\\\/16.0.1\\\/svg\\\/2714.svg\",\"contentUrl\":\"https:\\\/\\\/s.w.org\\\/images\\\/core\\\/emoji\\\/16.0.1\\\/svg\\\/2714.svg\"},{\"@type\":\"BreadcrumbList\",\"@id\":\"https:\\\/\\\/freygut.ch\\\/fr\\\/#breadcrumb\",\"itemListElement\":[{\"@type\":\"ListItem\",\"position\":1,\"name\":\"Startseite\",\"item\":\"https:\\\/\\\/freygut.ch\\\/fr\\\/\"},{\"@type\":\"ListItem\",\"position\":2,\"name\":\"Accueil\"}]},{\"@type\":\"WebSite\",\"@id\":\"https:\\\/\\\/freygut.ch\\\/fr\\\/#website\",\"url\":\"https:\\\/\\\/freygut.ch\\\/fr\\\/\",\"name\":\"freygut.ch\",\"description\":\"FREYGUT ACCOUNTING \u2013 Digitale Buchhaltung, Forensik &amp; Transaktionsberatung aus Z\u00fcrich. Ihr Schweizer Partner f\u00fcr Buchhaltung, Forensik, Transaktionen und Treuhand \u2013 100\u202f% digital, 100\u202f% diskret, 100\u202f% verl\u00e4sslich.\",\"publisher\":{\"@id\":\"https:\\\/\\\/freygut.ch\\\/fr\\\/#organization\"},\"potentialAction\":[{\"@type\":\"SearchAction\",\"target\":{\"@type\":\"EntryPoint\",\"urlTemplate\":\"https:\\\/\\\/freygut.ch\\\/fr\\\/?s={search_term_string}\"},\"query-input\":{\"@type\":\"PropertyValueSpecification\",\"valueRequired\":true,\"valueName\":\"search_term_string\"}}],\"inLanguage\":\"fr-FR\"},{\"@type\":\"Organization\",\"@id\":\"https:\\\/\\\/freygut.ch\\\/fr\\\/#organization\",\"name\":\"freygut.ch\",\"url\":\"https:\\\/\\\/freygut.ch\\\/fr\\\/\",\"logo\":{\"@type\":\"ImageObject\",\"inLanguage\":\"fr-FR\",\"@id\":\"https:\\\/\\\/freygut.ch\\\/fr\\\/#\\\/schema\\\/logo\\\/image\\\/\",\"url\":\"https:\\\/\\\/freygut.ch\\\/wp-content\\\/uploads\\\/2025\\\/07\\\/FRY_Logo-FRY-ACC-e1753882146163.png\",\"contentUrl\":\"https:\\\/\\\/freygut.ch\\\/wp-content\\\/uploads\\\/2025\\\/07\\\/FRY_Logo-FRY-ACC-e1753882146163.png\",\"width\":1766,\"height\":163,\"caption\":\"freygut.ch\"},\"image\":{\"@id\":\"https:\\\/\\\/freygut.ch\\\/fr\\\/#\\\/schema\\\/logo\\\/image\\\/\"}}]}<\/script>\n<!-- \/ Yoast SEO plugin. -->","yoast_head_json":{"title":"Comptabilit\u00e9 num\u00e9rique Suisse \u2013 Rapide, pr\u00e9cise & \u00e9conomique | FREYGUT ACCOUNTING","description":"FREYGUT ACCOUNTING propose une comptabilit\u00e9 num\u00e9rique en Suisse \u2013 accessibilit\u00e9 9\/9\/7, prix transparents et s\u00e9curit\u00e9 des donn\u00e9es 100% suisse.","robots":{"index":"index","follow":"follow","max-snippet":"max-snippet:-1","max-image-preview":"max-image-preview:large","max-video-preview":"max-video-preview:-1"},"canonical":"https:\/\/freygut.ch\/fr\/","schema":{"@context":"https:\/\/schema.org","@graph":[{"@type":"WebPage","@id":"https:\/\/freygut.ch\/fr\/","url":"https:\/\/freygut.ch\/fr\/","name":"Comptabilit\u00e9 num\u00e9rique Suisse \u2013 Rapide, pr\u00e9cise & \u00e9conomique | FREYGUT ACCOUNTING","isPartOf":{"@id":"https:\/\/freygut.ch\/fr\/#website"},"primaryImageOfPage":{"@id":"https:\/\/freygut.ch\/fr\/#primaryimage"},"image":{"@id":"https:\/\/freygut.ch\/fr\/#primaryimage"},"thumbnailUrl":"https:\/\/s.w.org\/images\/core\/emoji\/16.0.1\/svg\/2714.svg","datePublished":"2025-07-24T07:26:22+00:00","dateModified":"2026-02-28T18:55:48+00:00","description":"FREYGUT ACCOUNTING propose une comptabilit\u00e9 num\u00e9rique en Suisse \u2013 accessibilit\u00e9 9\/9\/7, prix transparents et s\u00e9curit\u00e9 des donn\u00e9es 100% suisse.","breadcrumb":{"@id":"https:\/\/freygut.ch\/fr\/#breadcrumb"},"inLanguage":"fr-FR","potentialAction":[{"@type":"ReadAction","target":["https:\/\/freygut.ch\/fr\/"]}]},{"@type":"ImageObject","inLanguage":"fr-FR","@id":"https:\/\/freygut.ch\/fr\/#primaryimage","url":"https:\/\/s.w.org\/images\/core\/emoji\/16.0.1\/svg\/2714.svg","contentUrl":"https:\/\/s.w.org\/images\/core\/emoji\/16.0.1\/svg\/2714.svg"},{"@type":"BreadcrumbList","@id":"https:\/\/freygut.ch\/fr\/#breadcrumb","itemListElement":[{"@type":"ListItem","position":1,"name":"Startseite","item":"https:\/\/freygut.ch\/fr\/"},{"@type":"ListItem","position":2,"name":"Accueil"}]},{"@type":"WebSite","@id":"https:\/\/freygut.ch\/fr\/#website","url":"https:\/\/freygut.ch\/fr\/","name":"freygut.ch","description":"FREYGUT ACCOUNTING \u2013 Digitale Buchhaltung, Forensik &amp; Transaktionsberatung aus Z\u00fcrich. Ihr Schweizer Partner f\u00fcr Buchhaltung, Forensik, Transaktionen und Treuhand \u2013 100\u202f% digital, 100\u202f% diskret, 100\u202f% verl\u00e4sslich.","publisher":{"@id":"https:\/\/freygut.ch\/fr\/#organization"},"potentialAction":[{"@type":"SearchAction","target":{"@type":"EntryPoint","urlTemplate":"https:\/\/freygut.ch\/fr\/?s={search_term_string}"},"query-input":{"@type":"PropertyValueSpecification","valueRequired":true,"valueName":"search_term_string"}}],"inLanguage":"fr-FR"},{"@type":"Organization","@id":"https:\/\/freygut.ch\/fr\/#organization","name":"freygut.ch","url":"https:\/\/freygut.ch\/fr\/","logo":{"@type":"ImageObject","inLanguage":"fr-FR","@id":"https:\/\/freygut.ch\/fr\/#\/schema\/logo\/image\/","url":"https:\/\/freygut.ch\/wp-content\/uploads\/2025\/07\/FRY_Logo-FRY-ACC-e1753882146163.png","contentUrl":"https:\/\/freygut.ch\/wp-content\/uploads\/2025\/07\/FRY_Logo-FRY-ACC-e1753882146163.png","width":1766,"height":163,"caption":"freygut.ch"},"image":{"@id":"https:\/\/freygut.ch\/fr\/#\/schema\/logo\/image\/"}}]}},"_links":{"self":[{"href":"https:\/\/freygut.ch\/fr\/wp-json\/wp\/v2\/pages\/369","targetHints":{"allow":["GET"]}}],"collection":[{"href":"https:\/\/freygut.ch\/fr\/wp-json\/wp\/v2\/pages"}],"about":[{"href":"https:\/\/freygut.ch\/fr\/wp-json\/wp\/v2\/types\/page"}],"author":[{"embeddable":true,"href":"https:\/\/freygut.ch\/fr\/wp-json\/wp\/v2\/users\/1"}],"replies":[{"embeddable":true,"href":"https:\/\/freygut.ch\/fr\/wp-json\/wp\/v2\/comments?post=369"}],"version-history":[{"count":25,"href":"https:\/\/freygut.ch\/fr\/wp-json\/wp\/v2\/pages\/369\/revisions"}],"predecessor-version":[{"id":2120,"href":"https:\/\/freygut.ch\/fr\/wp-json\/wp\/v2\/pages\/369\/revisions\/2120"}],"wp:attachment":[{"href":"https:\/\/freygut.ch\/fr\/wp-json\/wp\/v2\/media?parent=369"}],"curies":[{"name":"wp","href":"https:\/\/api.w.org\/{rel}","templated":true}]}}