{"id":1475,"date":"2025-09-22T17:00:40","date_gmt":"2025-09-22T15:00:40","guid":{"rendered":"https:\/\/freygut.ch\/mentions-legales\/"},"modified":"2026-02-28T19:45:08","modified_gmt":"2026-02-28T18:45:08","slug":"mentions-legales","status":"publish","type":"page","link":"https:\/\/freygut.ch\/fr\/mentions-legales\/","title":{"rendered":"MENTIONS L\u00c9GALES"},"content":{"rendered":"\t\t<div data-elementor-type=\"wp-page\" data-elementor-id=\"1475\" class=\"elementor elementor-1475 elementor-1141\" data-elementor-post-type=\"page\">\n\t\t\t\t<div class=\"elementor-element elementor-element-c72c228 e-flex e-con-boxed e-con e-parent\" data-id=\"c72c228\" data-element_type=\"container\" data-e-type=\"container\">\n\t\t\t\t\t<div class=\"e-con-inner\">\n\t\t\t\t\t<\/div>\n\t\t\t\t<\/div>\n\t\t<div class=\"elementor-element elementor-element-402e9dd e-flex e-con-boxed e-con e-parent\" data-id=\"402e9dd\" data-element_type=\"container\" data-e-type=\"container\">\n\t\t\t\t\t<div class=\"e-con-inner\">\n\t\t\t\t<div class=\"elementor-element elementor-element-3e15f30 elementor-widget elementor-widget-heading\" data-id=\"3e15f30\" data-element_type=\"widget\" data-e-type=\"widget\" data-widget_type=\"heading.default\">\n\t\t\t\t\t<h1 class=\"elementor-heading-title elementor-size-default\">MENTIONS L\u00c9GALES<\/h1>\t\t\t\t<\/div>\n\t\t\t\t\t<\/div>\n\t\t\t\t<\/div>\n\t\t<div class=\"elementor-element elementor-element-b0216dd e-flex e-con-boxed e-con e-parent\" data-id=\"b0216dd\" data-element_type=\"container\" data-e-type=\"container\">\n\t\t\t\t\t<div class=\"e-con-inner\">\n\t\t\t\t\t<\/div>\n\t\t\t\t<\/div>\n\t\t<div class=\"elementor-element elementor-element-0837fa8 e-flex e-con-boxed e-con e-parent\" data-id=\"0837fa8\" data-element_type=\"container\" data-e-type=\"container\">\n\t\t\t\t\t<div class=\"e-con-inner\">\n\t\t\t\t<div class=\"elementor-element elementor-element-c2435cf elementor-widget elementor-widget-heading\" data-id=\"c2435cf\" data-element_type=\"widget\" data-e-type=\"widget\" data-widget_type=\"heading.default\">\n\t\t\t\t\t<h3 class=\"elementor-heading-title elementor-size-default\">\u00c0 propos de FREYGUT<\/h3>\t\t\t\t<\/div>\n\t\t\t\t\t<\/div>\n\t\t\t\t<\/div>\n\t\t<div class=\"elementor-element elementor-element-27fe8c6 e-flex e-con-boxed e-con e-parent\" data-id=\"27fe8c6\" data-element_type=\"container\" data-e-type=\"container\">\n\t\t\t\t\t<div class=\"e-con-inner\">\n\t\t\t\t\t<\/div>\n\t\t\t\t<\/div>\n\t\t<div class=\"elementor-element elementor-element-9c70c6c e-flex e-con-boxed e-con e-parent\" data-id=\"9c70c6c\" data-element_type=\"container\" data-e-type=\"container\">\n\t\t\t\t\t<div class=\"e-con-inner\">\n\t\t\t\t<div class=\"elementor-element elementor-element-f8e8f6f elementor-widget elementor-widget-text-editor\" data-id=\"f8e8f6f\" data-element_type=\"widget\" data-e-type=\"widget\" data-widget_type=\"text-editor.default\">\n\t\t\t\t\t\t\t\t\t<p>\u00abFREYGUT\u00bb est la marque de service (<a href=\"https:\/\/www.swissreg.ch\/database-client\/register\/detail\/trademark\/1207555353\">www.swissreg.ch <\/a> ) sous laquelle l&rsquo;entreprise individuelle Bodin Consult, bas\u00e9e \u00e0 Zurich, op\u00e8re et fournit les services professionnels list\u00e9s.<\/p>\t\t\t\t\t\t\t\t<\/div>\n\t\t\t\t<div class=\"elementor-element elementor-element-4b6c520 elementor-widget elementor-widget-spacer\" data-id=\"4b6c520\" data-element_type=\"widget\" data-e-type=\"widget\" data-widget_type=\"spacer.default\">\n\t\t\t\t\t\t\t<div class=\"elementor-spacer\">\n\t\t\t<div class=\"elementor-spacer-inner\"><\/div>\n\t\t<\/div>\n\t\t\t\t\t\t<\/div>\n\t\t\t\t<div class=\"elementor-element elementor-element-95e5410 elementor-widget elementor-widget-heading\" data-id=\"95e5410\" data-element_type=\"widget\" data-e-type=\"widget\" data-widget_type=\"heading.default\">\n\t\t\t\t\t<h3 class=\"elementor-heading-title elementor-size-default\">Avis de non-responsabilit\u00e9<\/h3>\t\t\t\t<\/div>\n\t\t\t\t<div class=\"elementor-element elementor-element-bb27b84 elementor-widget elementor-widget-spacer\" data-id=\"bb27b84\" data-element_type=\"widget\" data-e-type=\"widget\" data-widget_type=\"spacer.default\">\n\t\t\t\t\t\t\t<div class=\"elementor-spacer\">\n\t\t\t<div class=\"elementor-spacer-inner\"><\/div>\n\t\t<\/div>\n\t\t\t\t\t\t<\/div>\n\t\t\t\t<div class=\"elementor-element elementor-element-e7e4c52 elementor-widget elementor-widget-text-editor\" data-id=\"e7e4c52\" data-element_type=\"widget\" data-e-type=\"widget\" data-widget_type=\"text-editor.default\">\n\t\t\t\t\t\t\t\t\t<p data-pm-slice=\"0 0 []\">FREYGUT s&rsquo;efforce d&rsquo;assurer l&rsquo;exactitude et l&rsquo;exhaustivit\u00e9 des informations fournies sur ce site web. Les informations contenues sur le site web de FREYGUT sont fournies \u00e0 titre informatif uniquement. REYGUT d\u00e9cline toute responsabilit\u00e9 quant \u00e0 l&rsquo;exactitude, l&rsquo;exhaustivit\u00e9 ou l&rsquo;actualit\u00e9 des informations fournies. Ces informations ne constituent ni une pr\u00e9sentation exhaustive ni un conseil personnalis\u00e9 d&rsquo;un sp\u00e9cialiste, et ne se substituent pas \u00e0 de tels conseils. Le contenu de ce site web peut \u00eatre compl\u00e9t\u00e9, modifi\u00e9 et mis \u00e0 jour par FREYGUT sans pr\u00e9avis.<\/p>\t\t\t\t\t\t\t\t<\/div>\n\t\t\t\t<div class=\"elementor-element elementor-element-b77f545 elementor-widget elementor-widget-spacer\" data-id=\"b77f545\" data-element_type=\"widget\" data-e-type=\"widget\" data-widget_type=\"spacer.default\">\n\t\t\t\t\t\t\t<div class=\"elementor-spacer\">\n\t\t\t<div class=\"elementor-spacer-inner\"><\/div>\n\t\t<\/div>\n\t\t\t\t\t\t<\/div>\n\t\t\t\t<div class=\"elementor-element elementor-element-0442e83 elementor-widget elementor-widget-heading\" data-id=\"0442e83\" data-element_type=\"widget\" data-e-type=\"widget\" data-widget_type=\"heading.default\">\n\t\t\t\t\t<h3 class=\"elementor-heading-title elementor-size-default\">Communication par e-mail<\/h3>\t\t\t\t<\/div>\n\t\t\t\t<div class=\"elementor-element elementor-element-e35da11 elementor-widget elementor-widget-spacer\" data-id=\"e35da11\" data-element_type=\"widget\" data-e-type=\"widget\" data-widget_type=\"spacer.default\">\n\t\t\t\t\t\t\t<div class=\"elementor-spacer\">\n\t\t\t<div class=\"elementor-spacer-inner\"><\/div>\n\t\t<\/div>\n\t\t\t\t\t\t<\/div>\n\t\t\t\t<div class=\"elementor-element elementor-element-87a8a2a elementor-widget elementor-widget-text-editor\" data-id=\"87a8a2a\" data-element_type=\"widget\" data-e-type=\"widget\" data-widget_type=\"text-editor.default\">\n\t\t\t\t\t\t\t\t\t<p data-pm-slice=\"0 0 []\">Les e-mails sont g\u00e9n\u00e9ralement transmis en clair et comportent, entre autres, le risque que ces donn\u00e9es soient intercept\u00e9es et consult\u00e9es par des tiers. FREYGUT d\u00e9cline toute responsabilit\u00e9 pour les dommages r\u00e9sultant de d\u00e9fauts techniques, de perturbations ou d&rsquo;interf\u00e9rences dans la communication par e-mail.<\/p>\t\t\t\t\t\t\t\t<\/div>\n\t\t\t\t<div class=\"elementor-element elementor-element-b6ef6a1 elementor-widget elementor-widget-spacer\" data-id=\"b6ef6a1\" data-element_type=\"widget\" data-e-type=\"widget\" data-widget_type=\"spacer.default\">\n\t\t\t\t\t\t\t<div class=\"elementor-spacer\">\n\t\t\t<div class=\"elementor-spacer-inner\"><\/div>\n\t\t<\/div>\n\t\t\t\t\t\t<\/div>\n\t\t\t\t<div class=\"elementor-element elementor-element-3267a43 elementor-widget elementor-widget-heading\" data-id=\"3267a43\" data-element_type=\"widget\" data-e-type=\"widget\" data-widget_type=\"heading.default\">\n\t\t\t\t\t<h3 class=\"elementor-heading-title elementor-size-default\">Liens<\/h3>\t\t\t\t<\/div>\n\t\t\t\t<div class=\"elementor-element elementor-element-aabe45a elementor-widget elementor-widget-spacer\" data-id=\"aabe45a\" data-element_type=\"widget\" data-e-type=\"widget\" data-widget_type=\"spacer.default\">\n\t\t\t\t\t\t\t<div class=\"elementor-spacer\">\n\t\t\t<div class=\"elementor-spacer-inner\"><\/div>\n\t\t<\/div>\n\t\t\t\t\t\t<\/div>\n\t\t\t\t<div class=\"elementor-element elementor-element-2a8d76f elementor-widget elementor-widget-text-editor\" data-id=\"2a8d76f\" data-element_type=\"widget\" data-e-type=\"widget\" data-widget_type=\"text-editor.default\">\n\t\t\t\t\t\t\t\t\t<p data-pm-slice=\"0 0 []\">FREYGUT d\u00e9cline toute responsabilit\u00e9 quant au contenu des sites web tiers vers lesquels le site web de FREYGUT renvoie. FREYGUT ne v\u00e9rifie pas le contenu des liens externes. Ils rel\u00e8vent de la seule responsabilit\u00e9 des prestataires respectifs.<\/p>\t\t\t\t\t\t\t\t<\/div>\n\t\t\t\t\t<\/div>\n\t\t\t\t<\/div>\n\t\t\t\t<\/div>\n\t\t","protected":false},"excerpt":{"rendered":"<p>MENTIONS L\u00c9GALES \u00c0 propos de FREYGUT \u00abFREYGUT\u00bb est la marque de service (www.swissreg.ch ) sous laquelle l&rsquo;entreprise individuelle Bodin Consult, bas\u00e9e \u00e0 Zurich, op\u00e8re et fournit les services professionnels list\u00e9s. Avis de non-responsabilit\u00e9 FREYGUT s&rsquo;efforce d&rsquo;assurer l&rsquo;exactitude et l&rsquo;exhaustivit\u00e9 des informations fournies sur ce site web. Les informations contenues sur le site web de FREYGUT [&hellip;]<\/p>\n","protected":false},"author":1,"featured_media":0,"parent":0,"menu_order":0,"comment_status":"closed","ping_status":"closed","template":"","meta":{"footnotes":""},"class_list":["post-1475","page","type-page","status-publish","hentry"],"yoast_head":"<!-- This site is optimized with the Yoast SEO plugin v27.4 - https:\/\/yoast.com\/product\/yoast-seo-wordpress\/ -->\n<title>MENTIONS L\u00c9GALES - freygut.ch<\/title>\n<meta name=\"robots\" content=\"index, follow, max-snippet:-1, max-image-preview:large, max-video-preview:-1\" \/>\n<link rel=\"canonical\" href=\"https:\/\/freygut.ch\/fr\/mentions-legales\/\" \/>\n<script type=\"application\/ld+json\" class=\"yoast-schema-graph\">{\"@context\":\"https:\\\/\\\/schema.org\",\"@graph\":[{\"@type\":\"WebPage\",\"@id\":\"https:\\\/\\\/freygut.ch\\\/fr\\\/mentions-legales\\\/\",\"url\":\"https:\\\/\\\/freygut.ch\\\/fr\\\/mentions-legales\\\/\",\"name\":\"MENTIONS L\u00c9GALES - freygut.ch\",\"isPartOf\":{\"@id\":\"https:\\\/\\\/freygut.ch\\\/fr\\\/#website\"},\"datePublished\":\"2025-09-22T15:00:40+00:00\",\"dateModified\":\"2026-02-28T18:45:08+00:00\",\"breadcrumb\":{\"@id\":\"https:\\\/\\\/freygut.ch\\\/fr\\\/mentions-legales\\\/#breadcrumb\"},\"inLanguage\":\"fr-FR\",\"potentialAction\":[{\"@type\":\"ReadAction\",\"target\":[\"https:\\\/\\\/freygut.ch\\\/fr\\\/mentions-legales\\\/\"]}]},{\"@type\":\"BreadcrumbList\",\"@id\":\"https:\\\/\\\/freygut.ch\\\/fr\\\/mentions-legales\\\/#breadcrumb\",\"itemListElement\":[{\"@type\":\"ListItem\",\"position\":1,\"name\":\"Startseite\",\"item\":\"https:\\\/\\\/freygut.ch\\\/fr\\\/\"},{\"@type\":\"ListItem\",\"position\":2,\"name\":\"MENTIONS L\u00c9GALES\"}]},{\"@type\":\"WebSite\",\"@id\":\"https:\\\/\\\/freygut.ch\\\/fr\\\/#website\",\"url\":\"https:\\\/\\\/freygut.ch\\\/fr\\\/\",\"name\":\"freygut.ch\",\"description\":\"FREYGUT ACCOUNTING \u2013 Digitale Buchhaltung, Forensik &amp; Transaktionsberatung aus Z\u00fcrich. Ihr Schweizer Partner f\u00fcr Buchhaltung, Forensik, Transaktionen und Treuhand \u2013 100\u202f% digital, 100\u202f% diskret, 100\u202f% verl\u00e4sslich.\",\"publisher\":{\"@id\":\"https:\\\/\\\/freygut.ch\\\/fr\\\/#organization\"},\"potentialAction\":[{\"@type\":\"SearchAction\",\"target\":{\"@type\":\"EntryPoint\",\"urlTemplate\":\"https:\\\/\\\/freygut.ch\\\/fr\\\/?s={search_term_string}\"},\"query-input\":{\"@type\":\"PropertyValueSpecification\",\"valueRequired\":true,\"valueName\":\"search_term_string\"}}],\"inLanguage\":\"fr-FR\"},{\"@type\":\"Organization\",\"@id\":\"https:\\\/\\\/freygut.ch\\\/fr\\\/#organization\",\"name\":\"freygut.ch\",\"url\":\"https:\\\/\\\/freygut.ch\\\/fr\\\/\",\"logo\":{\"@type\":\"ImageObject\",\"inLanguage\":\"fr-FR\",\"@id\":\"https:\\\/\\\/freygut.ch\\\/fr\\\/#\\\/schema\\\/logo\\\/image\\\/\",\"url\":\"https:\\\/\\\/freygut.ch\\\/wp-content\\\/uploads\\\/2025\\\/07\\\/FRY_Logo-FRY-ACC-e1753882146163.png\",\"contentUrl\":\"https:\\\/\\\/freygut.ch\\\/wp-content\\\/uploads\\\/2025\\\/07\\\/FRY_Logo-FRY-ACC-e1753882146163.png\",\"width\":1766,\"height\":163,\"caption\":\"freygut.ch\"},\"image\":{\"@id\":\"https:\\\/\\\/freygut.ch\\\/fr\\\/#\\\/schema\\\/logo\\\/image\\\/\"}}]}<\/script>\n<!-- \/ Yoast SEO plugin. -->","yoast_head_json":{"title":"MENTIONS L\u00c9GALES - freygut.ch","robots":{"index":"index","follow":"follow","max-snippet":"max-snippet:-1","max-image-preview":"max-image-preview:large","max-video-preview":"max-video-preview:-1"},"canonical":"https:\/\/freygut.ch\/fr\/mentions-legales\/","schema":{"@context":"https:\/\/schema.org","@graph":[{"@type":"WebPage","@id":"https:\/\/freygut.ch\/fr\/mentions-legales\/","url":"https:\/\/freygut.ch\/fr\/mentions-legales\/","name":"MENTIONS L\u00c9GALES - freygut.ch","isPartOf":{"@id":"https:\/\/freygut.ch\/fr\/#website"},"datePublished":"2025-09-22T15:00:40+00:00","dateModified":"2026-02-28T18:45:08+00:00","breadcrumb":{"@id":"https:\/\/freygut.ch\/fr\/mentions-legales\/#breadcrumb"},"inLanguage":"fr-FR","potentialAction":[{"@type":"ReadAction","target":["https:\/\/freygut.ch\/fr\/mentions-legales\/"]}]},{"@type":"BreadcrumbList","@id":"https:\/\/freygut.ch\/fr\/mentions-legales\/#breadcrumb","itemListElement":[{"@type":"ListItem","position":1,"name":"Startseite","item":"https:\/\/freygut.ch\/fr\/"},{"@type":"ListItem","position":2,"name":"MENTIONS L\u00c9GALES"}]},{"@type":"WebSite","@id":"https:\/\/freygut.ch\/fr\/#website","url":"https:\/\/freygut.ch\/fr\/","name":"freygut.ch","description":"FREYGUT ACCOUNTING \u2013 Digitale Buchhaltung, Forensik &amp; Transaktionsberatung aus Z\u00fcrich. Ihr Schweizer Partner f\u00fcr Buchhaltung, Forensik, Transaktionen und Treuhand \u2013 100\u202f% digital, 100\u202f% diskret, 100\u202f% verl\u00e4sslich.","publisher":{"@id":"https:\/\/freygut.ch\/fr\/#organization"},"potentialAction":[{"@type":"SearchAction","target":{"@type":"EntryPoint","urlTemplate":"https:\/\/freygut.ch\/fr\/?s={search_term_string}"},"query-input":{"@type":"PropertyValueSpecification","valueRequired":true,"valueName":"search_term_string"}}],"inLanguage":"fr-FR"},{"@type":"Organization","@id":"https:\/\/freygut.ch\/fr\/#organization","name":"freygut.ch","url":"https:\/\/freygut.ch\/fr\/","logo":{"@type":"ImageObject","inLanguage":"fr-FR","@id":"https:\/\/freygut.ch\/fr\/#\/schema\/logo\/image\/","url":"https:\/\/freygut.ch\/wp-content\/uploads\/2025\/07\/FRY_Logo-FRY-ACC-e1753882146163.png","contentUrl":"https:\/\/freygut.ch\/wp-content\/uploads\/2025\/07\/FRY_Logo-FRY-ACC-e1753882146163.png","width":1766,"height":163,"caption":"freygut.ch"},"image":{"@id":"https:\/\/freygut.ch\/fr\/#\/schema\/logo\/image\/"}}]}},"_links":{"self":[{"href":"https:\/\/freygut.ch\/fr\/wp-json\/wp\/v2\/pages\/1475","targetHints":{"allow":["GET"]}}],"collection":[{"href":"https:\/\/freygut.ch\/fr\/wp-json\/wp\/v2\/pages"}],"about":[{"href":"https:\/\/freygut.ch\/fr\/wp-json\/wp\/v2\/types\/page"}],"author":[{"embeddable":true,"href":"https:\/\/freygut.ch\/fr\/wp-json\/wp\/v2\/users\/1"}],"replies":[{"embeddable":true,"href":"https:\/\/freygut.ch\/fr\/wp-json\/wp\/v2\/comments?post=1475"}],"version-history":[{"count":21,"href":"https:\/\/freygut.ch\/fr\/wp-json\/wp\/v2\/pages\/1475\/revisions"}],"predecessor-version":[{"id":2108,"href":"https:\/\/freygut.ch\/fr\/wp-json\/wp\/v2\/pages\/1475\/revisions\/2108"}],"wp:attachment":[{"href":"https:\/\/freygut.ch\/fr\/wp-json\/wp\/v2\/media?parent=1475"}],"curies":[{"name":"wp","href":"https:\/\/api.w.org\/{rel}","templated":true}]}}