{"id":409,"date":"2025-07-30T13:13:05","date_gmt":"2025-07-30T11:13:05","guid":{"rendered":"https:\/\/freygut.ch\/fideicomiso\/"},"modified":"2025-10-23T16:04:15","modified_gmt":"2025-10-23T14:04:15","slug":"fideicomiso","status":"publish","type":"page","link":"https:\/\/freygut.ch\/es\/fideicomiso\/","title":{"rendered":"EMPRENDEDORES"},"content":{"rendered":"\t\t<div data-elementor-type=\"wp-page\" data-elementor-id=\"409\" class=\"elementor elementor-409 elementor-35\" data-elementor-post-type=\"page\">\n\t\t\t\t<div class=\"elementor-element elementor-element-fda969c e-con-full e-flex e-con e-parent\" data-id=\"fda969c\" data-element_type=\"container\" data-e-type=\"container\" data-settings=\"{&quot;background_background&quot;:&quot;classic&quot;}\">\n\t\t\t\t<\/div>\n\t\t<div class=\"elementor-element elementor-element-f6e4ae0 e-flex e-con-boxed e-con e-parent\" data-id=\"f6e4ae0\" data-element_type=\"container\" data-e-type=\"container\">\n\t\t\t\t\t<div class=\"e-con-inner\">\n\t\t\t\t<div class=\"elementor-element elementor-element-11a498d elementor-widget elementor-widget-heading\" data-id=\"11a498d\" data-element_type=\"widget\" data-e-type=\"widget\" data-widget_type=\"heading.default\">\n\t\t\t\t\t<h1 class=\"elementor-heading-title elementor-size-default\">EMPRENDEDORES <\/h1>\t\t\t\t<\/div>\n\t\t\t\t\t<\/div>\n\t\t\t\t<\/div>\n\t\t<div class=\"elementor-element elementor-element-9f6262a e-flex e-con-boxed e-con e-parent\" data-id=\"9f6262a\" data-element_type=\"container\" data-e-type=\"container\">\n\t\t\t\t\t<div class=\"e-con-inner\">\n\t\t\t\t\t<\/div>\n\t\t\t\t<\/div>\n\t\t<div class=\"elementor-element elementor-element-960f0d8 e-flex e-con-boxed e-con e-parent\" data-id=\"960f0d8\" data-element_type=\"container\" data-e-type=\"container\">\n\t\t\t\t\t<div class=\"e-con-inner\">\n\t\t\t\t<div class=\"elementor-element elementor-element-d693386 elementor-widget elementor-widget-heading\" data-id=\"d693386\" data-element_type=\"widget\" data-e-type=\"widget\" data-widget_type=\"heading.default\">\n\t\t\t\t\t<h3 class=\"elementor-heading-title elementor-size-default\">Representaci\u00f3n fiduciaria de intereses<\/h3>\t\t\t\t<\/div>\n\t\t\t\t\t<\/div>\n\t\t\t\t<\/div>\n\t\t<div class=\"elementor-element elementor-element-da1751f e-flex e-con-boxed e-con e-parent\" data-id=\"da1751f\" data-element_type=\"container\" data-e-type=\"container\">\n\t\t\t\t\t<div class=\"e-con-inner\">\n\t\t\t\t\t<\/div>\n\t\t\t\t<\/div>\n\t\t<div class=\"elementor-element elementor-element-404b3ba e-flex e-con-boxed e-con e-parent\" data-id=\"404b3ba\" data-element_type=\"container\" data-e-type=\"container\">\n\t\t\t\t\t<div class=\"e-con-inner\">\n\t\t\t\t<div class=\"elementor-element elementor-element-bcda25a elementor-widget elementor-widget-text-editor\" data-id=\"bcda25a\" data-element_type=\"widget\" data-e-type=\"widget\" data-widget_type=\"text-editor.default\">\n\t\t\t\t\t\t\t\t\t<p>Apoyo y represento a empresas, particulares e instituciones en la planificaci\u00f3n, el establecimiento y la gesti\u00f3n de una sucursal, una reubicaci\u00f3n familiar o una oficina de representaci\u00f3n funcional en Suiza. Puedo ofrecer los siguientes servicios:<\/p>\t\t\t\t\t\t\t\t<\/div>\n\t\t\t\t<div class=\"elementor-element elementor-element-e391321 elementor-widget elementor-widget-text-editor\" data-id=\"e391321\" data-element_type=\"widget\" data-e-type=\"widget\" data-widget_type=\"text-editor.default\">\n\t\t\t\t\t\t\t\t\t<ul><li>An\u00e1lisis y selecci\u00f3n de ubicaci\u00f3n<\/li><li>Constituci\u00f3n de empresas<\/li><li>Banca<\/li><li>Obtenci\u00f3n de permisos y licencias<\/li><li>Representaci\u00f3n ante autoridades, oficinas y terceros<\/li><li>Relaciones p\u00fablicas, cabildeo y marketing<\/li><\/ul>\t\t\t\t\t\t\t\t<\/div>\n\t\t\t\t<div class=\"elementor-element elementor-element-2b75875 elementor-widget elementor-widget-spacer\" data-id=\"2b75875\" data-element_type=\"widget\" data-e-type=\"widget\" data-widget_type=\"spacer.default\">\n\t\t\t\t\t\t\t<div class=\"elementor-spacer\">\n\t\t\t<div class=\"elementor-spacer-inner\"><\/div>\n\t\t<\/div>\n\t\t\t\t\t\t<\/div>\n\t\t\t\t<div class=\"elementor-element elementor-element-1e1d5b1 elementor-widget elementor-widget-text-editor\" data-id=\"1e1d5b1\" data-element_type=\"widget\" data-e-type=\"widget\" data-widget_type=\"text-editor.default\">\n\t\t\t\t\t\t\t\t\t<p>Con gusto responder\u00e9 a sus preguntas en una conversaci\u00f3n inicial sin compromiso sobre c\u00f3mo puedo ayudarles a implementar su estrategia de ubicaci\u00f3n en Suiza.<\/p>\t\t\t\t\t\t\t\t<\/div>\n\t\t\t\t\t<\/div>\n\t\t\t\t<\/div>\n\t\t<div class=\"elementor-element elementor-element-ab948a9 e-flex e-con-boxed e-con e-parent\" data-id=\"ab948a9\" data-element_type=\"container\" data-e-type=\"container\">\n\t\t\t\t\t<div class=\"e-con-inner\">\n\t\t\t\t\t<\/div>\n\t\t\t\t<\/div>\n\t\t<div class=\"elementor-element elementor-element-19ec373 e-flex e-con-boxed e-con e-parent\" data-id=\"19ec373\" data-element_type=\"container\" data-e-type=\"container\">\n\t\t\t\t\t<div class=\"e-con-inner\">\n\t\t\t\t<div class=\"elementor-element elementor-element-c273050 elementor-widget elementor-widget-heading\" data-id=\"c273050\" data-element_type=\"widget\" data-e-type=\"widget\" data-widget_type=\"heading.default\">\n\t\t\t\t\t<h3 class=\"elementor-heading-title elementor-size-default\">Oficina del Emprendedor<\/h3>\t\t\t\t<\/div>\n\t\t\t\t\t<\/div>\n\t\t\t\t<\/div>\n\t\t<div class=\"elementor-element elementor-element-67e6f77 e-flex e-con-boxed e-con e-parent\" data-id=\"67e6f77\" data-element_type=\"container\" data-e-type=\"container\">\n\t\t\t\t\t<div class=\"e-con-inner\">\n\t\t\t\t\t<\/div>\n\t\t\t\t<\/div>\n\t\t<div class=\"elementor-element elementor-element-f485134 e-flex e-con-boxed e-con e-parent\" data-id=\"f485134\" data-element_type=\"container\" data-e-type=\"container\">\n\t\t\t\t\t<div class=\"e-con-inner\">\n\t\t\t\t<div class=\"elementor-element elementor-element-2a9caa9 elementor-widget elementor-widget-text-editor\" data-id=\"2a9caa9\" data-element_type=\"widget\" data-e-type=\"widget\" data-widget_type=\"text-editor.default\">\n\t\t\t\t\t\t\t\t\tNo necesita un consultor, sino la certeza de que sus objetivos se implementar\u00e1n con eficacia y rapidez, obteniendo los resultados deseados. En funci\u00f3n de la situaci\u00f3n inicial y de sus necesidades, le apoyo en el marco de una gesti\u00f3n de proyectos provisional o como director financiero fraccional hasta que alcance sus objetivos con precisi\u00f3n. Dependiendo de la naturaleza de su proyecto, un modelo de honorarios basado en el rendimiento es posible y bienvenido.  \t\t\t\t\t\t\t\t<\/div>\n\t\t\t\t\t<\/div>\n\t\t\t\t<\/div>\n\t\t<div class=\"elementor-element elementor-element-2f7329a e-flex e-con-boxed e-con e-parent\" data-id=\"2f7329a\" data-element_type=\"container\" data-e-type=\"container\">\n\t\t\t\t\t<div class=\"e-con-inner\">\n\t\t\t\t\t<\/div>\n\t\t\t\t<\/div>\n\t\t\t\t<\/div>\n\t\t","protected":false},"excerpt":{"rendered":"<p>EMPRENDEDORES Representaci\u00f3n fiduciaria de intereses Apoyo y represento a empresas, particulares e instituciones en la planificaci\u00f3n, el establecimiento y la gesti\u00f3n de una sucursal, una reubicaci\u00f3n familiar o una oficina de representaci\u00f3n funcional en Suiza. Puedo ofrecer los siguientes servicios: An\u00e1lisis y selecci\u00f3n de ubicaci\u00f3n Constituci\u00f3n de empresas Banca Obtenci\u00f3n de permisos y licencias Representaci\u00f3n [&hellip;]<\/p>\n","protected":false},"author":1,"featured_media":0,"parent":0,"menu_order":0,"comment_status":"closed","ping_status":"closed","template":"","meta":{"footnotes":""},"class_list":["post-409","page","type-page","status-publish","hentry"],"yoast_head":"<!-- This site is optimized with the Yoast SEO plugin v27.4 - https:\/\/yoast.com\/product\/yoast-seo-wordpress\/ -->\n<title>Empresarios Fiduciarios Suiza \u2013 Asesoramiento de Ubicaci\u00f3n &amp; Representaci\u00f3n | FREYGUT<\/title>\n<meta name=\"description\" content=\"FREYGUT FIDUCIARY ofrece fideicomiso empresarial en Suiza: elecci\u00f3n de ubicaci\u00f3n, fundaci\u00f3n, banca, representaci\u00f3n ante autoridades y asesoramiento estrat\u00e9gico\" \/>\n<meta name=\"robots\" content=\"index, follow, max-snippet:-1, max-image-preview:large, max-video-preview:-1\" \/>\n<link rel=\"canonical\" href=\"https:\/\/freygut.ch\/es\/fideicomiso\/\" \/>\n<script type=\"application\/ld+json\" class=\"yoast-schema-graph\">{\"@context\":\"https:\\\/\\\/schema.org\",\"@graph\":[{\"@type\":\"WebPage\",\"@id\":\"https:\\\/\\\/freygut.ch\\\/es\\\/fideicomiso\\\/\",\"url\":\"https:\\\/\\\/freygut.ch\\\/es\\\/fideicomiso\\\/\",\"name\":\"Empresarios Fiduciarios Suiza \u2013 Asesoramiento de Ubicaci\u00f3n & Representaci\u00f3n | FREYGUT\",\"isPartOf\":{\"@id\":\"https:\\\/\\\/freygut.ch\\\/es\\\/#website\"},\"datePublished\":\"2025-07-30T11:13:05+00:00\",\"dateModified\":\"2025-10-23T14:04:15+00:00\",\"description\":\"FREYGUT FIDUCIARY ofrece fideicomiso empresarial en Suiza: elecci\u00f3n de ubicaci\u00f3n, fundaci\u00f3n, banca, representaci\u00f3n ante autoridades y asesoramiento estrat\u00e9gico\",\"breadcrumb\":{\"@id\":\"https:\\\/\\\/freygut.ch\\\/es\\\/fideicomiso\\\/#breadcrumb\"},\"inLanguage\":\"es\",\"potentialAction\":[{\"@type\":\"ReadAction\",\"target\":[\"https:\\\/\\\/freygut.ch\\\/es\\\/fideicomiso\\\/\"]}]},{\"@type\":\"BreadcrumbList\",\"@id\":\"https:\\\/\\\/freygut.ch\\\/es\\\/fideicomiso\\\/#breadcrumb\",\"itemListElement\":[{\"@type\":\"ListItem\",\"position\":1,\"name\":\"Startseite\",\"item\":\"https:\\\/\\\/freygut.ch\\\/es\\\/\"},{\"@type\":\"ListItem\",\"position\":2,\"name\":\"EMPRENDEDORES\"}]},{\"@type\":\"WebSite\",\"@id\":\"https:\\\/\\\/freygut.ch\\\/es\\\/#website\",\"url\":\"https:\\\/\\\/freygut.ch\\\/es\\\/\",\"name\":\"freygut.ch\",\"description\":\"FREYGUT ACCOUNTING \u2013 Digitale Buchhaltung, Forensik &amp; Transaktionsberatung aus Z\u00fcrich. Ihr Schweizer Partner f\u00fcr Buchhaltung, Forensik, Transaktionen und Treuhand \u2013 100\u202f% digital, 100\u202f% diskret, 100\u202f% verl\u00e4sslich.\",\"publisher\":{\"@id\":\"https:\\\/\\\/freygut.ch\\\/es\\\/#organization\"},\"potentialAction\":[{\"@type\":\"SearchAction\",\"target\":{\"@type\":\"EntryPoint\",\"urlTemplate\":\"https:\\\/\\\/freygut.ch\\\/es\\\/?s={search_term_string}\"},\"query-input\":{\"@type\":\"PropertyValueSpecification\",\"valueRequired\":true,\"valueName\":\"search_term_string\"}}],\"inLanguage\":\"es\"},{\"@type\":\"Organization\",\"@id\":\"https:\\\/\\\/freygut.ch\\\/es\\\/#organization\",\"name\":\"freygut.ch\",\"url\":\"https:\\\/\\\/freygut.ch\\\/es\\\/\",\"logo\":{\"@type\":\"ImageObject\",\"inLanguage\":\"es\",\"@id\":\"https:\\\/\\\/freygut.ch\\\/es\\\/#\\\/schema\\\/logo\\\/image\\\/\",\"url\":\"https:\\\/\\\/freygut.ch\\\/wp-content\\\/uploads\\\/2025\\\/07\\\/FRY_Logo-FRY-ACC-e1753882146163.png\",\"contentUrl\":\"https:\\\/\\\/freygut.ch\\\/wp-content\\\/uploads\\\/2025\\\/07\\\/FRY_Logo-FRY-ACC-e1753882146163.png\",\"width\":1766,\"height\":163,\"caption\":\"freygut.ch\"},\"image\":{\"@id\":\"https:\\\/\\\/freygut.ch\\\/es\\\/#\\\/schema\\\/logo\\\/image\\\/\"}}]}<\/script>\n<!-- \/ Yoast SEO plugin. -->","yoast_head_json":{"title":"Empresarios Fiduciarios Suiza \u2013 Asesoramiento de Ubicaci\u00f3n & Representaci\u00f3n | FREYGUT","description":"FREYGUT FIDUCIARY ofrece fideicomiso empresarial en Suiza: elecci\u00f3n de ubicaci\u00f3n, fundaci\u00f3n, banca, representaci\u00f3n ante autoridades y asesoramiento estrat\u00e9gico","robots":{"index":"index","follow":"follow","max-snippet":"max-snippet:-1","max-image-preview":"max-image-preview:large","max-video-preview":"max-video-preview:-1"},"canonical":"https:\/\/freygut.ch\/es\/fideicomiso\/","schema":{"@context":"https:\/\/schema.org","@graph":[{"@type":"WebPage","@id":"https:\/\/freygut.ch\/es\/fideicomiso\/","url":"https:\/\/freygut.ch\/es\/fideicomiso\/","name":"Empresarios Fiduciarios Suiza \u2013 Asesoramiento de Ubicaci\u00f3n & Representaci\u00f3n | FREYGUT","isPartOf":{"@id":"https:\/\/freygut.ch\/es\/#website"},"datePublished":"2025-07-30T11:13:05+00:00","dateModified":"2025-10-23T14:04:15+00:00","description":"FREYGUT FIDUCIARY ofrece fideicomiso empresarial en Suiza: elecci\u00f3n de ubicaci\u00f3n, fundaci\u00f3n, banca, representaci\u00f3n ante autoridades y asesoramiento estrat\u00e9gico","breadcrumb":{"@id":"https:\/\/freygut.ch\/es\/fideicomiso\/#breadcrumb"},"inLanguage":"es","potentialAction":[{"@type":"ReadAction","target":["https:\/\/freygut.ch\/es\/fideicomiso\/"]}]},{"@type":"BreadcrumbList","@id":"https:\/\/freygut.ch\/es\/fideicomiso\/#breadcrumb","itemListElement":[{"@type":"ListItem","position":1,"name":"Startseite","item":"https:\/\/freygut.ch\/es\/"},{"@type":"ListItem","position":2,"name":"EMPRENDEDORES"}]},{"@type":"WebSite","@id":"https:\/\/freygut.ch\/es\/#website","url":"https:\/\/freygut.ch\/es\/","name":"freygut.ch","description":"FREYGUT ACCOUNTING \u2013 Digitale Buchhaltung, Forensik &amp; Transaktionsberatung aus Z\u00fcrich. Ihr Schweizer Partner f\u00fcr Buchhaltung, Forensik, Transaktionen und Treuhand \u2013 100\u202f% digital, 100\u202f% diskret, 100\u202f% verl\u00e4sslich.","publisher":{"@id":"https:\/\/freygut.ch\/es\/#organization"},"potentialAction":[{"@type":"SearchAction","target":{"@type":"EntryPoint","urlTemplate":"https:\/\/freygut.ch\/es\/?s={search_term_string}"},"query-input":{"@type":"PropertyValueSpecification","valueRequired":true,"valueName":"search_term_string"}}],"inLanguage":"es"},{"@type":"Organization","@id":"https:\/\/freygut.ch\/es\/#organization","name":"freygut.ch","url":"https:\/\/freygut.ch\/es\/","logo":{"@type":"ImageObject","inLanguage":"es","@id":"https:\/\/freygut.ch\/es\/#\/schema\/logo\/image\/","url":"https:\/\/freygut.ch\/wp-content\/uploads\/2025\/07\/FRY_Logo-FRY-ACC-e1753882146163.png","contentUrl":"https:\/\/freygut.ch\/wp-content\/uploads\/2025\/07\/FRY_Logo-FRY-ACC-e1753882146163.png","width":1766,"height":163,"caption":"freygut.ch"},"image":{"@id":"https:\/\/freygut.ch\/es\/#\/schema\/logo\/image\/"}}]}},"_links":{"self":[{"href":"https:\/\/freygut.ch\/es\/wp-json\/wp\/v2\/pages\/409","targetHints":{"allow":["GET"]}}],"collection":[{"href":"https:\/\/freygut.ch\/es\/wp-json\/wp\/v2\/pages"}],"about":[{"href":"https:\/\/freygut.ch\/es\/wp-json\/wp\/v2\/types\/page"}],"author":[{"embeddable":true,"href":"https:\/\/freygut.ch\/es\/wp-json\/wp\/v2\/users\/1"}],"replies":[{"embeddable":true,"href":"https:\/\/freygut.ch\/es\/wp-json\/wp\/v2\/comments?post=409"}],"version-history":[{"count":12,"href":"https:\/\/freygut.ch\/es\/wp-json\/wp\/v2\/pages\/409\/revisions"}],"predecessor-version":[{"id":1789,"href":"https:\/\/freygut.ch\/es\/wp-json\/wp\/v2\/pages\/409\/revisions\/1789"}],"wp:attachment":[{"href":"https:\/\/freygut.ch\/es\/wp-json\/wp\/v2\/media?parent=409"}],"curies":[{"name":"wp","href":"https:\/\/api.w.org\/{rel}","templated":true}]}}