{"id":403,"date":"2025-07-30T13:12:59","date_gmt":"2025-07-30T11:12:59","guid":{"rendered":"https:\/\/freygut.ch\/transacciones\/"},"modified":"2025-10-24T19:38:19","modified_gmt":"2025-10-24T17:38:19","slug":"transacciones","status":"publish","type":"page","link":"https:\/\/freygut.ch\/es\/transacciones\/","title":{"rendered":"TRANSACCIONES"},"content":{"rendered":"\t\t<div data-elementor-type=\"wp-page\" data-elementor-id=\"403\" class=\"elementor elementor-403 elementor-33\" data-elementor-post-type=\"page\">\n\t\t\t\t<div class=\"elementor-element elementor-element-37561f8 e-con-full e-flex e-con e-parent\" data-id=\"37561f8\" data-element_type=\"container\" data-e-type=\"container\" data-settings=\"{&quot;background_background&quot;:&quot;classic&quot;}\">\n\t\t\t\t<\/div>\n\t\t<div class=\"elementor-element elementor-element-a19c4ca e-flex e-con-boxed e-con e-parent\" data-id=\"a19c4ca\" data-element_type=\"container\" data-e-type=\"container\">\n\t\t\t\t\t<div class=\"e-con-inner\">\n\t\t\t\t<div class=\"elementor-element elementor-element-36ffd83 elementor-widget elementor-widget-heading\" data-id=\"36ffd83\" data-element_type=\"widget\" data-e-type=\"widget\" data-widget_type=\"heading.default\">\n\t\t\t\t\t<h2 class=\"elementor-heading-title elementor-size-default\">TRANSACCIONES<\/h2>\t\t\t\t<\/div>\n\t\t\t\t\t<\/div>\n\t\t\t\t<\/div>\n\t\t<div class=\"elementor-element elementor-element-f00a75f e-flex e-con-boxed e-con e-parent\" data-id=\"f00a75f\" data-element_type=\"container\" data-e-type=\"container\">\n\t\t\t\t\t<div class=\"e-con-inner\">\n\t\t\t\t\t<\/div>\n\t\t\t\t<\/div>\n\t\t<div class=\"elementor-element elementor-element-8f86606 e-flex e-con-boxed e-con e-parent\" data-id=\"8f86606\" data-element_type=\"container\" data-e-type=\"container\">\n\t\t\t\t\t<div class=\"e-con-inner\">\n\t\t\t\t<div class=\"elementor-element elementor-element-4b45092 elementor-widget elementor-widget-text-editor\" data-id=\"4b45092\" data-element_type=\"widget\" data-e-type=\"widget\" data-widget_type=\"text-editor.default\">\n\t\t\t\t\t\t\t\t\t<p>El \u00e9xito sostenible en la ejecuci\u00f3n de transacciones corporativas, financieras o inmobiliarias depende en gran medida de una preparaci\u00f3n minuciosa, una valoraci\u00f3n clara y una documentaci\u00f3n convincente.<\/p><p>En colaboraci\u00f3n con reconocidos expertos legales, fiscales y de inversi\u00f3n, le apoyo en la planificaci\u00f3n, estructuraci\u00f3n y ejecuci\u00f3n, generalmente compleja y laboriosa, de sus proyectos de transacciones corporativas y financiaci\u00f3n, como la compraventa de empresas o la financiaci\u00f3n.<\/p><p>Una red consolidada y estable de inversores, empresas y responsables de la Decisi\u00f3n permite la identificaci\u00f3n eficiente y el contacto directo con posibles socios financieros o destinatarios de transacciones.<\/p>\t\t\t\t\t\t\t\t<\/div>\n\t\t\t\t\t<\/div>\n\t\t\t\t<\/div>\n\t\t<div class=\"elementor-element elementor-element-993a792 e-flex e-con-boxed e-con e-parent\" data-id=\"993a792\" data-element_type=\"container\" data-e-type=\"container\">\n\t\t\t\t\t<div class=\"e-con-inner\">\n\t\t\t\t\t<\/div>\n\t\t\t\t<\/div>\n\t\t\t\t<\/div>\n\t\t","protected":false},"excerpt":{"rendered":"<p>TRANSACCIONES El \u00e9xito sostenible en la ejecuci\u00f3n de transacciones corporativas, financieras o inmobiliarias depende en gran medida de una preparaci\u00f3n minuciosa, una valoraci\u00f3n clara y una documentaci\u00f3n convincente. En colaboraci\u00f3n con reconocidos expertos legales, fiscales y de inversi\u00f3n, le apoyo en la planificaci\u00f3n, estructuraci\u00f3n y ejecuci\u00f3n, generalmente compleja y laboriosa, de sus proyectos de transacciones [&hellip;]<\/p>\n","protected":false},"author":1,"featured_media":0,"parent":0,"menu_order":0,"comment_status":"closed","ping_status":"closed","template":"","meta":{"footnotes":""},"class_list":["post-403","page","type-page","status-publish","hentry"],"yoast_head":"<!-- This site is optimized with the Yoast SEO plugin v27.4 - https:\/\/yoast.com\/product\/yoast-seo-wordpress\/ -->\n<title>Transacciones empresariales Suiza \u2013 Asesoramiento &amp; Financiaci\u00f3n | FREYGUT Corporate Finance<\/title>\n<meta name=\"description\" content=\"FREYGUT Corporate Finance asesora en transacciones empresariales en Suiza, desde la valoraci\u00f3n hasta la financiaci\u00f3n, con expertos experimentados y una s\u00f3lida red.\" \/>\n<meta name=\"robots\" content=\"index, follow, max-snippet:-1, max-image-preview:large, max-video-preview:-1\" \/>\n<link rel=\"canonical\" href=\"https:\/\/freygut.ch\/es\/transacciones\/\" \/>\n<script type=\"application\/ld+json\" class=\"yoast-schema-graph\">{\"@context\":\"https:\\\/\\\/schema.org\",\"@graph\":[{\"@type\":\"WebPage\",\"@id\":\"https:\\\/\\\/freygut.ch\\\/es\\\/transacciones\\\/\",\"url\":\"https:\\\/\\\/freygut.ch\\\/es\\\/transacciones\\\/\",\"name\":\"Transacciones empresariales Suiza \u2013 Asesoramiento & Financiaci\u00f3n | FREYGUT Corporate Finance\",\"isPartOf\":{\"@id\":\"https:\\\/\\\/freygut.ch\\\/es\\\/#website\"},\"datePublished\":\"2025-07-30T11:12:59+00:00\",\"dateModified\":\"2025-10-24T17:38:19+00:00\",\"description\":\"FREYGUT Corporate Finance asesora en transacciones empresariales en Suiza, desde la valoraci\u00f3n hasta la financiaci\u00f3n, con expertos experimentados y una s\u00f3lida red.\",\"breadcrumb\":{\"@id\":\"https:\\\/\\\/freygut.ch\\\/es\\\/transacciones\\\/#breadcrumb\"},\"inLanguage\":\"es\",\"potentialAction\":[{\"@type\":\"ReadAction\",\"target\":[\"https:\\\/\\\/freygut.ch\\\/es\\\/transacciones\\\/\"]}]},{\"@type\":\"BreadcrumbList\",\"@id\":\"https:\\\/\\\/freygut.ch\\\/es\\\/transacciones\\\/#breadcrumb\",\"itemListElement\":[{\"@type\":\"ListItem\",\"position\":1,\"name\":\"Startseite\",\"item\":\"https:\\\/\\\/freygut.ch\\\/es\\\/\"},{\"@type\":\"ListItem\",\"position\":2,\"name\":\"TRANSACCIONES\"}]},{\"@type\":\"WebSite\",\"@id\":\"https:\\\/\\\/freygut.ch\\\/es\\\/#website\",\"url\":\"https:\\\/\\\/freygut.ch\\\/es\\\/\",\"name\":\"freygut.ch\",\"description\":\"FREYGUT ACCOUNTING \u2013 Digitale Buchhaltung, Forensik &amp; Transaktionsberatung aus Z\u00fcrich. Ihr Schweizer Partner f\u00fcr Buchhaltung, Forensik, Transaktionen und Treuhand \u2013 100\u202f% digital, 100\u202f% diskret, 100\u202f% verl\u00e4sslich.\",\"publisher\":{\"@id\":\"https:\\\/\\\/freygut.ch\\\/es\\\/#organization\"},\"potentialAction\":[{\"@type\":\"SearchAction\",\"target\":{\"@type\":\"EntryPoint\",\"urlTemplate\":\"https:\\\/\\\/freygut.ch\\\/es\\\/?s={search_term_string}\"},\"query-input\":{\"@type\":\"PropertyValueSpecification\",\"valueRequired\":true,\"valueName\":\"search_term_string\"}}],\"inLanguage\":\"es\"},{\"@type\":\"Organization\",\"@id\":\"https:\\\/\\\/freygut.ch\\\/es\\\/#organization\",\"name\":\"freygut.ch\",\"url\":\"https:\\\/\\\/freygut.ch\\\/es\\\/\",\"logo\":{\"@type\":\"ImageObject\",\"inLanguage\":\"es\",\"@id\":\"https:\\\/\\\/freygut.ch\\\/es\\\/#\\\/schema\\\/logo\\\/image\\\/\",\"url\":\"https:\\\/\\\/freygut.ch\\\/wp-content\\\/uploads\\\/2025\\\/07\\\/FRY_Logo-FRY-ACC-e1753882146163.png\",\"contentUrl\":\"https:\\\/\\\/freygut.ch\\\/wp-content\\\/uploads\\\/2025\\\/07\\\/FRY_Logo-FRY-ACC-e1753882146163.png\",\"width\":1766,\"height\":163,\"caption\":\"freygut.ch\"},\"image\":{\"@id\":\"https:\\\/\\\/freygut.ch\\\/es\\\/#\\\/schema\\\/logo\\\/image\\\/\"}}]}<\/script>\n<!-- \/ Yoast SEO plugin. -->","yoast_head_json":{"title":"Transacciones empresariales Suiza \u2013 Asesoramiento & Financiaci\u00f3n | FREYGUT Corporate Finance","description":"FREYGUT Corporate Finance asesora en transacciones empresariales en Suiza, desde la valoraci\u00f3n hasta la financiaci\u00f3n, con expertos experimentados y una s\u00f3lida red.","robots":{"index":"index","follow":"follow","max-snippet":"max-snippet:-1","max-image-preview":"max-image-preview:large","max-video-preview":"max-video-preview:-1"},"canonical":"https:\/\/freygut.ch\/es\/transacciones\/","schema":{"@context":"https:\/\/schema.org","@graph":[{"@type":"WebPage","@id":"https:\/\/freygut.ch\/es\/transacciones\/","url":"https:\/\/freygut.ch\/es\/transacciones\/","name":"Transacciones empresariales Suiza \u2013 Asesoramiento & Financiaci\u00f3n | FREYGUT Corporate Finance","isPartOf":{"@id":"https:\/\/freygut.ch\/es\/#website"},"datePublished":"2025-07-30T11:12:59+00:00","dateModified":"2025-10-24T17:38:19+00:00","description":"FREYGUT Corporate Finance asesora en transacciones empresariales en Suiza, desde la valoraci\u00f3n hasta la financiaci\u00f3n, con expertos experimentados y una s\u00f3lida red.","breadcrumb":{"@id":"https:\/\/freygut.ch\/es\/transacciones\/#breadcrumb"},"inLanguage":"es","potentialAction":[{"@type":"ReadAction","target":["https:\/\/freygut.ch\/es\/transacciones\/"]}]},{"@type":"BreadcrumbList","@id":"https:\/\/freygut.ch\/es\/transacciones\/#breadcrumb","itemListElement":[{"@type":"ListItem","position":1,"name":"Startseite","item":"https:\/\/freygut.ch\/es\/"},{"@type":"ListItem","position":2,"name":"TRANSACCIONES"}]},{"@type":"WebSite","@id":"https:\/\/freygut.ch\/es\/#website","url":"https:\/\/freygut.ch\/es\/","name":"freygut.ch","description":"FREYGUT ACCOUNTING \u2013 Digitale Buchhaltung, Forensik &amp; Transaktionsberatung aus Z\u00fcrich. Ihr Schweizer Partner f\u00fcr Buchhaltung, Forensik, Transaktionen und Treuhand \u2013 100\u202f% digital, 100\u202f% diskret, 100\u202f% verl\u00e4sslich.","publisher":{"@id":"https:\/\/freygut.ch\/es\/#organization"},"potentialAction":[{"@type":"SearchAction","target":{"@type":"EntryPoint","urlTemplate":"https:\/\/freygut.ch\/es\/?s={search_term_string}"},"query-input":{"@type":"PropertyValueSpecification","valueRequired":true,"valueName":"search_term_string"}}],"inLanguage":"es"},{"@type":"Organization","@id":"https:\/\/freygut.ch\/es\/#organization","name":"freygut.ch","url":"https:\/\/freygut.ch\/es\/","logo":{"@type":"ImageObject","inLanguage":"es","@id":"https:\/\/freygut.ch\/es\/#\/schema\/logo\/image\/","url":"https:\/\/freygut.ch\/wp-content\/uploads\/2025\/07\/FRY_Logo-FRY-ACC-e1753882146163.png","contentUrl":"https:\/\/freygut.ch\/wp-content\/uploads\/2025\/07\/FRY_Logo-FRY-ACC-e1753882146163.png","width":1766,"height":163,"caption":"freygut.ch"},"image":{"@id":"https:\/\/freygut.ch\/es\/#\/schema\/logo\/image\/"}}]}},"_links":{"self":[{"href":"https:\/\/freygut.ch\/es\/wp-json\/wp\/v2\/pages\/403","targetHints":{"allow":["GET"]}}],"collection":[{"href":"https:\/\/freygut.ch\/es\/wp-json\/wp\/v2\/pages"}],"about":[{"href":"https:\/\/freygut.ch\/es\/wp-json\/wp\/v2\/types\/page"}],"author":[{"embeddable":true,"href":"https:\/\/freygut.ch\/es\/wp-json\/wp\/v2\/users\/1"}],"replies":[{"embeddable":true,"href":"https:\/\/freygut.ch\/es\/wp-json\/wp\/v2\/comments?post=403"}],"version-history":[{"count":13,"href":"https:\/\/freygut.ch\/es\/wp-json\/wp\/v2\/pages\/403\/revisions"}],"predecessor-version":[{"id":1915,"href":"https:\/\/freygut.ch\/es\/wp-json\/wp\/v2\/pages\/403\/revisions\/1915"}],"wp:attachment":[{"href":"https:\/\/freygut.ch\/es\/wp-json\/wp\/v2\/media?parent=403"}],"curies":[{"name":"wp","href":"https:\/\/api.w.org\/{rel}","templated":true}]}}