{"id":397,"date":"2025-08-11T10:55:12","date_gmt":"2025-08-11T08:55:12","guid":{"rendered":"https:\/\/freygut.ch\/oportunidades\/"},"modified":"2026-03-10T17:33:27","modified_gmt":"2026-03-10T16:33:27","slug":"oportunidades","status":"publish","type":"page","link":"https:\/\/freygut.ch\/es\/oportunidades\/","title":{"rendered":"Oportunidades"},"content":{"rendered":"\t\t<div data-elementor-type=\"wp-page\" data-elementor-id=\"397\" class=\"elementor elementor-397 elementor-353\" data-elementor-post-type=\"page\">\n\t\t\t\t<div class=\"elementor-element elementor-element-4e40e22 e-con-full e-flex e-con e-parent\" data-id=\"4e40e22\" data-element_type=\"container\" data-e-type=\"container\" data-settings=\"{&quot;background_background&quot;:&quot;classic&quot;}\">\n\t\t\t\t<\/div>\n\t\t<div class=\"elementor-element elementor-element-4b2b8fb e-flex e-con-boxed e-con e-parent\" data-id=\"4b2b8fb\" data-element_type=\"container\" data-e-type=\"container\">\n\t\t\t\t\t<div class=\"e-con-inner\">\n\t\t\t\t<div class=\"elementor-element elementor-element-e01c8dd elementor-widget elementor-widget-heading\" data-id=\"e01c8dd\" data-element_type=\"widget\" data-e-type=\"widget\" data-widget_type=\"heading.default\">\n\t\t\t\t\t<h1 class=\"elementor-heading-title elementor-size-default\">OPORTUNIDADES<\/h1>\t\t\t\t<\/div>\n\t\t\t\t\t<\/div>\n\t\t\t\t<\/div>\n\t\t<div class=\"elementor-element elementor-element-d5ab55e e-flex e-con-boxed e-con e-parent\" data-id=\"d5ab55e\" data-element_type=\"container\" data-e-type=\"container\">\n\t\t\t\t\t<div class=\"e-con-inner\">\n\t\t\t\t\t<\/div>\n\t\t\t\t<\/div>\n\t\t<div class=\"elementor-element elementor-element-e16bc60 e-flex e-con-boxed e-con e-parent\" data-id=\"e16bc60\" data-element_type=\"container\" data-e-type=\"container\">\n\t\t\t\t\t<div class=\"e-con-inner\">\n\t\t\t\t<div class=\"elementor-element elementor-element-a5b09f6 elementor-widget elementor-widget-text-editor\" data-id=\"a5b09f6\" data-element_type=\"widget\" data-e-type=\"widget\" data-widget_type=\"text-editor.default\">\n\t\t\t\t\t\t\t\t\t<p>Est\u00e1 considerando adquirir o desinvertir una empresa o desea obtener m\u00e1s informaci\u00f3n sobre las opciones de financiaci\u00f3n para un proyecto planificado.<\/p><p>FREYGUT CORPORATE FINANCE mantiene un contacto regular con los participantes relevantes del mercado y posibles socios comerciales, identificando a menudo oportunidades mucho antes de que se manifiesten.<\/p><p>Con gusto le enviar\u00e9 un resumen de las solicitudes de inversi\u00f3n y ofertas de venta actuales si lo solicita.<\/p>\t\t\t\t\t\t\t\t<\/div>\n\t\t\t\t\t<\/div>\n\t\t\t\t<\/div>\n\t\t<div class=\"elementor-element elementor-element-53a4ba9 e-flex e-con-boxed e-con e-parent\" data-id=\"53a4ba9\" data-element_type=\"container\" data-e-type=\"container\">\n\t\t\t\t\t<div class=\"e-con-inner\">\n\t\t\t\t\t<\/div>\n\t\t\t\t<\/div>\n\t\t\t\t<\/div>\n\t\t","protected":false},"excerpt":{"rendered":"<p>OPORTUNIDADES Est\u00e1 considerando adquirir o desinvertir una empresa o desea obtener m\u00e1s informaci\u00f3n sobre las opciones de financiaci\u00f3n para un proyecto planificado. FREYGUT CORPORATE FINANCE mantiene un contacto regular con los participantes relevantes del mercado y posibles socios comerciales, identificando a menudo oportunidades mucho antes de que se manifiesten. Con gusto le enviar\u00e9 un resumen [&hellip;]<\/p>\n","protected":false},"author":1,"featured_media":0,"parent":0,"menu_order":0,"comment_status":"closed","ping_status":"closed","template":"","meta":{"footnotes":""},"class_list":["post-397","page","type-page","status-publish","hentry"],"yoast_head":"<!-- This site is optimized with the Yoast SEO plugin v27.4 - https:\/\/yoast.com\/product\/yoast-seo-wordpress\/ -->\n<title>Compra de empresas y financiaci\u00f3n Suiza \u2013 FREYGUT Corporate Finance<\/title>\n<meta name=\"description\" content=\"FREYGUT Corporate Finance ofrece asesoramiento sobre compra, venta y financiaci\u00f3n de empresas en Suiza, con acceso a oportunidades de mercado exclusivas.\" \/>\n<meta name=\"robots\" content=\"index, follow, max-snippet:-1, max-image-preview:large, max-video-preview:-1\" \/>\n<link rel=\"canonical\" href=\"https:\/\/freygut.ch\/es\/oportunidades\/\" \/>\n<script type=\"application\/ld+json\" class=\"yoast-schema-graph\">{\"@context\":\"https:\\\/\\\/schema.org\",\"@graph\":[{\"@type\":\"WebPage\",\"@id\":\"https:\\\/\\\/freygut.ch\\\/es\\\/oportunidades\\\/\",\"url\":\"https:\\\/\\\/freygut.ch\\\/es\\\/oportunidades\\\/\",\"name\":\"Compra de empresas y financiaci\u00f3n Suiza \u2013 FREYGUT Corporate Finance\",\"isPartOf\":{\"@id\":\"https:\\\/\\\/freygut.ch\\\/es\\\/#website\"},\"datePublished\":\"2025-08-11T08:55:12+00:00\",\"dateModified\":\"2026-03-10T16:33:27+00:00\",\"description\":\"FREYGUT Corporate Finance ofrece asesoramiento sobre compra, venta y financiaci\u00f3n de empresas en Suiza, con acceso a oportunidades de mercado exclusivas.\",\"breadcrumb\":{\"@id\":\"https:\\\/\\\/freygut.ch\\\/es\\\/oportunidades\\\/#breadcrumb\"},\"inLanguage\":\"es\",\"potentialAction\":[{\"@type\":\"ReadAction\",\"target\":[\"https:\\\/\\\/freygut.ch\\\/es\\\/oportunidades\\\/\"]}]},{\"@type\":\"BreadcrumbList\",\"@id\":\"https:\\\/\\\/freygut.ch\\\/es\\\/oportunidades\\\/#breadcrumb\",\"itemListElement\":[{\"@type\":\"ListItem\",\"position\":1,\"name\":\"Startseite\",\"item\":\"https:\\\/\\\/freygut.ch\\\/es\\\/\"},{\"@type\":\"ListItem\",\"position\":2,\"name\":\"Oportunidades\"}]},{\"@type\":\"WebSite\",\"@id\":\"https:\\\/\\\/freygut.ch\\\/es\\\/#website\",\"url\":\"https:\\\/\\\/freygut.ch\\\/es\\\/\",\"name\":\"freygut.ch\",\"description\":\"FREYGUT ACCOUNTING \u2013 Digitale Buchhaltung, Forensik &amp; Transaktionsberatung aus Z\u00fcrich. Ihr Schweizer Partner f\u00fcr Buchhaltung, Forensik, Transaktionen und Treuhand \u2013 100\u202f% digital, 100\u202f% diskret, 100\u202f% verl\u00e4sslich.\",\"publisher\":{\"@id\":\"https:\\\/\\\/freygut.ch\\\/es\\\/#organization\"},\"potentialAction\":[{\"@type\":\"SearchAction\",\"target\":{\"@type\":\"EntryPoint\",\"urlTemplate\":\"https:\\\/\\\/freygut.ch\\\/es\\\/?s={search_term_string}\"},\"query-input\":{\"@type\":\"PropertyValueSpecification\",\"valueRequired\":true,\"valueName\":\"search_term_string\"}}],\"inLanguage\":\"es\"},{\"@type\":\"Organization\",\"@id\":\"https:\\\/\\\/freygut.ch\\\/es\\\/#organization\",\"name\":\"freygut.ch\",\"url\":\"https:\\\/\\\/freygut.ch\\\/es\\\/\",\"logo\":{\"@type\":\"ImageObject\",\"inLanguage\":\"es\",\"@id\":\"https:\\\/\\\/freygut.ch\\\/es\\\/#\\\/schema\\\/logo\\\/image\\\/\",\"url\":\"https:\\\/\\\/freygut.ch\\\/wp-content\\\/uploads\\\/2025\\\/07\\\/FRY_Logo-FRY-ACC-e1753882146163.png\",\"contentUrl\":\"https:\\\/\\\/freygut.ch\\\/wp-content\\\/uploads\\\/2025\\\/07\\\/FRY_Logo-FRY-ACC-e1753882146163.png\",\"width\":1766,\"height\":163,\"caption\":\"freygut.ch\"},\"image\":{\"@id\":\"https:\\\/\\\/freygut.ch\\\/es\\\/#\\\/schema\\\/logo\\\/image\\\/\"}}]}<\/script>\n<!-- \/ Yoast SEO plugin. -->","yoast_head_json":{"title":"Compra de empresas y financiaci\u00f3n Suiza \u2013 FREYGUT Corporate Finance","description":"FREYGUT Corporate Finance ofrece asesoramiento sobre compra, venta y financiaci\u00f3n de empresas en Suiza, con acceso a oportunidades de mercado exclusivas.","robots":{"index":"index","follow":"follow","max-snippet":"max-snippet:-1","max-image-preview":"max-image-preview:large","max-video-preview":"max-video-preview:-1"},"canonical":"https:\/\/freygut.ch\/es\/oportunidades\/","schema":{"@context":"https:\/\/schema.org","@graph":[{"@type":"WebPage","@id":"https:\/\/freygut.ch\/es\/oportunidades\/","url":"https:\/\/freygut.ch\/es\/oportunidades\/","name":"Compra de empresas y financiaci\u00f3n Suiza \u2013 FREYGUT Corporate Finance","isPartOf":{"@id":"https:\/\/freygut.ch\/es\/#website"},"datePublished":"2025-08-11T08:55:12+00:00","dateModified":"2026-03-10T16:33:27+00:00","description":"FREYGUT Corporate Finance ofrece asesoramiento sobre compra, venta y financiaci\u00f3n de empresas en Suiza, con acceso a oportunidades de mercado exclusivas.","breadcrumb":{"@id":"https:\/\/freygut.ch\/es\/oportunidades\/#breadcrumb"},"inLanguage":"es","potentialAction":[{"@type":"ReadAction","target":["https:\/\/freygut.ch\/es\/oportunidades\/"]}]},{"@type":"BreadcrumbList","@id":"https:\/\/freygut.ch\/es\/oportunidades\/#breadcrumb","itemListElement":[{"@type":"ListItem","position":1,"name":"Startseite","item":"https:\/\/freygut.ch\/es\/"},{"@type":"ListItem","position":2,"name":"Oportunidades"}]},{"@type":"WebSite","@id":"https:\/\/freygut.ch\/es\/#website","url":"https:\/\/freygut.ch\/es\/","name":"freygut.ch","description":"FREYGUT ACCOUNTING \u2013 Digitale Buchhaltung, Forensik &amp; Transaktionsberatung aus Z\u00fcrich. Ihr Schweizer Partner f\u00fcr Buchhaltung, Forensik, Transaktionen und Treuhand \u2013 100\u202f% digital, 100\u202f% diskret, 100\u202f% verl\u00e4sslich.","publisher":{"@id":"https:\/\/freygut.ch\/es\/#organization"},"potentialAction":[{"@type":"SearchAction","target":{"@type":"EntryPoint","urlTemplate":"https:\/\/freygut.ch\/es\/?s={search_term_string}"},"query-input":{"@type":"PropertyValueSpecification","valueRequired":true,"valueName":"search_term_string"}}],"inLanguage":"es"},{"@type":"Organization","@id":"https:\/\/freygut.ch\/es\/#organization","name":"freygut.ch","url":"https:\/\/freygut.ch\/es\/","logo":{"@type":"ImageObject","inLanguage":"es","@id":"https:\/\/freygut.ch\/es\/#\/schema\/logo\/image\/","url":"https:\/\/freygut.ch\/wp-content\/uploads\/2025\/07\/FRY_Logo-FRY-ACC-e1753882146163.png","contentUrl":"https:\/\/freygut.ch\/wp-content\/uploads\/2025\/07\/FRY_Logo-FRY-ACC-e1753882146163.png","width":1766,"height":163,"caption":"freygut.ch"},"image":{"@id":"https:\/\/freygut.ch\/es\/#\/schema\/logo\/image\/"}}]}},"_links":{"self":[{"href":"https:\/\/freygut.ch\/es\/wp-json\/wp\/v2\/pages\/397","targetHints":{"allow":["GET"]}}],"collection":[{"href":"https:\/\/freygut.ch\/es\/wp-json\/wp\/v2\/pages"}],"about":[{"href":"https:\/\/freygut.ch\/es\/wp-json\/wp\/v2\/types\/page"}],"author":[{"embeddable":true,"href":"https:\/\/freygut.ch\/es\/wp-json\/wp\/v2\/users\/1"}],"replies":[{"embeddable":true,"href":"https:\/\/freygut.ch\/es\/wp-json\/wp\/v2\/comments?post=397"}],"version-history":[{"count":12,"href":"https:\/\/freygut.ch\/es\/wp-json\/wp\/v2\/pages\/397\/revisions"}],"predecessor-version":[{"id":1909,"href":"https:\/\/freygut.ch\/es\/wp-json\/wp\/v2\/pages\/397\/revisions\/1909"}],"wp:attachment":[{"href":"https:\/\/freygut.ch\/es\/wp-json\/wp\/v2\/media?parent=397"}],"curies":[{"name":"wp","href":"https:\/\/api.w.org\/{rel}","templated":true}]}}