{"id":387,"date":"2025-07-30T13:12:33","date_gmt":"2025-07-30T11:12:33","guid":{"rendered":"https:\/\/freygut.ch\/contabilidad\/"},"modified":"2026-03-10T17:37:57","modified_gmt":"2026-03-10T16:37:57","slug":"contabilidad","status":"publish","type":"page","link":"https:\/\/freygut.ch\/es\/contabilidad\/","title":{"rendered":"Accounting"},"content":{"rendered":"\t\t<div data-elementor-type=\"wp-page\" data-elementor-id=\"387\" class=\"elementor elementor-387 elementor-29\" data-elementor-post-type=\"page\">\n\t\t\t\t<div class=\"elementor-element elementor-element-f8edb4d e-flex e-con-boxed e-con e-parent\" data-id=\"f8edb4d\" data-element_type=\"container\" data-e-type=\"container\" data-settings=\"{&quot;background_background&quot;:&quot;classic&quot;}\">\n\t\t\t\t\t<div class=\"e-con-inner\">\n\t\t\t\t\t<\/div>\n\t\t\t\t<\/div>\n\t\t<div class=\"elementor-element elementor-element-663ea1c e-flex e-con-boxed e-con e-parent\" data-id=\"663ea1c\" data-element_type=\"container\" data-e-type=\"container\">\n\t\t\t\t\t<div class=\"e-con-inner\">\n\t\t\t\t<div class=\"elementor-element elementor-element-efa7f14 elementor-widget elementor-widget-heading\" data-id=\"efa7f14\" data-element_type=\"widget\" data-e-type=\"widget\" data-widget_type=\"heading.default\">\n\t\t\t\t\t<h1 class=\"elementor-heading-title elementor-size-default\">Contabilidad<\/h1>\t\t\t\t<\/div>\n\t\t\t\t\t<\/div>\n\t\t\t\t<\/div>\n\t\t<div class=\"elementor-element elementor-element-7698a40 e-flex e-con-boxed e-con e-parent\" data-id=\"7698a40\" data-element_type=\"container\" data-e-type=\"container\">\n\t\t\t\t\t<div class=\"e-con-inner\">\n\t\t\t\t\t<\/div>\n\t\t\t\t<\/div>\n\t\t<div class=\"elementor-element elementor-element-ebe8ecb e-flex e-con-boxed e-con e-parent\" data-id=\"ebe8ecb\" data-element_type=\"container\" data-e-type=\"container\">\n\t\t\t\t\t<div class=\"e-con-inner\">\n\t\t\t\t<div class=\"elementor-element elementor-element-c07721b elementor-widget elementor-widget-heading\" data-id=\"c07721b\" data-element_type=\"widget\" data-e-type=\"widget\" data-widget_type=\"heading.default\">\n\t\t\t\t\t<h3 class=\"elementor-heading-title elementor-size-default\">Contabilidad todo incluido<\/h3>\t\t\t\t<\/div>\n\t\t\t\t\t<\/div>\n\t\t\t\t<\/div>\n\t\t<div class=\"elementor-element elementor-element-bfdcea3 e-flex e-con-boxed e-con e-parent\" data-id=\"bfdcea3\" data-element_type=\"container\" data-e-type=\"container\">\n\t\t\t\t\t<div class=\"e-con-inner\">\n\t\t\t\t<div class=\"elementor-element elementor-element-8bb3d0b elementor-widget elementor-widget-text-editor\" data-id=\"8bb3d0b\" data-element_type=\"widget\" data-e-type=\"widget\" data-widget_type=\"text-editor.default\">\n\t\t\t\t\t\t\t\t\t<p>Gestiono su contabilidad como un paquete integral desde la configuraci\u00f3n inicial del sistema hasta los estados financieros anuales e intermedios y me encargo de todas las presentaciones reglamentarias legales para usted, tales como:<\/p>\t\t\t\t\t\t\t\t<\/div>\n\t\t\t\t\t<\/div>\n\t\t\t\t<\/div>\n\t\t<div class=\"elementor-element elementor-element-e75e957 e-flex e-con-boxed e-con e-parent\" data-id=\"e75e957\" data-element_type=\"container\" data-e-type=\"container\">\n\t\t\t\t\t<div class=\"e-con-inner\">\n\t\t\t\t<div class=\"elementor-element elementor-element-2dc8db2 elementor-widget elementor-widget-text-editor\" data-id=\"2dc8db2\" data-element_type=\"widget\" data-e-type=\"widget\" data-widget_type=\"text-editor.default\">\n\t\t\t\t\t\t\t\t\t<ul><li>Declaraci\u00f3n peri\u00f3dica del IVA<\/li><li>Contabilidad del impuesto retenido en la fuente<\/li><li>Contabilidad de la Seguridad Social (SVA) y declaraciones anuales<\/li><li>Contabilidad del impuesto sobre beneficios y el capital<\/li><\/ul>\t\t\t\t\t\t\t\t<\/div>\n\t\t\t\t<div class=\"elementor-element elementor-element-9950b8f elementor-widget elementor-widget-spacer\" data-id=\"9950b8f\" data-element_type=\"widget\" data-e-type=\"widget\" data-widget_type=\"spacer.default\">\n\t\t\t\t\t\t\t<div class=\"elementor-spacer\">\n\t\t\t<div class=\"elementor-spacer-inner\"><\/div>\n\t\t<\/div>\n\t\t\t\t\t\t<\/div>\n\t\t\t\t\t<\/div>\n\t\t\t\t<\/div>\n\t\t<div class=\"elementor-element elementor-element-e732009 e-flex e-con-boxed e-con e-parent\" data-id=\"e732009\" data-element_type=\"container\" data-e-type=\"container\">\n\t\t\t\t\t<div class=\"e-con-inner\">\n\t\t\t\t<div class=\"elementor-element elementor-element-185f155 elementor-widget elementor-widget-heading\" data-id=\"185f155\" data-element_type=\"widget\" data-e-type=\"widget\" data-widget_type=\"heading.default\">\n\t\t\t\t\t<h3 class=\"elementor-heading-title elementor-size-default\">Gesti\u00f3n documental 100 % digital<\/h3>\t\t\t\t<\/div>\n\t\t\t\t\t<\/div>\n\t\t\t\t<\/div>\n\t\t<div class=\"elementor-element elementor-element-bc3a1f4 e-flex e-con-boxed e-con e-parent\" data-id=\"bc3a1f4\" data-element_type=\"container\" data-e-type=\"container\">\n\t\t\t\t\t<div class=\"e-con-inner\">\n\t\t\t\t<div class=\"elementor-element elementor-element-fb7c504 elementor-widget elementor-widget-text-editor\" data-id=\"fb7c504\" data-element_type=\"widget\" data-e-type=\"widget\" data-widget_type=\"text-editor.default\">\n\t\t\t\t\t\t\t\t\t<p>La recopilaci\u00f3n, organizaci\u00f3n y almacenamiento completos de la documentaci\u00f3n contable (es decir, facturas, recibos, etc.) puede requerir mucho tiempo y dinero, pero es un requisito legal importante que no debe subestimarse, como demuestran regularmente las auditor\u00edas fiscales y las disputas sobre el cumplimiento de contratos.<\/p>\t\t\t\t\t\t\t\t<\/div>\n\t\t\t\t<div class=\"elementor-element elementor-element-5f92f8e elementor-widget elementor-widget-text-editor\" data-id=\"5f92f8e\" data-element_type=\"widget\" data-e-type=\"widget\" data-widget_type=\"text-editor.default\">\n\t\t\t\t\t\t\t\t\t<p>Con el sistema en la nube de FREYGUT ACCOUNTING, puede capturar (escanear) todos sus documentos en cualquier momento con su tel\u00e9fono inteligente y cargarlos en nuestra nube. Con el sistema en la nube de FREYGUT ACCOUNTING, puede capturar (escanear) f\u00e1cilmente todos sus documentos en cualquier momento con su smartphone y subirlos a su Client Cloud. Me encargo de la evaluaci\u00f3n, el registro y el archivo de sus documentos y, si lo desea, tambi\u00e9n gestiono sus documentos contables en formato f\u00edsico.<\/p>\t\t\t\t\t\t\t\t<\/div>\n\t\t\t\t\t<\/div>\n\t\t\t\t<\/div>\n\t\t<div class=\"elementor-element elementor-element-1763a8b e-flex e-con-boxed e-con e-parent\" data-id=\"1763a8b\" data-element_type=\"container\" data-e-type=\"container\">\n\t\t\t\t\t<div class=\"e-con-inner\">\n\t\t\t\t<div class=\"elementor-element elementor-element-3c661aa elementor-widget elementor-widget-heading\" data-id=\"3c661aa\" data-element_type=\"widget\" data-e-type=\"widget\" data-widget_type=\"heading.default\">\n\t\t\t\t\t<h3 class=\"elementor-heading-title elementor-size-default\">Estrategia de precios y gesti\u00f3n de costes<\/h3>\t\t\t\t<\/div>\n\t\t\t\t\t<\/div>\n\t\t\t\t<\/div>\n\t\t<div class=\"elementor-element elementor-element-6f4d7b8 e-flex e-con-boxed e-con e-parent\" data-id=\"6f4d7b8\" data-element_type=\"container\" data-e-type=\"container\">\n\t\t\t\t\t<div class=\"e-con-inner\">\n\t\t\t\t<div class=\"elementor-element elementor-element-fa2baf1 elementor-widget elementor-widget-text-editor\" data-id=\"fa2baf1\" data-element_type=\"widget\" data-e-type=\"widget\" data-widget_type=\"text-editor.default\">\n\t\t\t\t\t\t\t\t\t<p>Determinar los precios a los que desea ofrecer sus productos y\/o servicios en el mercado es una de las tareas m\u00e1s importantes y complejas que debe resolver y revisar peri\u00f3dicamente.<\/p>\t\t\t\t\t\t\t\t<\/div>\n\t\t\t\t<div class=\"elementor-element elementor-element-e938ce9 elementor-widget elementor-widget-text-editor\" data-id=\"e938ce9\" data-element_type=\"widget\" data-e-type=\"widget\" data-widget_type=\"text-editor.default\">\n\t\t\t\t\t\t\t\t\t<p>Le apoyo y asesoro en cuestiones relacionadas con la fijaci\u00f3n de precios de sus productos o servicios y preparo para usted los an\u00e1lisis de costes y\/o de mercado necesarios, as\u00ed como posibles estrategias de precios en base a los respectivos an\u00e1lisis.<\/p>\t\t\t\t\t\t\t\t<\/div>\n\t\t\t\t\t<\/div>\n\t\t\t\t<\/div>\n\t\t<div class=\"elementor-element elementor-element-6d4a3bc e-flex e-con-boxed e-con e-parent\" data-id=\"6d4a3bc\" data-element_type=\"container\" data-e-type=\"container\">\n\t\t\t\t\t<div class=\"e-con-inner\">\n\t\t\t\t\t<\/div>\n\t\t\t\t<\/div>\n\t\t\t\t<\/div>\n\t\t","protected":false},"excerpt":{"rendered":"<p>Contabilidad Contabilidad todo incluido Gestiono su contabilidad como un paquete integral desde la configuraci\u00f3n inicial del sistema hasta los estados financieros anuales e intermedios y me encargo de todas las presentaciones reglamentarias legales para usted, tales como: Declaraci\u00f3n peri\u00f3dica del IVA Contabilidad del impuesto retenido en la fuente Contabilidad de la Seguridad Social (SVA) y [&hellip;]<\/p>\n","protected":false},"author":1,"featured_media":0,"parent":0,"menu_order":0,"comment_status":"closed","ping_status":"closed","template":"","meta":{"footnotes":""},"class_list":["post-387","page","type-page","status-publish","hentry"],"yoast_head":"<!-- This site is optimized with the Yoast SEO plugin v27.4 - https:\/\/yoast.com\/product\/yoast-seo-wordpress\/ -->\n<title>Contabilidad todo incluido Suiza \u2013 Servicios de Contabilidad Digital | FREYGUT<\/title>\n<meta name=\"description\" content=\"FREYGUT ACCOUNTING ofrece contabilidad todo incluido en Suiza, desde el IVA hasta el cierre del ejercicio 100% digital, eficiente y conforme a la ley\" \/>\n<meta name=\"robots\" content=\"index, follow, max-snippet:-1, max-image-preview:large, max-video-preview:-1\" \/>\n<link rel=\"canonical\" href=\"https:\/\/freygut.ch\/es\/contabilidad\/\" \/>\n<script type=\"application\/ld+json\" class=\"yoast-schema-graph\">{\"@context\":\"https:\\\/\\\/schema.org\",\"@graph\":[{\"@type\":\"WebPage\",\"@id\":\"https:\\\/\\\/freygut.ch\\\/es\\\/contabilidad\\\/\",\"url\":\"https:\\\/\\\/freygut.ch\\\/es\\\/contabilidad\\\/\",\"name\":\"Contabilidad todo incluido Suiza \u2013 Servicios de Contabilidad Digital | FREYGUT\",\"isPartOf\":{\"@id\":\"https:\\\/\\\/freygut.ch\\\/es\\\/#website\"},\"datePublished\":\"2025-07-30T11:12:33+00:00\",\"dateModified\":\"2026-03-10T16:37:57+00:00\",\"description\":\"FREYGUT ACCOUNTING ofrece contabilidad todo incluido en Suiza, desde el IVA hasta el cierre del ejercicio 100% digital, eficiente y conforme a la ley\",\"breadcrumb\":{\"@id\":\"https:\\\/\\\/freygut.ch\\\/es\\\/contabilidad\\\/#breadcrumb\"},\"inLanguage\":\"es\",\"potentialAction\":[{\"@type\":\"ReadAction\",\"target\":[\"https:\\\/\\\/freygut.ch\\\/es\\\/contabilidad\\\/\"]}]},{\"@type\":\"BreadcrumbList\",\"@id\":\"https:\\\/\\\/freygut.ch\\\/es\\\/contabilidad\\\/#breadcrumb\",\"itemListElement\":[{\"@type\":\"ListItem\",\"position\":1,\"name\":\"Startseite\",\"item\":\"https:\\\/\\\/freygut.ch\\\/es\\\/\"},{\"@type\":\"ListItem\",\"position\":2,\"name\":\"Accounting\"}]},{\"@type\":\"WebSite\",\"@id\":\"https:\\\/\\\/freygut.ch\\\/es\\\/#website\",\"url\":\"https:\\\/\\\/freygut.ch\\\/es\\\/\",\"name\":\"freygut.ch\",\"description\":\"FREYGUT ACCOUNTING \u2013 Digitale Buchhaltung, Forensik &amp; Transaktionsberatung aus Z\u00fcrich. Ihr Schweizer Partner f\u00fcr Buchhaltung, Forensik, Transaktionen und Treuhand \u2013 100\u202f% digital, 100\u202f% diskret, 100\u202f% verl\u00e4sslich.\",\"publisher\":{\"@id\":\"https:\\\/\\\/freygut.ch\\\/es\\\/#organization\"},\"potentialAction\":[{\"@type\":\"SearchAction\",\"target\":{\"@type\":\"EntryPoint\",\"urlTemplate\":\"https:\\\/\\\/freygut.ch\\\/es\\\/?s={search_term_string}\"},\"query-input\":{\"@type\":\"PropertyValueSpecification\",\"valueRequired\":true,\"valueName\":\"search_term_string\"}}],\"inLanguage\":\"es\"},{\"@type\":\"Organization\",\"@id\":\"https:\\\/\\\/freygut.ch\\\/es\\\/#organization\",\"name\":\"freygut.ch\",\"url\":\"https:\\\/\\\/freygut.ch\\\/es\\\/\",\"logo\":{\"@type\":\"ImageObject\",\"inLanguage\":\"es\",\"@id\":\"https:\\\/\\\/freygut.ch\\\/es\\\/#\\\/schema\\\/logo\\\/image\\\/\",\"url\":\"https:\\\/\\\/freygut.ch\\\/wp-content\\\/uploads\\\/2025\\\/07\\\/FRY_Logo-FRY-ACC-e1753882146163.png\",\"contentUrl\":\"https:\\\/\\\/freygut.ch\\\/wp-content\\\/uploads\\\/2025\\\/07\\\/FRY_Logo-FRY-ACC-e1753882146163.png\",\"width\":1766,\"height\":163,\"caption\":\"freygut.ch\"},\"image\":{\"@id\":\"https:\\\/\\\/freygut.ch\\\/es\\\/#\\\/schema\\\/logo\\\/image\\\/\"}}]}<\/script>\n<!-- \/ Yoast SEO plugin. -->","yoast_head_json":{"title":"Contabilidad todo incluido Suiza \u2013 Servicios de Contabilidad Digital | FREYGUT","description":"FREYGUT ACCOUNTING ofrece contabilidad todo incluido en Suiza, desde el IVA hasta el cierre del ejercicio 100% digital, eficiente y conforme a la ley","robots":{"index":"index","follow":"follow","max-snippet":"max-snippet:-1","max-image-preview":"max-image-preview:large","max-video-preview":"max-video-preview:-1"},"canonical":"https:\/\/freygut.ch\/es\/contabilidad\/","schema":{"@context":"https:\/\/schema.org","@graph":[{"@type":"WebPage","@id":"https:\/\/freygut.ch\/es\/contabilidad\/","url":"https:\/\/freygut.ch\/es\/contabilidad\/","name":"Contabilidad todo incluido Suiza \u2013 Servicios de Contabilidad Digital | FREYGUT","isPartOf":{"@id":"https:\/\/freygut.ch\/es\/#website"},"datePublished":"2025-07-30T11:12:33+00:00","dateModified":"2026-03-10T16:37:57+00:00","description":"FREYGUT ACCOUNTING ofrece contabilidad todo incluido en Suiza, desde el IVA hasta el cierre del ejercicio 100% digital, eficiente y conforme a la ley","breadcrumb":{"@id":"https:\/\/freygut.ch\/es\/contabilidad\/#breadcrumb"},"inLanguage":"es","potentialAction":[{"@type":"ReadAction","target":["https:\/\/freygut.ch\/es\/contabilidad\/"]}]},{"@type":"BreadcrumbList","@id":"https:\/\/freygut.ch\/es\/contabilidad\/#breadcrumb","itemListElement":[{"@type":"ListItem","position":1,"name":"Startseite","item":"https:\/\/freygut.ch\/es\/"},{"@type":"ListItem","position":2,"name":"Accounting"}]},{"@type":"WebSite","@id":"https:\/\/freygut.ch\/es\/#website","url":"https:\/\/freygut.ch\/es\/","name":"freygut.ch","description":"FREYGUT ACCOUNTING \u2013 Digitale Buchhaltung, Forensik &amp; Transaktionsberatung aus Z\u00fcrich. Ihr Schweizer Partner f\u00fcr Buchhaltung, Forensik, Transaktionen und Treuhand \u2013 100\u202f% digital, 100\u202f% diskret, 100\u202f% verl\u00e4sslich.","publisher":{"@id":"https:\/\/freygut.ch\/es\/#organization"},"potentialAction":[{"@type":"SearchAction","target":{"@type":"EntryPoint","urlTemplate":"https:\/\/freygut.ch\/es\/?s={search_term_string}"},"query-input":{"@type":"PropertyValueSpecification","valueRequired":true,"valueName":"search_term_string"}}],"inLanguage":"es"},{"@type":"Organization","@id":"https:\/\/freygut.ch\/es\/#organization","name":"freygut.ch","url":"https:\/\/freygut.ch\/es\/","logo":{"@type":"ImageObject","inLanguage":"es","@id":"https:\/\/freygut.ch\/es\/#\/schema\/logo\/image\/","url":"https:\/\/freygut.ch\/wp-content\/uploads\/2025\/07\/FRY_Logo-FRY-ACC-e1753882146163.png","contentUrl":"https:\/\/freygut.ch\/wp-content\/uploads\/2025\/07\/FRY_Logo-FRY-ACC-e1753882146163.png","width":1766,"height":163,"caption":"freygut.ch"},"image":{"@id":"https:\/\/freygut.ch\/es\/#\/schema\/logo\/image\/"}}]}},"_links":{"self":[{"href":"https:\/\/freygut.ch\/es\/wp-json\/wp\/v2\/pages\/387","targetHints":{"allow":["GET"]}}],"collection":[{"href":"https:\/\/freygut.ch\/es\/wp-json\/wp\/v2\/pages"}],"about":[{"href":"https:\/\/freygut.ch\/es\/wp-json\/wp\/v2\/types\/page"}],"author":[{"embeddable":true,"href":"https:\/\/freygut.ch\/es\/wp-json\/wp\/v2\/users\/1"}],"replies":[{"embeddable":true,"href":"https:\/\/freygut.ch\/es\/wp-json\/wp\/v2\/comments?post=387"}],"version-history":[{"count":12,"href":"https:\/\/freygut.ch\/es\/wp-json\/wp\/v2\/pages\/387\/revisions"}],"predecessor-version":[{"id":1879,"href":"https:\/\/freygut.ch\/es\/wp-json\/wp\/v2\/pages\/387\/revisions\/1879"}],"wp:attachment":[{"href":"https:\/\/freygut.ch\/es\/wp-json\/wp\/v2\/media?parent=387"}],"curies":[{"name":"wp","href":"https:\/\/api.w.org\/{rel}","templated":true}]}}