{"id":385,"date":"2025-07-30T13:12:42","date_gmt":"2025-07-30T11:12:42","guid":{"rendered":"https:\/\/freygut.ch\/forense\/"},"modified":"2025-10-24T19:39:50","modified_gmt":"2025-10-24T17:39:50","slug":"forense","status":"publish","type":"page","link":"https:\/\/freygut.ch\/es\/forense\/","title":{"rendered":"Ciencia Forense"},"content":{"rendered":"\t\t<div data-elementor-type=\"wp-page\" data-elementor-id=\"385\" class=\"elementor elementor-385 elementor-31\" data-elementor-post-type=\"page\">\n\t\t\t\t<div class=\"elementor-element elementor-element-16e44f8 e-con-full e-flex e-con e-parent\" data-id=\"16e44f8\" data-element_type=\"container\" data-e-type=\"container\" data-settings=\"{&quot;background_background&quot;:&quot;classic&quot;}\">\n\t\t\t\t<\/div>\n\t\t<div class=\"elementor-element elementor-element-2968e72 e-flex e-con-boxed e-con e-parent\" data-id=\"2968e72\" data-element_type=\"container\" data-e-type=\"container\">\n\t\t\t\t\t<div class=\"e-con-inner\">\n\t\t\t\t<div class=\"elementor-element elementor-element-5815e47 elementor-widget elementor-widget-heading\" data-id=\"5815e47\" data-element_type=\"widget\" data-e-type=\"widget\" data-widget_type=\"heading.default\">\n\t\t\t\t\t<h2 class=\"elementor-heading-title elementor-size-default\">Ciencia Forense<\/h2>\t\t\t\t<\/div>\n\t\t\t\t\t<\/div>\n\t\t\t\t<\/div>\n\t\t<div class=\"elementor-element elementor-element-4cb5426 e-flex e-con-boxed e-con e-parent\" data-id=\"4cb5426\" data-element_type=\"container\" data-e-type=\"container\">\n\t\t\t\t\t<div class=\"e-con-inner\">\n\t\t\t\t\t<\/div>\n\t\t\t\t<\/div>\n\t\t<div class=\"elementor-element elementor-element-31eb79c e-flex e-con-boxed e-con e-parent\" data-id=\"31eb79c\" data-element_type=\"container\" data-e-type=\"container\">\n\t\t\t\t\t<div class=\"e-con-inner\">\n\t\t\t\t<div class=\"elementor-element elementor-element-0662330 elementor-widget elementor-widget-text-editor\" data-id=\"0662330\" data-element_type=\"widget\" data-e-type=\"widget\" data-widget_type=\"text-editor.default\">\n\t\t\t\t\t\t\t\t\t<p>\u00bfHa recibido una consulta comercial o una oferta de inversi\u00f3n y no est\u00e1 seguro de si puede confiar en ella?<\/p><p>Lamentablemente, la digitalizaci\u00f3n, la creaci\u00f3n de redes globales y la innovaci\u00f3n no solo ofrecen oportunidades atractivas, sino que tambi\u00e9n generan riesgos que pueden amenazar su propia existencia. Esto aplica tanto a empresas peque\u00f1as o startups como a las m\u00e1s grandes y consolidadas.<\/p><p>Los delitos de cuello blanco y financieros suelen ser muy dif\u00edciles de detectar, ya que los autores suelen ocultar sus verdaderas intenciones con supuesta experiencia, una complejidad artificialmente inflada o incluso pruebas falsas de \u00e9xito. En muchos casos, identificar peligros potenciales o riesgos excesivos solo es posible con una amplia experiencia, conocimientos especializados y conocimiento espec\u00edfico del sector.<\/p><p>Como \u00absegunda opini\u00f3n\u00bb, le brindar\u00e9 apoyo de forma discreta, neutral y confidencial en la revisi\u00f3n, evaluaci\u00f3n y valoraci\u00f3n de su caso de negocio y le preparar\u00e9 una visi\u00f3n general estructurada de los riesgos potenciales y las posibles estrategias de protecci\u00f3n y defensa adecuadas.<\/p>\t\t\t\t\t\t\t\t<\/div>\n\t\t\t\t\t<\/div>\n\t\t\t\t<\/div>\n\t\t<div class=\"elementor-element elementor-element-01fd9ac e-flex e-con-boxed e-con e-parent\" data-id=\"01fd9ac\" data-element_type=\"container\" data-e-type=\"container\">\n\t\t\t\t\t<div class=\"e-con-inner\">\n\t\t\t\t\t<\/div>\n\t\t\t\t<\/div>\n\t\t\t\t<\/div>\n\t\t","protected":false},"excerpt":{"rendered":"<p>Ciencia Forense \u00bfHa recibido una consulta comercial o una oferta de inversi\u00f3n y no est\u00e1 seguro de si puede confiar en ella? Lamentablemente, la digitalizaci\u00f3n, la creaci\u00f3n de redes globales y la innovaci\u00f3n no solo ofrecen oportunidades atractivas, sino que tambi\u00e9n generan riesgos que pueden amenazar su propia existencia. Esto aplica tanto a empresas peque\u00f1as [&hellip;]<\/p>\n","protected":false},"author":1,"featured_media":0,"parent":0,"menu_order":0,"comment_status":"closed","ping_status":"closed","template":"","meta":{"footnotes":""},"class_list":["post-385","page","type-page","status-publish","hentry"],"yoast_head":"<!-- This site is optimized with the Yoast SEO plugin v27.4 - https:\/\/yoast.com\/product\/yoast-seo-wordpress\/ -->\n<title>Forense &amp; Auditor\u00eda Empresarial Suiza \u2013 Evaluaci\u00f3n de Riesgos &amp; Segunda Opini\u00f3n | FREYGUT<\/title>\n<meta name=\"description\" content=\"FREYGUT ofrece servicios de forense y auditor\u00eda empresarial en Suiza: discreto, neutral y confidencial para la evaluaci\u00f3n de riesgos y estrategias de protecci\u00f3n\" \/>\n<meta name=\"robots\" content=\"index, follow, max-snippet:-1, max-image-preview:large, max-video-preview:-1\" \/>\n<link rel=\"canonical\" href=\"https:\/\/freygut.ch\/es\/forense\/\" \/>\n<script type=\"application\/ld+json\" class=\"yoast-schema-graph\">{\"@context\":\"https:\\\/\\\/schema.org\",\"@graph\":[{\"@type\":\"WebPage\",\"@id\":\"https:\\\/\\\/freygut.ch\\\/es\\\/forense\\\/\",\"url\":\"https:\\\/\\\/freygut.ch\\\/es\\\/forense\\\/\",\"name\":\"Forense & Auditor\u00eda Empresarial Suiza \u2013 Evaluaci\u00f3n de Riesgos & Segunda Opini\u00f3n | FREYGUT\",\"isPartOf\":{\"@id\":\"https:\\\/\\\/freygut.ch\\\/es\\\/#website\"},\"datePublished\":\"2025-07-30T11:12:42+00:00\",\"dateModified\":\"2025-10-24T17:39:50+00:00\",\"description\":\"FREYGUT ofrece servicios de forense y auditor\u00eda empresarial en Suiza: discreto, neutral y confidencial para la evaluaci\u00f3n de riesgos y estrategias de protecci\u00f3n\",\"breadcrumb\":{\"@id\":\"https:\\\/\\\/freygut.ch\\\/es\\\/forense\\\/#breadcrumb\"},\"inLanguage\":\"es\",\"potentialAction\":[{\"@type\":\"ReadAction\",\"target\":[\"https:\\\/\\\/freygut.ch\\\/es\\\/forense\\\/\"]}]},{\"@type\":\"BreadcrumbList\",\"@id\":\"https:\\\/\\\/freygut.ch\\\/es\\\/forense\\\/#breadcrumb\",\"itemListElement\":[{\"@type\":\"ListItem\",\"position\":1,\"name\":\"Startseite\",\"item\":\"https:\\\/\\\/freygut.ch\\\/es\\\/\"},{\"@type\":\"ListItem\",\"position\":2,\"name\":\"Ciencia Forense\"}]},{\"@type\":\"WebSite\",\"@id\":\"https:\\\/\\\/freygut.ch\\\/es\\\/#website\",\"url\":\"https:\\\/\\\/freygut.ch\\\/es\\\/\",\"name\":\"freygut.ch\",\"description\":\"FREYGUT ACCOUNTING \u2013 Digitale Buchhaltung, Forensik &amp; Transaktionsberatung aus Z\u00fcrich. Ihr Schweizer Partner f\u00fcr Buchhaltung, Forensik, Transaktionen und Treuhand \u2013 100\u202f% digital, 100\u202f% diskret, 100\u202f% verl\u00e4sslich.\",\"publisher\":{\"@id\":\"https:\\\/\\\/freygut.ch\\\/es\\\/#organization\"},\"potentialAction\":[{\"@type\":\"SearchAction\",\"target\":{\"@type\":\"EntryPoint\",\"urlTemplate\":\"https:\\\/\\\/freygut.ch\\\/es\\\/?s={search_term_string}\"},\"query-input\":{\"@type\":\"PropertyValueSpecification\",\"valueRequired\":true,\"valueName\":\"search_term_string\"}}],\"inLanguage\":\"es\"},{\"@type\":\"Organization\",\"@id\":\"https:\\\/\\\/freygut.ch\\\/es\\\/#organization\",\"name\":\"freygut.ch\",\"url\":\"https:\\\/\\\/freygut.ch\\\/es\\\/\",\"logo\":{\"@type\":\"ImageObject\",\"inLanguage\":\"es\",\"@id\":\"https:\\\/\\\/freygut.ch\\\/es\\\/#\\\/schema\\\/logo\\\/image\\\/\",\"url\":\"https:\\\/\\\/freygut.ch\\\/wp-content\\\/uploads\\\/2025\\\/07\\\/FRY_Logo-FRY-ACC-e1753882146163.png\",\"contentUrl\":\"https:\\\/\\\/freygut.ch\\\/wp-content\\\/uploads\\\/2025\\\/07\\\/FRY_Logo-FRY-ACC-e1753882146163.png\",\"width\":1766,\"height\":163,\"caption\":\"freygut.ch\"},\"image\":{\"@id\":\"https:\\\/\\\/freygut.ch\\\/es\\\/#\\\/schema\\\/logo\\\/image\\\/\"}}]}<\/script>\n<!-- \/ Yoast SEO plugin. -->","yoast_head_json":{"title":"Forense & Auditor\u00eda Empresarial Suiza \u2013 Evaluaci\u00f3n de Riesgos & Segunda Opini\u00f3n | FREYGUT","description":"FREYGUT ofrece servicios de forense y auditor\u00eda empresarial en Suiza: discreto, neutral y confidencial para la evaluaci\u00f3n de riesgos y estrategias de protecci\u00f3n","robots":{"index":"index","follow":"follow","max-snippet":"max-snippet:-1","max-image-preview":"max-image-preview:large","max-video-preview":"max-video-preview:-1"},"canonical":"https:\/\/freygut.ch\/es\/forense\/","schema":{"@context":"https:\/\/schema.org","@graph":[{"@type":"WebPage","@id":"https:\/\/freygut.ch\/es\/forense\/","url":"https:\/\/freygut.ch\/es\/forense\/","name":"Forense & Auditor\u00eda Empresarial Suiza \u2013 Evaluaci\u00f3n de Riesgos & Segunda Opini\u00f3n | FREYGUT","isPartOf":{"@id":"https:\/\/freygut.ch\/es\/#website"},"datePublished":"2025-07-30T11:12:42+00:00","dateModified":"2025-10-24T17:39:50+00:00","description":"FREYGUT ofrece servicios de forense y auditor\u00eda empresarial en Suiza: discreto, neutral y confidencial para la evaluaci\u00f3n de riesgos y estrategias de protecci\u00f3n","breadcrumb":{"@id":"https:\/\/freygut.ch\/es\/forense\/#breadcrumb"},"inLanguage":"es","potentialAction":[{"@type":"ReadAction","target":["https:\/\/freygut.ch\/es\/forense\/"]}]},{"@type":"BreadcrumbList","@id":"https:\/\/freygut.ch\/es\/forense\/#breadcrumb","itemListElement":[{"@type":"ListItem","position":1,"name":"Startseite","item":"https:\/\/freygut.ch\/es\/"},{"@type":"ListItem","position":2,"name":"Ciencia Forense"}]},{"@type":"WebSite","@id":"https:\/\/freygut.ch\/es\/#website","url":"https:\/\/freygut.ch\/es\/","name":"freygut.ch","description":"FREYGUT ACCOUNTING \u2013 Digitale Buchhaltung, Forensik &amp; Transaktionsberatung aus Z\u00fcrich. Ihr Schweizer Partner f\u00fcr Buchhaltung, Forensik, Transaktionen und Treuhand \u2013 100\u202f% digital, 100\u202f% diskret, 100\u202f% verl\u00e4sslich.","publisher":{"@id":"https:\/\/freygut.ch\/es\/#organization"},"potentialAction":[{"@type":"SearchAction","target":{"@type":"EntryPoint","urlTemplate":"https:\/\/freygut.ch\/es\/?s={search_term_string}"},"query-input":{"@type":"PropertyValueSpecification","valueRequired":true,"valueName":"search_term_string"}}],"inLanguage":"es"},{"@type":"Organization","@id":"https:\/\/freygut.ch\/es\/#organization","name":"freygut.ch","url":"https:\/\/freygut.ch\/es\/","logo":{"@type":"ImageObject","inLanguage":"es","@id":"https:\/\/freygut.ch\/es\/#\/schema\/logo\/image\/","url":"https:\/\/freygut.ch\/wp-content\/uploads\/2025\/07\/FRY_Logo-FRY-ACC-e1753882146163.png","contentUrl":"https:\/\/freygut.ch\/wp-content\/uploads\/2025\/07\/FRY_Logo-FRY-ACC-e1753882146163.png","width":1766,"height":163,"caption":"freygut.ch"},"image":{"@id":"https:\/\/freygut.ch\/es\/#\/schema\/logo\/image\/"}}]}},"_links":{"self":[{"href":"https:\/\/freygut.ch\/es\/wp-json\/wp\/v2\/pages\/385","targetHints":{"allow":["GET"]}}],"collection":[{"href":"https:\/\/freygut.ch\/es\/wp-json\/wp\/v2\/pages"}],"about":[{"href":"https:\/\/freygut.ch\/es\/wp-json\/wp\/v2\/types\/page"}],"author":[{"embeddable":true,"href":"https:\/\/freygut.ch\/es\/wp-json\/wp\/v2\/users\/1"}],"replies":[{"embeddable":true,"href":"https:\/\/freygut.ch\/es\/wp-json\/wp\/v2\/comments?post=385"}],"version-history":[{"count":24,"href":"https:\/\/freygut.ch\/es\/wp-json\/wp\/v2\/pages\/385\/revisions"}],"predecessor-version":[{"id":1921,"href":"https:\/\/freygut.ch\/es\/wp-json\/wp\/v2\/pages\/385\/revisions\/1921"}],"wp:attachment":[{"href":"https:\/\/freygut.ch\/es\/wp-json\/wp\/v2\/media?parent=385"}],"curies":[{"name":"wp","href":"https:\/\/api.w.org\/{rel}","templated":true}]}}