{"id":373,"date":"2025-07-30T17:03:42","date_gmt":"2025-07-30T15:03:42","guid":{"rendered":"https:\/\/freygut.ch\/equipo\/"},"modified":"2026-01-09T10:02:24","modified_gmt":"2026-01-09T09:02:24","slug":"equipo","status":"publish","type":"page","link":"https:\/\/freygut.ch\/es\/equipo\/","title":{"rendered":"Perfil"},"content":{"rendered":"\t\t<div data-elementor-type=\"wp-page\" data-elementor-id=\"373\" class=\"elementor elementor-373 elementor-131\" data-elementor-post-type=\"page\">\n\t\t\t\t<div class=\"elementor-element elementor-element-767860c e-con-full e-flex e-con e-parent\" data-id=\"767860c\" data-element_type=\"container\" data-e-type=\"container\" data-settings=\"{&quot;background_background&quot;:&quot;classic&quot;}\">\n\t\t\t\t<\/div>\n\t\t<div class=\"elementor-element elementor-element-b0a4992 e-flex e-con-boxed e-con e-parent\" data-id=\"b0a4992\" data-element_type=\"container\" data-e-type=\"container\">\n\t\t\t\t\t<div class=\"e-con-inner\">\n\t\t\t\t<div class=\"elementor-element elementor-element-d5bfc68 elementor-widget elementor-widget-heading\" data-id=\"d5bfc68\" data-element_type=\"widget\" data-e-type=\"widget\" data-widget_type=\"heading.default\">\n\t\t\t\t\t<h1 class=\"elementor-heading-title elementor-size-default\">PERFIL<\/h1>\t\t\t\t<\/div>\n\t\t\t\t<div class=\"elementor-element elementor-element-85fbc5d elementor-widget elementor-widget-spacer\" data-id=\"85fbc5d\" data-element_type=\"widget\" data-e-type=\"widget\" data-widget_type=\"spacer.default\">\n\t\t\t\t\t\t\t<div class=\"elementor-spacer\">\n\t\t\t<div class=\"elementor-spacer-inner\"><\/div>\n\t\t<\/div>\n\t\t\t\t\t\t<\/div>\n\t\t\t\t<div class=\"elementor-element elementor-element-746917e elementor-widget elementor-widget-text-editor\" data-id=\"746917e\" data-element_type=\"widget\" data-e-type=\"widget\" data-widget_type=\"text-editor.default\">\n\t\t\t\t\t\t\t\t\tPersonal, confidencial, y comprometido\t\t\t\t\t\t\t\t<\/div>\n\t\t\t\t\t<\/div>\n\t\t\t\t<\/div>\n\t\t<div class=\"elementor-element elementor-element-7865bbf e-grid e-con-boxed e-con e-parent\" data-id=\"7865bbf\" data-element_type=\"container\" data-e-type=\"container\">\n\t\t\t\t\t<div class=\"e-con-inner\">\n\t\t\t\t<div class=\"elementor-element elementor-element-cf6d6c3 elementor-widget elementor-widget-image\" data-id=\"cf6d6c3\" data-element_type=\"widget\" data-e-type=\"widget\" data-widget_type=\"image.default\">\n\t\t\t\t\t\t\t\t\t\t\t\t\t\t\t<img decoding=\"async\" width=\"768\" height=\"513\" src=\"https:\/\/freygut.ch\/wp-content\/uploads\/2025\/10\/DSC_0529-HSRev-768x513.jpg\" class=\"attachment-medium_large size-medium_large wp-image-1283\" alt=\"\" srcset=\"https:\/\/freygut.ch\/wp-content\/uploads\/2025\/10\/DSC_0529-HSRev-768x513.jpg 768w, https:\/\/freygut.ch\/wp-content\/uploads\/2025\/10\/DSC_0529-HSRev-300x200.jpg 300w, https:\/\/freygut.ch\/wp-content\/uploads\/2025\/10\/DSC_0529-HSRev-1024x684.jpg 1024w, https:\/\/freygut.ch\/wp-content\/uploads\/2025\/10\/DSC_0529-HSRev-1536x1025.jpg 1536w, https:\/\/freygut.ch\/wp-content\/uploads\/2025\/10\/DSC_0529-HSRev.jpg 1618w\" sizes=\"(max-width: 768px) 100vw, 768px\" \/>\t\t\t\t\t\t\t\t\t\t\t\t\t\t\t<\/div>\n\t\t\t\t<div class=\"elementor-element elementor-element-7c8d497 elementor-widget elementor-widget-text-editor\" data-id=\"7c8d497\" data-element_type=\"widget\" data-e-type=\"widget\" data-widget_type=\"text-editor.default\">\n\t\t\t\t\t\t\t\t\t<p>Marc Bodin<\/p><p>Licenciatura en Administraci\u00f3n de Empresas FH (BSC. BA)<\/p><p>Idiomas: alem\u00e1n, ingl\u00e9s, espa\u00f1ol, franc\u00e9s<\/p><p><a style=\"background-color: #ffffff; font-size: 1rem;\" href=\"tel:+41797304073\">+41 79 730 40 73<\/a><\/p><p><a href=\"mailto:mab@freygut.ch\">mab@freygut.ch<\/a><\/p><p><a href=\"https:\/\/linkedin.com\/in\/marc-bodin-0284403\"><img decoding=\"async\" class=\"alignnone wp-image-457\" src=\"https:\/\/freygut.ch\/wp-content\/uploads\/2025\/08\/LinkedIn_icon-1.svg\" alt=\"\" width=\"37\" height=\"37\"><\/a><\/p>\t\t\t\t\t\t\t\t<\/div>\n\t\t\t\t\t<\/div>\n\t\t\t\t<\/div>\n\t\t<div class=\"elementor-element elementor-element-8993ecd e-flex e-con-boxed e-con e-parent\" data-id=\"8993ecd\" data-element_type=\"container\" data-e-type=\"container\">\n\t\t\t\t\t<div class=\"e-con-inner\">\n\t\t\t\t<div class=\"elementor-element elementor-element-6f3cf63 elementor-widget elementor-widget-spacer\" data-id=\"6f3cf63\" data-element_type=\"widget\" data-e-type=\"widget\" data-widget_type=\"spacer.default\">\n\t\t\t\t\t\t\t<div class=\"elementor-spacer\">\n\t\t\t<div class=\"elementor-spacer-inner\"><\/div>\n\t\t<\/div>\n\t\t\t\t\t\t<\/div>\n\t\t\t\t<div class=\"elementor-element elementor-element-643897b elementor-widget elementor-widget-text-editor\" data-id=\"643897b\" data-element_type=\"widget\" data-e-type=\"widget\" data-widget_type=\"text-editor.default\">\n\t\t\t\t\t\t\t\t\t<p>Llevo trabajando en finanzas y contabilidad unos 30 a\u00f1os.<\/p>\n<p>Durante este tiempo, desempe\u00f1\u00e9 una amplia variedad de funciones y \u00e1reas de responsabilidad, desde analista de cr\u00e9dito y negocio hasta jefe de finanzas y administraci\u00f3n, y tuve el privilegio de gestionar e implementar proyectos financieros complejos para empresas reconocidas y emprendedores de \u00e9xito en 4 continentes.<\/p>\n<p>Trabajar en contabilidad y servicios financieros conlleva una gran responsabilidad. Por ello, sigo estrictos principios \u00e9ticos como la integridad, la confidencialidad, la transparencia y la puntualidad, e invierto regularmente mi tiempo libre, siempre que sea posible, en formaci\u00f3n profesional avanzada.<\/p>\t\t\t\t\t\t\t\t<\/div>\n\t\t\t\t<div class=\"elementor-element elementor-element-686592a elementor-widget elementor-widget-spacer\" data-id=\"686592a\" data-element_type=\"widget\" data-e-type=\"widget\" data-widget_type=\"spacer.default\">\n\t\t\t\t\t\t\t<div class=\"elementor-spacer\">\n\t\t\t<div class=\"elementor-spacer-inner\"><\/div>\n\t\t<\/div>\n\t\t\t\t\t\t<\/div>\n\t\t\t\t<div class=\"elementor-element elementor-element-207baf6 elementor-widget elementor-widget-heading\" data-id=\"207baf6\" data-element_type=\"widget\" data-e-type=\"widget\" data-widget_type=\"heading.default\">\n\t\t\t\t\t<h3 class=\"elementor-heading-title elementor-size-default\">Cargos profesionales desempe\u00f1ados en el pasado<\/h3>\t\t\t\t<\/div>\n\t\t\t\t\t<\/div>\n\t\t\t\t<\/div>\n\t\t<div class=\"elementor-element elementor-element-8376a8c e-flex e-con-boxed e-con e-parent\" data-id=\"8376a8c\" data-element_type=\"container\" data-e-type=\"container\">\n\t\t\t\t\t<div class=\"e-con-inner\">\n\t\t\t\t<div class=\"elementor-element elementor-element-0933118 elementor-widget elementor-widget-text-editor\" data-id=\"0933118\" data-element_type=\"widget\" data-e-type=\"widget\" data-widget_type=\"text-editor.default\">\n\t\t\t\t\t\t\t\t\t<ul class=\"roles\" style=\"list-style:none; padding-left:0; margin:0;\">\n  <li style=\"margin:0 0 1rem 0;\">\n    <span style=\"display:inline-block; width:1.2em; vertical-align:top;\">\u2610<\/span>\n <span class=\"title\">Senior Associate Business Recovery PWC Switzerland<\/span>\n    <ul style=\"list-style:none; margin:.4rem 0 .2rem 2em; padding-left:0;\">\n      <li><span style=\"display:inline-block; width:1.2em; vertical-align:top;\">\u25aa<\/span>Turnaround management<\/li>\n      <li><span style=\"display:inline-block; width:1.2em; vertical-align:top;\">\u25aa<\/span>Working capital management<\/li>\n      <li><span style=\"display:inline-block; width:1.2em; vertical-align:top;\">\u25aa<\/span>Financial Modelling<\/li>\n      <li><span style=\"display:inline-block; width:1.2em; vertical-align:top;\">\u25aa<\/span>Special Situations Financing<\/li>\n      <li><span style=\"display:inline-block; width:1.2em; vertical-align:top;\">\u25aa<\/span>Research &amp; Strategy<\/li>\n    <\/ul>\n  <\/li>\n\n  <li style=\"margin:0 0 1rem 0;\">\n    <span style=\"display:inline-block; width:1.2em; vertical-align:top;\">\u2610<\/span>\n <span class=\"title\">Head of Finance &amp; Administration Marketing Agency Germany<\/span>\n  <\/li>\n\n  <li style=\"margin:0 0 1rem 0;\">\n    <span style=\"display:inline-block; width:1.2em; vertical-align:top;\">\u2610<\/span>\n <span class=\"title\">Senior Manager Investment Banking (IPOs M&amp;A) Germany<\/span>\n  <\/li>\n\n  <li style=\"margin:0 0 1rem 0;\">\n    <span style=\"display:inline-block; width:1.2em; vertical-align:top;\">\u2610<\/span>\n <span class=\"title\">Finance Director Single Family Office Switzerland<\/span>\n    <ul style=\"list-style:none; margin:.4rem 0 .2rem 2em; padding-left:0;\">\n      <li><span style=\"display:inline-block; width:1.2em; vertical-align:top;\">\u25aa<\/span>Private equity management<\/li>\n      <li><span style=\"display:inline-block; width:1.2em; vertical-align:top;\">\u25aa<\/span>IPO &amp; Public Listings Management<\/li>\n    <\/ul>\n  <\/li>\n\n  <li style=\"margin:0 0 1rem 0;\">\n    <span style=\"display:inline-block; width:1.2em; vertical-align:top;\">\u2610<\/span>\n <span class=\"title\">Treasurer, Swiss-Chinese Consulting Firm<\/span>\n  <\/li>\n\n  <li style=\"margin:0 0 1rem 0;\">\n    <span style=\"display:inline-block; width:1.2em; vertical-align:top;\">\u2610<\/span>\n <span class=\"title\">Founder of FREYGUT ADVISORY<\/span>\n    <ul style=\"list-style:none; margin:.4rem 0 .2rem 2em; padding-left:0;\">\n      <li><span style=\"display:inline-block; width:1.2em; vertical-align:top;\">\u25aa<\/span>Accounting<\/li>\n      <li><span style=\"display:inline-block; width:1.2em; vertical-align:top;\">\u25aa<\/span>Transaction Management<\/li>\n      <li><span style=\"display:inline-block; width:1.2em; vertical-align:top;\">\u25aa<\/span>Trust- &amp; Fiduciary Services<\/li>\n    <\/ul>\n  <\/li>\n<\/ul>\n\t\t\t\t\t\t\t\t<\/div>\n\t\t\t\t<div class=\"elementor-element elementor-element-948d75f elementor-widget elementor-widget-spacer\" data-id=\"948d75f\" data-element_type=\"widget\" data-e-type=\"widget\" data-widget_type=\"spacer.default\">\n\t\t\t\t\t\t\t<div class=\"elementor-spacer\">\n\t\t\t<div class=\"elementor-spacer-inner\"><\/div>\n\t\t<\/div>\n\t\t\t\t\t\t<\/div>\n\t\t\t\t<div class=\"elementor-element elementor-element-7621cc6 elementor-widget elementor-widget-heading\" data-id=\"7621cc6\" data-element_type=\"widget\" data-e-type=\"widget\" data-widget_type=\"heading.default\">\n\t\t\t\t\t<h3 class=\"elementor-heading-title elementor-size-default\">Transacciones y Proyectos de Asesor\u00eda<\/h3>\t\t\t\t<\/div>\n\t\t\t\t<div class=\"elementor-element elementor-element-a0d33e1 elementor-widget elementor-widget-spacer\" data-id=\"a0d33e1\" data-element_type=\"widget\" data-e-type=\"widget\" data-widget_type=\"spacer.default\">\n\t\t\t\t\t\t\t<div class=\"elementor-spacer\">\n\t\t\t<div class=\"elementor-spacer-inner\"><\/div>\n\t\t<\/div>\n\t\t\t\t\t\t<\/div>\n\t\t\t\t<div class=\"elementor-element elementor-element-bce8adc elementor-widget elementor-widget-text-editor\" data-id=\"bce8adc\" data-element_type=\"widget\" data-e-type=\"widget\" data-widget_type=\"text-editor.default\">\n\t\t\t\t\t\t\t\t\t<p>Prepar\u00f3 y proporcion\u00f3 el modelo financiero y el estudio de viabilidad como parte de una reestructuraci\u00f3n financiera para un grupo suizo de servicios.<br><br> Asesor\u00f3 a un proveedor suizo de la industria automotriz en el dise\u00f1o e implementaci\u00f3n de un programa integral de reducci\u00f3n de costos y la introducci\u00f3n de un sistema de Gesti\u00f3n de la Calidad Total (TQM) seg\u00fan la norma ISO\/TS 16949:2002 como parte de una reestructuraci\u00f3n previo F&amp;A.<br><br> Optimiz\u00f3 la gesti\u00f3n del capital circulante para un grupo de empresas familiar europeo con el fin de fortalecer la liquidez operativa y reducir los costos de capital. <br><br> Asesor\u00f3 a la familia propietaria en la venta transfronteriza de su negocio de hotel-casino.<\/p>\t\t\t\t\t\t\t\t<\/div>\n\t\t\t\t<div class=\"elementor-element elementor-element-f7da978 elementor-widget elementor-widget-spacer\" data-id=\"f7da978\" data-element_type=\"widget\" data-e-type=\"widget\" data-widget_type=\"spacer.default\">\n\t\t\t\t\t\t\t<div class=\"elementor-spacer\">\n\t\t\t<div class=\"elementor-spacer-inner\"><\/div>\n\t\t<\/div>\n\t\t\t\t\t\t<\/div>\n\t\t\t\t<div class=\"elementor-element elementor-element-e64faee elementor-widget elementor-widget-heading\" data-id=\"e64faee\" data-element_type=\"widget\" data-e-type=\"widget\" data-widget_type=\"heading.default\">\n\t\t\t\t\t<h3 class=\"elementor-heading-title elementor-size-default\">Membres\u00edas profesionales<\/h3>\t\t\t\t<\/div>\n\t\t\t\t<div class=\"elementor-element elementor-element-244b616 elementor-widget elementor-widget-spacer\" data-id=\"244b616\" data-element_type=\"widget\" data-e-type=\"widget\" data-widget_type=\"spacer.default\">\n\t\t\t\t\t\t\t<div class=\"elementor-spacer\">\n\t\t\t<div class=\"elementor-spacer-inner\"><\/div>\n\t\t<\/div>\n\t\t\t\t\t\t<\/div>\n\t\t\t\t\t<\/div>\n\t\t\t\t<\/div>\n\t\t<div class=\"elementor-element elementor-element-78ae812 e-grid e-con-boxed e-con e-parent\" data-id=\"78ae812\" data-element_type=\"container\" data-e-type=\"container\">\n\t\t\t\t\t<div class=\"e-con-inner\">\n\t\t\t\t<div class=\"elementor-element elementor-element-4888307 elementor-widget elementor-widget-image\" data-id=\"4888307\" data-element_type=\"widget\" data-e-type=\"widget\" data-widget_type=\"image.default\">\n\t\t\t\t\t\t\t\t\t\t\t\t\t\t\t\t<a href=\"https:\/\/eu.imanet.org\/\">\n\t\t\t\t\t\t\t<img decoding=\"async\" width=\"289\" height=\"71\" src=\"https:\/\/freygut.ch\/wp-content\/uploads\/2025\/08\/ima-white-logo-1.svg\" class=\"attachment-medium size-medium wp-image-456\" alt=\"\" \/>\t\t\t\t\t\t\t\t<\/a>\n\t\t\t\t\t\t\t\t\t\t\t\t\t\t\t<\/div>\n\t\t\t\t<div class=\"elementor-element elementor-element-60c3679 elementor-widget elementor-widget-image\" data-id=\"60c3679\" data-element_type=\"widget\" data-e-type=\"widget\" data-widget_type=\"image.default\">\n\t\t\t\t\t\t\t\t\t\t\t\t\t\t\t\t<a href=\"https:\/\/swissaccounting.org\/\">\n\t\t\t\t\t\t\t<img decoding=\"async\" width=\"300\" height=\"76\" src=\"https:\/\/freygut.ch\/wp-content\/uploads\/2025\/08\/swiss-accounting-logo-1.svg\" class=\"attachment-medium size-medium wp-image-452\" alt=\"\" \/>\t\t\t\t\t\t\t\t<\/a>\n\t\t\t\t\t\t\t\t\t\t\t\t\t\t\t<\/div>\n\t\t\t\t\t<\/div>\n\t\t\t\t<\/div>\n\t\t<div class=\"elementor-element elementor-element-0fb1674 e-flex e-con-boxed e-con e-parent\" data-id=\"0fb1674\" data-element_type=\"container\" data-e-type=\"container\">\n\t\t\t\t\t<div class=\"e-con-inner\">\n\t\t\t\t\t<\/div>\n\t\t\t\t<\/div>\n\t\t\t\t<\/div>\n\t\t","protected":false},"excerpt":{"rendered":"<p>PERFIL Personal, confidencial, y comprometido Marc Bodin Licenciatura en Administraci\u00f3n de Empresas FH (BSC. BA) Idiomas: alem\u00e1n, ingl\u00e9s, espa\u00f1ol, franc\u00e9s +41 79 730 40 73 mab@freygut.ch Llevo trabajando en finanzas y contabilidad unos 30 a\u00f1os. Durante este tiempo, desempe\u00f1\u00e9 una amplia variedad de funciones y \u00e1reas de responsabilidad, desde analista de cr\u00e9dito y negocio hasta [&hellip;]<\/p>\n","protected":false},"author":1,"featured_media":0,"parent":0,"menu_order":0,"comment_status":"closed","ping_status":"closed","template":"","meta":{"footnotes":""},"class_list":["post-373","page","type-page","status-publish","hentry"],"yoast_head":"<!-- This site is optimized with the Yoast SEO plugin v27.4 - https:\/\/yoast.com\/product\/yoast-seo-wordpress\/ -->\n<title>Marc Bodin \u2013 Experto en Finanzas &amp; Fundador de FREYGUT Advisory Suiza<\/title>\n<meta name=\"description\" content=\"Marc Bodin, Dipl. Betriebs\u00f6konom FH, con 30 a\u00f1os de experiencia en finanzas y contabilidad. Fundador de FREYGUT Advisory y experto en finanzas corporativas.\" \/>\n<meta name=\"robots\" content=\"index, follow, max-snippet:-1, max-image-preview:large, max-video-preview:-1\" \/>\n<link rel=\"canonical\" href=\"https:\/\/freygut.ch\/es\/equipo\/\" \/>\n<script type=\"application\/ld+json\" class=\"yoast-schema-graph\">{\"@context\":\"https:\\\/\\\/schema.org\",\"@graph\":[{\"@type\":\"WebPage\",\"@id\":\"https:\\\/\\\/freygut.ch\\\/es\\\/equipo\\\/\",\"url\":\"https:\\\/\\\/freygut.ch\\\/es\\\/equipo\\\/\",\"name\":\"Marc Bodin \u2013 Experto en Finanzas & Fundador de FREYGUT Advisory Suiza\",\"isPartOf\":{\"@id\":\"https:\\\/\\\/freygut.ch\\\/es\\\/#website\"},\"primaryImageOfPage\":{\"@id\":\"https:\\\/\\\/freygut.ch\\\/es\\\/equipo\\\/#primaryimage\"},\"image\":{\"@id\":\"https:\\\/\\\/freygut.ch\\\/es\\\/equipo\\\/#primaryimage\"},\"thumbnailUrl\":\"https:\\\/\\\/freygut.ch\\\/wp-content\\\/uploads\\\/2025\\\/10\\\/DSC_0529-HSRev-e1760090525404-768x808.jpg\",\"datePublished\":\"2025-07-30T15:03:42+00:00\",\"dateModified\":\"2026-01-09T09:02:24+00:00\",\"description\":\"Marc Bodin, Dipl. Betriebs\u00f6konom FH, con 30 a\u00f1os de experiencia en finanzas y contabilidad. Fundador de FREYGUT Advisory y experto en finanzas corporativas.\",\"breadcrumb\":{\"@id\":\"https:\\\/\\\/freygut.ch\\\/es\\\/equipo\\\/#breadcrumb\"},\"inLanguage\":\"es\",\"potentialAction\":[{\"@type\":\"ReadAction\",\"target\":[\"https:\\\/\\\/freygut.ch\\\/es\\\/equipo\\\/\"]}]},{\"@type\":\"ImageObject\",\"inLanguage\":\"es\",\"@id\":\"https:\\\/\\\/freygut.ch\\\/es\\\/equipo\\\/#primaryimage\",\"url\":\"https:\\\/\\\/freygut.ch\\\/wp-content\\\/uploads\\\/2025\\\/10\\\/DSC_0529-HSRev-e1760090525404-768x808.jpg\",\"contentUrl\":\"https:\\\/\\\/freygut.ch\\\/wp-content\\\/uploads\\\/2025\\\/10\\\/DSC_0529-HSRev-e1760090525404-768x808.jpg\"},{\"@type\":\"BreadcrumbList\",\"@id\":\"https:\\\/\\\/freygut.ch\\\/es\\\/equipo\\\/#breadcrumb\",\"itemListElement\":[{\"@type\":\"ListItem\",\"position\":1,\"name\":\"Startseite\",\"item\":\"https:\\\/\\\/freygut.ch\\\/es\\\/\"},{\"@type\":\"ListItem\",\"position\":2,\"name\":\"Perfil\"}]},{\"@type\":\"WebSite\",\"@id\":\"https:\\\/\\\/freygut.ch\\\/es\\\/#website\",\"url\":\"https:\\\/\\\/freygut.ch\\\/es\\\/\",\"name\":\"freygut.ch\",\"description\":\"FREYGUT ACCOUNTING \u2013 Digitale Buchhaltung, Forensik &amp; Transaktionsberatung aus Z\u00fcrich. Ihr Schweizer Partner f\u00fcr Buchhaltung, Forensik, Transaktionen und Treuhand \u2013 100\u202f% digital, 100\u202f% diskret, 100\u202f% verl\u00e4sslich.\",\"publisher\":{\"@id\":\"https:\\\/\\\/freygut.ch\\\/es\\\/#organization\"},\"potentialAction\":[{\"@type\":\"SearchAction\",\"target\":{\"@type\":\"EntryPoint\",\"urlTemplate\":\"https:\\\/\\\/freygut.ch\\\/es\\\/?s={search_term_string}\"},\"query-input\":{\"@type\":\"PropertyValueSpecification\",\"valueRequired\":true,\"valueName\":\"search_term_string\"}}],\"inLanguage\":\"es\"},{\"@type\":\"Organization\",\"@id\":\"https:\\\/\\\/freygut.ch\\\/es\\\/#organization\",\"name\":\"freygut.ch\",\"url\":\"https:\\\/\\\/freygut.ch\\\/es\\\/\",\"logo\":{\"@type\":\"ImageObject\",\"inLanguage\":\"es\",\"@id\":\"https:\\\/\\\/freygut.ch\\\/es\\\/#\\\/schema\\\/logo\\\/image\\\/\",\"url\":\"https:\\\/\\\/freygut.ch\\\/wp-content\\\/uploads\\\/2025\\\/07\\\/FRY_Logo-FRY-ACC-e1753882146163.png\",\"contentUrl\":\"https:\\\/\\\/freygut.ch\\\/wp-content\\\/uploads\\\/2025\\\/07\\\/FRY_Logo-FRY-ACC-e1753882146163.png\",\"width\":1766,\"height\":163,\"caption\":\"freygut.ch\"},\"image\":{\"@id\":\"https:\\\/\\\/freygut.ch\\\/es\\\/#\\\/schema\\\/logo\\\/image\\\/\"}}]}<\/script>\n<!-- \/ Yoast SEO plugin. -->","yoast_head_json":{"title":"Marc Bodin \u2013 Experto en Finanzas & Fundador de FREYGUT Advisory Suiza","description":"Marc Bodin, Dipl. Betriebs\u00f6konom FH, con 30 a\u00f1os de experiencia en finanzas y contabilidad. Fundador de FREYGUT Advisory y experto en finanzas corporativas.","robots":{"index":"index","follow":"follow","max-snippet":"max-snippet:-1","max-image-preview":"max-image-preview:large","max-video-preview":"max-video-preview:-1"},"canonical":"https:\/\/freygut.ch\/es\/equipo\/","schema":{"@context":"https:\/\/schema.org","@graph":[{"@type":"WebPage","@id":"https:\/\/freygut.ch\/es\/equipo\/","url":"https:\/\/freygut.ch\/es\/equipo\/","name":"Marc Bodin \u2013 Experto en Finanzas & Fundador de FREYGUT Advisory Suiza","isPartOf":{"@id":"https:\/\/freygut.ch\/es\/#website"},"primaryImageOfPage":{"@id":"https:\/\/freygut.ch\/es\/equipo\/#primaryimage"},"image":{"@id":"https:\/\/freygut.ch\/es\/equipo\/#primaryimage"},"thumbnailUrl":"https:\/\/freygut.ch\/wp-content\/uploads\/2025\/10\/DSC_0529-HSRev-e1760090525404-768x808.jpg","datePublished":"2025-07-30T15:03:42+00:00","dateModified":"2026-01-09T09:02:24+00:00","description":"Marc Bodin, Dipl. Betriebs\u00f6konom FH, con 30 a\u00f1os de experiencia en finanzas y contabilidad. Fundador de FREYGUT Advisory y experto en finanzas corporativas.","breadcrumb":{"@id":"https:\/\/freygut.ch\/es\/equipo\/#breadcrumb"},"inLanguage":"es","potentialAction":[{"@type":"ReadAction","target":["https:\/\/freygut.ch\/es\/equipo\/"]}]},{"@type":"ImageObject","inLanguage":"es","@id":"https:\/\/freygut.ch\/es\/equipo\/#primaryimage","url":"https:\/\/freygut.ch\/wp-content\/uploads\/2025\/10\/DSC_0529-HSRev-e1760090525404-768x808.jpg","contentUrl":"https:\/\/freygut.ch\/wp-content\/uploads\/2025\/10\/DSC_0529-HSRev-e1760090525404-768x808.jpg"},{"@type":"BreadcrumbList","@id":"https:\/\/freygut.ch\/es\/equipo\/#breadcrumb","itemListElement":[{"@type":"ListItem","position":1,"name":"Startseite","item":"https:\/\/freygut.ch\/es\/"},{"@type":"ListItem","position":2,"name":"Perfil"}]},{"@type":"WebSite","@id":"https:\/\/freygut.ch\/es\/#website","url":"https:\/\/freygut.ch\/es\/","name":"freygut.ch","description":"FREYGUT ACCOUNTING \u2013 Digitale Buchhaltung, Forensik &amp; Transaktionsberatung aus Z\u00fcrich. Ihr Schweizer Partner f\u00fcr Buchhaltung, Forensik, Transaktionen und Treuhand \u2013 100\u202f% digital, 100\u202f% diskret, 100\u202f% verl\u00e4sslich.","publisher":{"@id":"https:\/\/freygut.ch\/es\/#organization"},"potentialAction":[{"@type":"SearchAction","target":{"@type":"EntryPoint","urlTemplate":"https:\/\/freygut.ch\/es\/?s={search_term_string}"},"query-input":{"@type":"PropertyValueSpecification","valueRequired":true,"valueName":"search_term_string"}}],"inLanguage":"es"},{"@type":"Organization","@id":"https:\/\/freygut.ch\/es\/#organization","name":"freygut.ch","url":"https:\/\/freygut.ch\/es\/","logo":{"@type":"ImageObject","inLanguage":"es","@id":"https:\/\/freygut.ch\/es\/#\/schema\/logo\/image\/","url":"https:\/\/freygut.ch\/wp-content\/uploads\/2025\/07\/FRY_Logo-FRY-ACC-e1753882146163.png","contentUrl":"https:\/\/freygut.ch\/wp-content\/uploads\/2025\/07\/FRY_Logo-FRY-ACC-e1753882146163.png","width":1766,"height":163,"caption":"freygut.ch"},"image":{"@id":"https:\/\/freygut.ch\/es\/#\/schema\/logo\/image\/"}}]}},"_links":{"self":[{"href":"https:\/\/freygut.ch\/es\/wp-json\/wp\/v2\/pages\/373","targetHints":{"allow":["GET"]}}],"collection":[{"href":"https:\/\/freygut.ch\/es\/wp-json\/wp\/v2\/pages"}],"about":[{"href":"https:\/\/freygut.ch\/es\/wp-json\/wp\/v2\/types\/page"}],"author":[{"embeddable":true,"href":"https:\/\/freygut.ch\/es\/wp-json\/wp\/v2\/users\/1"}],"replies":[{"embeddable":true,"href":"https:\/\/freygut.ch\/es\/wp-json\/wp\/v2\/comments?post=373"}],"version-history":[{"count":25,"href":"https:\/\/freygut.ch\/es\/wp-json\/wp\/v2\/pages\/373\/revisions"}],"predecessor-version":[{"id":2094,"href":"https:\/\/freygut.ch\/es\/wp-json\/wp\/v2\/pages\/373\/revisions\/2094"}],"wp:attachment":[{"href":"https:\/\/freygut.ch\/es\/wp-json\/wp\/v2\/media?parent=373"}],"curies":[{"name":"wp","href":"https:\/\/api.w.org\/{rel}","templated":true}]}}