{"id":367,"date":"2025-07-24T09:26:22","date_gmt":"2025-07-24T07:26:22","guid":{"rendered":"https:\/\/freygut.ch\/inicio\/"},"modified":"2026-02-28T19:55:48","modified_gmt":"2026-02-28T18:55:48","slug":"inicio","status":"publish","type":"page","link":"https:\/\/freygut.ch\/es\/","title":{"rendered":"Inicio"},"content":{"rendered":"\t\t<div data-elementor-type=\"wp-page\" data-elementor-id=\"367\" class=\"elementor elementor-367 elementor-13\" data-elementor-post-type=\"page\">\n\t\t\t\t<div class=\"elementor-element elementor-element-515ac94 e-con-full e-flex e-con e-parent\" data-id=\"515ac94\" data-element_type=\"container\" data-e-type=\"container\" data-settings=\"{&quot;background_background&quot;:&quot;classic&quot;}\">\n\t\t\t\t<\/div>\n\t\t<div class=\"elementor-element elementor-element-789095d e-flex e-con-boxed e-con e-parent\" data-id=\"789095d\" data-element_type=\"container\" data-e-type=\"container\">\n\t\t\t\t\t<div class=\"e-con-inner\">\n\t\t\t\t<div class=\"elementor-element elementor-element-50a9f57 elementor-widget elementor-widget-heading\" data-id=\"50a9f57\" data-element_type=\"widget\" data-e-type=\"widget\" data-widget_type=\"heading.default\">\n\t\t\t\t\t<h2 class=\"elementor-heading-title elementor-size-default\">BIENVENIDO<\/h2>\t\t\t\t<\/div>\n\t\t\t\t\t<\/div>\n\t\t\t\t<\/div>\n\t\t<div class=\"elementor-element elementor-element-fc39807 e-flex e-con-boxed e-con e-parent\" data-id=\"fc39807\" data-element_type=\"container\" data-e-type=\"container\">\n\t\t\t\t\t<div class=\"e-con-inner\">\n\t\t\t\t\t<\/div>\n\t\t\t\t<\/div>\n\t\t<div class=\"elementor-element elementor-element-99d51b0 e-flex e-con-boxed e-con e-parent\" data-id=\"99d51b0\" data-element_type=\"container\" data-e-type=\"container\">\n\t\t\t\t\t<div class=\"e-con-inner\">\n\t\t\t\t<div class=\"elementor-element elementor-element-b95ef34 elementor-widget elementor-widget-text-editor\" data-id=\"b95ef34\" data-element_type=\"widget\" data-e-type=\"widget\" data-widget_type=\"text-editor.default\">\n\t\t\t\t\t\t\t\t\t<p>Me encargo de sus tareas contables de forma eficiente, precisa y econ\u00f3mica; todo incluido, desde la configuraci\u00f3n del sistema hasta los estados financieros anuales.<\/p>\t\t\t\t\t\t\t\t<\/div>\n\t\t\t\t\t<\/div>\n\t\t\t\t<\/div>\n\t\t<div class=\"elementor-element elementor-element-4b3cd2a e-flex e-con-boxed e-con e-parent\" data-id=\"4b3cd2a\" data-element_type=\"container\" data-e-type=\"container\">\n\t\t\t\t\t<div class=\"e-con-inner\">\n\t\t\t\t\t<\/div>\n\t\t\t\t<\/div>\n\t\t<div class=\"elementor-element elementor-element-f1e8e9d e-flex e-con-boxed e-con e-parent\" data-id=\"f1e8e9d\" data-element_type=\"container\" data-e-type=\"container\">\n\t\t\t\t\t<div class=\"e-con-inner\">\n\t\t\t\t<div class=\"elementor-element elementor-element-70295bf elementor-widget elementor-widget-heading\" data-id=\"70295bf\" data-element_type=\"widget\" data-e-type=\"widget\" data-widget_type=\"heading.default\">\n\t\t\t\t\t<h3 class=\"elementor-heading-title elementor-size-default\">Pragm\u00e1tico y receptivo<\/h3>\t\t\t\t<\/div>\n\t\t\t\t\t<\/div>\n\t\t\t\t<\/div>\n\t\t<div class=\"elementor-element elementor-element-28788e2 e-flex e-con-boxed e-con e-parent\" data-id=\"28788e2\" data-element_type=\"container\" data-e-type=\"container\">\n\t\t\t\t\t<div class=\"e-con-inner\">\n\t\t\t\t\t<\/div>\n\t\t\t\t<\/div>\n\t\t<div class=\"elementor-element elementor-element-2e6f6de e-flex e-con-boxed e-con e-parent\" data-id=\"2e6f6de\" data-element_type=\"container\" data-e-type=\"container\">\n\t\t\t\t\t<div class=\"e-con-inner\">\n\t\t\t\t<div class=\"elementor-element elementor-element-ef87e85 elementor-widget elementor-widget-text-editor\" data-id=\"ef87e85\" data-element_type=\"widget\" data-e-type=\"widget\" data-widget_type=\"text-editor.default\">\n\t\t\t\t\t\t\t\t\tFREYGUT ACCOUNTING est\u00e1 disponible 7 d\u00edas a la semana (9\/9\/7) durante todo el a\u00f1o y opera de forma 100 % digital (Gesti\u00f3n de Datos exclusivo en Suiza).\n\nFREYGUT ACCOUNTING le ofrece diversos modelos de precios, desde pago por registro hasta tarifas planas personalizadas, que se adaptan con flexibilidad a las necesidades y requisitos de su negocio en cualquier momento.\n\nEsto reduce sus costes administrativos al m\u00ednimo y le ofrece la m\u00e1xima garant\u00eda de que sus obligaciones legales de registro e informes (impuestos, seguros, personal) se cumplen completa y puntualmente en todo momento.\t\t\t\t\t\t\t\t<\/div>\n\t\t\t\t\t<\/div>\n\t\t\t\t<\/div>\n\t\t<div class=\"elementor-element elementor-element-b209116 e-flex e-con-boxed e-con e-parent\" data-id=\"b209116\" data-element_type=\"container\" data-e-type=\"container\">\n\t\t\t\t\t<div class=\"e-con-inner\">\n\t\t\t\t<div class=\"elementor-element elementor-element-167874c elementor-widget elementor-widget-heading\" data-id=\"167874c\" data-element_type=\"widget\" data-e-type=\"widget\" data-widget_type=\"heading.default\">\n\t\t\t\t\t<h3 class=\"elementor-heading-title elementor-size-default\">\u00bfPOR QU\u00c9 FREYGUT ACCOUNTING?<\/h3>\t\t\t\t<\/div>\n\t\t\t\t<div class=\"elementor-element elementor-element-4ef64cc elementor-widget elementor-widget-text-editor\" data-id=\"4ef64cc\" data-element_type=\"widget\" data-e-type=\"widget\" data-widget_type=\"text-editor.default\">\n\t\t\t\t\t\t\t\t\t<ul style=\"list-style: none; padding-left: 0;\"><li><img decoding=\"async\" class=\"emoji\" role=\"img\" draggable=\"false\" src=\"https:\/\/s.w.org\/images\/core\/emoji\/16.0.1\/svg\/2714.svg\" alt=\"\u2714\"> Disponibilidad humana 9\/9\/7 (sin chatbot)<\/li><\/ul><ul style=\"list-style: none; padding-left: 0;\"><li><img decoding=\"async\" class=\"emoji\" role=\"img\" draggable=\"false\" src=\"https:\/\/s.w.org\/images\/core\/emoji\/16.0.1\/svg\/2714.svg\" alt=\"\u2714\"> Servicio todo incluido<\/li><\/ul><ul style=\"list-style: none; padding-left: 0;\"><li><img decoding=\"async\" class=\"emoji\" role=\"img\" draggable=\"false\" src=\"https:\/\/s.w.org\/images\/core\/emoji\/16.0.1\/svg\/2714.svg\" alt=\"\u2714\"> Sin cargos ocultos<\/li><\/ul><ul style=\"list-style: none; padding-left: 0;\"><li><img decoding=\"async\" class=\"emoji\" role=\"img\" draggable=\"false\" src=\"https:\/\/s.w.org\/images\/core\/emoji\/16.0.1\/svg\/2714.svg\" alt=\"\u2714\"> 100% digital<\/li><\/ul><ul style=\"list-style: none; padding-left: 0;\"><li><img decoding=\"async\" class=\"emoji\" role=\"img\" draggable=\"false\" src=\"https:\/\/s.w.org\/images\/core\/emoji\/16.0.1\/svg\/2714.svg\" alt=\"\u2714\"> Gesti\u00f3n y seguridad de datos exclusivo en suiza<\/li><\/ul>\t\t\t\t\t\t\t\t<\/div>\n\t\t\t\t\t<\/div>\n\t\t\t\t<\/div>\n\t\t<div class=\"elementor-element elementor-element-ec32e71 e-flex e-con-boxed e-con e-parent\" data-id=\"ec32e71\" data-element_type=\"container\" data-e-type=\"container\">\n\t\t\t\t\t<div class=\"e-con-inner\">\n\t\t\t\t<div class=\"elementor-element elementor-element-b5887a5 elementor-widget elementor-widget-text-editor\" data-id=\"b5887a5\" data-element_type=\"widget\" data-e-type=\"widget\" data-widget_type=\"text-editor.default\">\n\t\t\t\t\t\t\t\t\t<p>Con\u00f3ceme en una consulta inicial<\/p>\t\t\t\t\t\t\t\t<\/div>\n\t\t\t\t\t<\/div>\n\t\t\t\t<\/div>\n\t\t<div class=\"elementor-element elementor-element-75191a48 e-flex e-con-boxed e-con e-parent\" data-id=\"75191a48\" data-element_type=\"container\" data-e-type=\"container\">\n\t\t\t\t\t<div class=\"e-con-inner\">\n\t\t\t\t<div class=\"elementor-element elementor-element-3acec622 elementor-widget elementor-widget-text-editor\" data-id=\"3acec622\" data-element_type=\"widget\" data-e-type=\"widget\" data-widget_type=\"text-editor.default\">\n\t\t\t\t\t\t\t\t\t<p>CONFIDENCIAL, GRATUITO Y SIN COMPROMISO \u2013 TAMBI\u00c9N DISPONIBLE LOS FINES DE SEMANA<\/p>\t\t\t\t\t\t\t\t<\/div>\n\t\t\t\t\t<\/div>\n\t\t\t\t<\/div>\n\t\t<div class=\"elementor-element elementor-element-4fb55ab7 e-flex e-con-boxed e-con e-parent\" data-id=\"4fb55ab7\" data-element_type=\"container\" data-e-type=\"container\">\n\t\t\t\t\t<div class=\"e-con-inner\">\n\t\t\t\t<div class=\"elementor-element elementor-element-1fd5c9e3 elementor-widget elementor-widget-image\" data-id=\"1fd5c9e3\" data-element_type=\"widget\" data-e-type=\"widget\" data-widget_type=\"image.default\">\n\t\t\t\t\t\t\t\t\t\t\t\t\t\t\t\t<a href=\"https:\/\/wa.me\/+41797304073?text=\" target=\"_blank\">\n\t\t\t\t\t\t\t<img decoding=\"async\" width=\"256\" height=\"257\" src=\"https:\/\/freygut.ch\/wp-content\/uploads\/2025\/07\/256px-WhatsApp_icon.png\" class=\"attachment-medium size-medium wp-image-199\" alt=\"\" srcset=\"https:\/\/freygut.ch\/wp-content\/uploads\/2025\/07\/256px-WhatsApp_icon.png 256w, https:\/\/freygut.ch\/wp-content\/uploads\/2025\/07\/256px-WhatsApp_icon-150x150.png 150w\" sizes=\"(max-width: 256px) 100vw, 256px\" \/>\t\t\t\t\t\t\t\t<\/a>\n\t\t\t\t\t\t\t\t\t\t\t\t\t\t\t<\/div>\n\t\t\t\t\t<\/div>\n\t\t\t\t<\/div>\n\t\t<div class=\"elementor-element elementor-element-9ef0962 e-flex e-con-boxed e-con e-parent\" data-id=\"9ef0962\" data-element_type=\"container\" data-e-type=\"container\">\n\t\t\t\t\t<div class=\"e-con-inner\">\n\t\t\t\t\t<\/div>\n\t\t\t\t<\/div>\n\t\t\t\t<\/div>\n\t\t","protected":false},"excerpt":{"rendered":"<p>BIENVENIDO Me encargo de sus tareas contables de forma eficiente, precisa y econ\u00f3mica; todo incluido, desde la configuraci\u00f3n del sistema hasta los estados financieros anuales. Pragm\u00e1tico y receptivo FREYGUT ACCOUNTING est\u00e1 disponible 7 d\u00edas a la semana (9\/9\/7) durante todo el a\u00f1o y opera de forma 100 % digital (Gesti\u00f3n de Datos exclusivo en Suiza). [&hellip;]<\/p>\n","protected":false},"author":1,"featured_media":0,"parent":0,"menu_order":0,"comment_status":"closed","ping_status":"closed","template":"","meta":{"footnotes":""},"class_list":["post-367","page","type-page","status-publish","hentry"],"yoast_head":"<!-- This site is optimized with the Yoast SEO plugin v27.4 - https:\/\/yoast.com\/product\/yoast-seo-wordpress\/ -->\n<title>Contabilidad digital Suiza: r\u00e1pida, precisa y econ\u00f3mica | FREYGUT ACCOUNTING<\/title>\n<meta name=\"description\" content=\"FREYGUT ACCOUNTING ofrece contabilidad digital en Suiza: disponibilidad 9\/9\/7, precios transparentes y 100% seguridad de datos suiza\" \/>\n<meta name=\"robots\" content=\"index, follow, max-snippet:-1, max-image-preview:large, max-video-preview:-1\" \/>\n<link rel=\"canonical\" href=\"https:\/\/freygut.ch\/es\/\" \/>\n<script type=\"application\/ld+json\" class=\"yoast-schema-graph\">{\"@context\":\"https:\\\/\\\/schema.org\",\"@graph\":[{\"@type\":\"WebPage\",\"@id\":\"https:\\\/\\\/freygut.ch\\\/es\\\/\",\"url\":\"https:\\\/\\\/freygut.ch\\\/es\\\/\",\"name\":\"Contabilidad digital Suiza: r\u00e1pida, precisa y econ\u00f3mica | FREYGUT ACCOUNTING\",\"isPartOf\":{\"@id\":\"https:\\\/\\\/freygut.ch\\\/es\\\/#website\"},\"primaryImageOfPage\":{\"@id\":\"https:\\\/\\\/freygut.ch\\\/es\\\/#primaryimage\"},\"image\":{\"@id\":\"https:\\\/\\\/freygut.ch\\\/es\\\/#primaryimage\"},\"thumbnailUrl\":\"https:\\\/\\\/s.w.org\\\/images\\\/core\\\/emoji\\\/16.0.1\\\/svg\\\/2714.svg\",\"datePublished\":\"2025-07-24T07:26:22+00:00\",\"dateModified\":\"2026-02-28T18:55:48+00:00\",\"description\":\"FREYGUT ACCOUNTING ofrece contabilidad digital en Suiza: disponibilidad 9\\\/9\\\/7, precios transparentes y 100% seguridad de datos suiza\",\"breadcrumb\":{\"@id\":\"https:\\\/\\\/freygut.ch\\\/es\\\/#breadcrumb\"},\"inLanguage\":\"es\",\"potentialAction\":[{\"@type\":\"ReadAction\",\"target\":[\"https:\\\/\\\/freygut.ch\\\/es\\\/\"]}]},{\"@type\":\"ImageObject\",\"inLanguage\":\"es\",\"@id\":\"https:\\\/\\\/freygut.ch\\\/es\\\/#primaryimage\",\"url\":\"https:\\\/\\\/s.w.org\\\/images\\\/core\\\/emoji\\\/16.0.1\\\/svg\\\/2714.svg\",\"contentUrl\":\"https:\\\/\\\/s.w.org\\\/images\\\/core\\\/emoji\\\/16.0.1\\\/svg\\\/2714.svg\"},{\"@type\":\"BreadcrumbList\",\"@id\":\"https:\\\/\\\/freygut.ch\\\/es\\\/#breadcrumb\",\"itemListElement\":[{\"@type\":\"ListItem\",\"position\":1,\"name\":\"Startseite\",\"item\":\"https:\\\/\\\/freygut.ch\\\/es\\\/\"},{\"@type\":\"ListItem\",\"position\":2,\"name\":\"Inicio\"}]},{\"@type\":\"WebSite\",\"@id\":\"https:\\\/\\\/freygut.ch\\\/es\\\/#website\",\"url\":\"https:\\\/\\\/freygut.ch\\\/es\\\/\",\"name\":\"freygut.ch\",\"description\":\"FREYGUT ACCOUNTING \u2013 Digitale Buchhaltung, Forensik &amp; Transaktionsberatung aus Z\u00fcrich. Ihr Schweizer Partner f\u00fcr Buchhaltung, Forensik, Transaktionen und Treuhand \u2013 100\u202f% digital, 100\u202f% diskret, 100\u202f% verl\u00e4sslich.\",\"publisher\":{\"@id\":\"https:\\\/\\\/freygut.ch\\\/es\\\/#organization\"},\"potentialAction\":[{\"@type\":\"SearchAction\",\"target\":{\"@type\":\"EntryPoint\",\"urlTemplate\":\"https:\\\/\\\/freygut.ch\\\/es\\\/?s={search_term_string}\"},\"query-input\":{\"@type\":\"PropertyValueSpecification\",\"valueRequired\":true,\"valueName\":\"search_term_string\"}}],\"inLanguage\":\"es\"},{\"@type\":\"Organization\",\"@id\":\"https:\\\/\\\/freygut.ch\\\/es\\\/#organization\",\"name\":\"freygut.ch\",\"url\":\"https:\\\/\\\/freygut.ch\\\/es\\\/\",\"logo\":{\"@type\":\"ImageObject\",\"inLanguage\":\"es\",\"@id\":\"https:\\\/\\\/freygut.ch\\\/es\\\/#\\\/schema\\\/logo\\\/image\\\/\",\"url\":\"https:\\\/\\\/freygut.ch\\\/wp-content\\\/uploads\\\/2025\\\/07\\\/FRY_Logo-FRY-ACC-e1753882146163.png\",\"contentUrl\":\"https:\\\/\\\/freygut.ch\\\/wp-content\\\/uploads\\\/2025\\\/07\\\/FRY_Logo-FRY-ACC-e1753882146163.png\",\"width\":1766,\"height\":163,\"caption\":\"freygut.ch\"},\"image\":{\"@id\":\"https:\\\/\\\/freygut.ch\\\/es\\\/#\\\/schema\\\/logo\\\/image\\\/\"}}]}<\/script>\n<!-- \/ Yoast SEO plugin. -->","yoast_head_json":{"title":"Contabilidad digital Suiza: r\u00e1pida, precisa y econ\u00f3mica | FREYGUT ACCOUNTING","description":"FREYGUT ACCOUNTING ofrece contabilidad digital en Suiza: disponibilidad 9\/9\/7, precios transparentes y 100% seguridad de datos suiza","robots":{"index":"index","follow":"follow","max-snippet":"max-snippet:-1","max-image-preview":"max-image-preview:large","max-video-preview":"max-video-preview:-1"},"canonical":"https:\/\/freygut.ch\/es\/","schema":{"@context":"https:\/\/schema.org","@graph":[{"@type":"WebPage","@id":"https:\/\/freygut.ch\/es\/","url":"https:\/\/freygut.ch\/es\/","name":"Contabilidad digital Suiza: r\u00e1pida, precisa y econ\u00f3mica | FREYGUT ACCOUNTING","isPartOf":{"@id":"https:\/\/freygut.ch\/es\/#website"},"primaryImageOfPage":{"@id":"https:\/\/freygut.ch\/es\/#primaryimage"},"image":{"@id":"https:\/\/freygut.ch\/es\/#primaryimage"},"thumbnailUrl":"https:\/\/s.w.org\/images\/core\/emoji\/16.0.1\/svg\/2714.svg","datePublished":"2025-07-24T07:26:22+00:00","dateModified":"2026-02-28T18:55:48+00:00","description":"FREYGUT ACCOUNTING ofrece contabilidad digital en Suiza: disponibilidad 9\/9\/7, precios transparentes y 100% seguridad de datos suiza","breadcrumb":{"@id":"https:\/\/freygut.ch\/es\/#breadcrumb"},"inLanguage":"es","potentialAction":[{"@type":"ReadAction","target":["https:\/\/freygut.ch\/es\/"]}]},{"@type":"ImageObject","inLanguage":"es","@id":"https:\/\/freygut.ch\/es\/#primaryimage","url":"https:\/\/s.w.org\/images\/core\/emoji\/16.0.1\/svg\/2714.svg","contentUrl":"https:\/\/s.w.org\/images\/core\/emoji\/16.0.1\/svg\/2714.svg"},{"@type":"BreadcrumbList","@id":"https:\/\/freygut.ch\/es\/#breadcrumb","itemListElement":[{"@type":"ListItem","position":1,"name":"Startseite","item":"https:\/\/freygut.ch\/es\/"},{"@type":"ListItem","position":2,"name":"Inicio"}]},{"@type":"WebSite","@id":"https:\/\/freygut.ch\/es\/#website","url":"https:\/\/freygut.ch\/es\/","name":"freygut.ch","description":"FREYGUT ACCOUNTING \u2013 Digitale Buchhaltung, Forensik &amp; Transaktionsberatung aus Z\u00fcrich. Ihr Schweizer Partner f\u00fcr Buchhaltung, Forensik, Transaktionen und Treuhand \u2013 100\u202f% digital, 100\u202f% diskret, 100\u202f% verl\u00e4sslich.","publisher":{"@id":"https:\/\/freygut.ch\/es\/#organization"},"potentialAction":[{"@type":"SearchAction","target":{"@type":"EntryPoint","urlTemplate":"https:\/\/freygut.ch\/es\/?s={search_term_string}"},"query-input":{"@type":"PropertyValueSpecification","valueRequired":true,"valueName":"search_term_string"}}],"inLanguage":"es"},{"@type":"Organization","@id":"https:\/\/freygut.ch\/es\/#organization","name":"freygut.ch","url":"https:\/\/freygut.ch\/es\/","logo":{"@type":"ImageObject","inLanguage":"es","@id":"https:\/\/freygut.ch\/es\/#\/schema\/logo\/image\/","url":"https:\/\/freygut.ch\/wp-content\/uploads\/2025\/07\/FRY_Logo-FRY-ACC-e1753882146163.png","contentUrl":"https:\/\/freygut.ch\/wp-content\/uploads\/2025\/07\/FRY_Logo-FRY-ACC-e1753882146163.png","width":1766,"height":163,"caption":"freygut.ch"},"image":{"@id":"https:\/\/freygut.ch\/es\/#\/schema\/logo\/image\/"}}]}},"_links":{"self":[{"href":"https:\/\/freygut.ch\/es\/wp-json\/wp\/v2\/pages\/367","targetHints":{"allow":["GET"]}}],"collection":[{"href":"https:\/\/freygut.ch\/es\/wp-json\/wp\/v2\/pages"}],"about":[{"href":"https:\/\/freygut.ch\/es\/wp-json\/wp\/v2\/types\/page"}],"author":[{"embeddable":true,"href":"https:\/\/freygut.ch\/es\/wp-json\/wp\/v2\/users\/1"}],"replies":[{"embeddable":true,"href":"https:\/\/freygut.ch\/es\/wp-json\/wp\/v2\/comments?post=367"}],"version-history":[{"count":27,"href":"https:\/\/freygut.ch\/es\/wp-json\/wp\/v2\/pages\/367\/revisions"}],"predecessor-version":[{"id":2119,"href":"https:\/\/freygut.ch\/es\/wp-json\/wp\/v2\/pages\/367\/revisions\/2119"}],"wp:attachment":[{"href":"https:\/\/freygut.ch\/es\/wp-json\/wp\/v2\/media?parent=367"}],"curies":[{"name":"wp","href":"https:\/\/api.w.org\/{rel}","templated":true}]}}